{"id":10911,"date":"2025-09-10T14:32:18","date_gmt":"2025-09-10T13:32:18","guid":{"rendered":"https:\/\/lexonstream.com\/?page_id=10911"},"modified":"2025-10-01T11:17:32","modified_gmt":"2025-10-01T10:17:32","slug":"geri-odeme-politikasi","status":"publish","type":"page","link":"https:\/\/lexonstream.com\/tr\/geri-odeme-politikasi\/","title":{"rendered":"Geri \u00d6deme Politikas\u0131"},"content":{"rendered":"<div class=\"wpb-content-wrapper\"><section class=\"vc_section\"><div class=\"vc_row wpb_row vc_row-fluid\"><div class=\"wpb_column vc_column_container vc_col-sm-12\"><div class=\"vc_column-inner\"><div class=\"wpb_wrapper\">\n\t<div class=\"wpb_text_column wpb_content_element\" >\n\t\t<div class=\"wpb_wrapper\">\n\t\t\t<p data-start=\"131\" data-end=\"321\">Se\u00e7ti\u011finiz i\u00e7in te\u015fekk\u00fcr ederiz. <strong data-start=\"154\" data-end=\"169\">LexonStream<\/strong>. G\u00fcveninize de\u011fer veriyoruz ve sorunsuz ve g\u00fcvenilir bir IPTV deneyimi sunmak i\u00e7in \u00e7al\u0131\u015f\u0131yoruz. L\u00fctfen sat\u0131n alma i\u015fleminden \u00f6nce iade politikam\u0131z\u0131 dikkatlice inceleyin.<\/p>\n<hr data-start=\"323\" data-end=\"326\" \/>\n<h2 data-start=\"328\" data-end=\"363\">\u0130ade ve De\u011fi\u015fiklik Politikas\u0131<\/h2>\n<ul>\n<li data-start=\"366\" data-end=\"461\">Aboneli\u011finiz tamamland\u0131ktan sonra <strong data-start=\"398\" data-end=\"411\">etkinle\u015ftirildi<\/strong>, Geri \u00f6demeler veya de\u011fi\u015fiklikler <strong data-start=\"442\" data-end=\"458\">m\u00fcmk\u00fcn de\u011fil<\/strong>.<\/li>\n<li>LexonStream \u015funlar\u0131 sa\u011flar: <strong data-start=\"298\" data-end=\"320\">24 saatlik \u00fccretsiz deneme<\/strong> Bu sayede sat\u0131n alma i\u015fleminden \u00f6nce hizmetimizi test edebilirsiniz. Bu nedenle, abonelik etkinle\u015ftirildikten sonra para iadesi yap\u0131lmamaktad\u0131r.<\/li>\n<li data-start=\"464\" data-end=\"588\">LexonStream&#039;in sorumlulu\u011fu, sat\u0131n alma s\u0131ras\u0131nda se\u00e7ti\u011finiz s\u00fcre boyunca aboneli\u011finizi etkinle\u015ftirmekle s\u0131n\u0131rl\u0131d\u0131r.<\/li>\n<li data-start=\"591\" data-end=\"713\">Etkinle\u015ftirildikten sonra size bir e-posta g\u00f6nderece\u011fiz. <strong data-start=\"623\" data-end=\"645\">onay e-postas\u0131 <\/strong>Kay\u0131tl\u0131 e-posta adresinize.<\/li>\n<\/ul>\n<hr data-start=\"715\" data-end=\"718\" \/>\n<h2 data-start=\"720\" data-end=\"743\">Aktivasyon S\u00fcreci<\/h2>\n<ul data-start=\"744\" data-end=\"935\">\n<li data-start=\"744\" data-end=\"846\">\n<p data-start=\"746\" data-end=\"846\">IPTV aboneli\u011finizi en k\u0131sa s\u00fcrede etkinle\u015ftirmeyi ve size sunmay\u0131 hedefliyoruz. <strong data-start=\"807\" data-end=\"819\">24 saat<\/strong> Sipari\u015finizi ald\u0131ktan sonra.<\/p>\n<\/li>\n<li data-start=\"847\" data-end=\"935\">\n<p data-start=\"849\" data-end=\"935\">Sorunsuz aktivasyon i\u00e7in l\u00fctfen bilgilerinizi verin. <strong data-start=\"898\" data-end=\"913\">cihaz t\u00fcr\u00fc<\/strong> Sipari\u015f notlar\u0131nda.<\/p>\n<\/li>\n<\/ul>\n<hr data-start=\"937\" data-end=\"940\" \/>\n<h2 data-start=\"942\" data-end=\"965\">Cihaz Bilgileri<\/h2>\n<ul data-start=\"966\" data-end=\"1163\">\n<li data-start=\"966\" data-end=\"1061\">\n<p data-start=\"968\" data-end=\"1061\">Cihaz bilgileri sa\u011flanmazsa, bir hata mesaj\u0131 yay\u0131nlayaca\u011f\u0131z. <strong data-start=\"1020\" data-end=\"1036\">M3U oynatma listesi<\/strong> varsay\u0131lan format olarak.<\/p>\n<\/li>\n<li data-start=\"1062\" data-end=\"1163\">\n<p data-start=\"1064\" data-end=\"1163\">Bir format teslim edildikten sonra, onu de\u011fi\u015ftiremeyiz veya ba\u015fka bir formatta yedek sa\u011flayamay\u0131z.<\/p>\n<\/li>\n<\/ul>\n<hr data-start=\"1165\" data-end=\"1168\" \/>\n<h2 data-start=\"1170\" data-end=\"1205\">\u0130\u00e7erik ve Hizmet Sorumluluk Reddi Beyan\u0131<\/h2>\n<p data-start=\"1206\" data-end=\"1220\">L\u00fctfen akl\u0131n\u0131zda bulundurun:<\/p>\n<ul data-start=\"1222\" data-end=\"1401\">\n<li data-start=\"1222\" data-end=\"1307\">\n<p data-start=\"1224\" data-end=\"1307\">LexonStream, IPTV hizmetleri arac\u0131l\u0131\u011f\u0131yla sunulan i\u00e7eri\u011fi bar\u0131nd\u0131rmaz veya kontrol etmez.<\/p>\n<\/li>\n<li data-start=\"1308\" data-end=\"1401\">\n<p data-start=\"1310\" data-end=\"1401\">\u00dc\u00e7\u00fcnc\u00fc taraflarca sa\u011flanan i\u00e7eriklerin kalitesi, kullan\u0131labilirli\u011fi veya yasall\u0131\u011f\u0131 konusunda sorumluluk kabul etmiyoruz.<\/p>\n<\/li>\n<\/ul>\n<hr data-start=\"1403\" data-end=\"1406\" \/>\n<h2 data-start=\"1408\" data-end=\"1432\">\u0130leti\u015fim Bilgileri<\/h2>\n<p data-start=\"1433\" data-end=\"1505\">Bu iade politikas\u0131yla ilgili herhangi bir sorunuz varsa, l\u00fctfen bizimle ileti\u015fime ge\u00e7in:<\/p>\n<p data-start=\"1507\" data-end=\"1595\"><a class=\"decorated-link cursor-pointer\" rel=\"noopener\" data-start=\"1512\" data-end=\"1535\">destek@lexonstream.com<\/a><br data-start=\"1537\" data-end=\"1540\" \/><a class=\"decorated-link cursor-pointer\" href=\"https:\/\/lexonstream.com\/tr\/iletisim\/\" target=\"_new\" rel=\"noopener\" data-start=\"1543\" data-end=\"1593\">www.lexonstream.com<\/a><\/p>\n\n\t\t<\/div>\n\t<\/div>\n<\/div><\/div><\/div><\/div><\/section>\n<\/div>","protected":false},"excerpt":{"rendered":"Thank you for choosing LexonStream. We value your trust and strive to provide a smooth and reliable IPTV experience. Please review our refund policy carefully before making a purchase. Refund and Modification Policy Once your subscription has been activated, refunds or modifications are not possible. LexonStream provides a 24-hour free trial so you can test our service before making a purchase. For this reason, refunds are not offered after a subscription has been activated. LexonStream\u2019s responsibility is limited to activating your subscription for the duration selected at the time of purchase. Upon activation, we will send a confirmation email to your registered email address. Activation Process We aim to activate and deliver your IPTV subscription within 24 hours of receiving your order. To ensure smooth activation, please provide your device [...]","protected":false},"author":1,"featured_media":0,"parent":0,"menu_order":0,"comment_status":"closed","ping_status":"closed","template":"","meta":{"footnotes":""},"class_list":["post-10911","page","type-page","status-publish","hentry"],"yoast_head":"<!-- This site is optimized with the Yoast SEO plugin v27.4 - https:\/\/yoast.com\/product\/yoast-seo-wordpress\/ -->\n<title>Refund Policy - LexonStream<\/title>\n<meta name=\"robots\" content=\"noindex, follow\" \/>\n<meta property=\"og:locale\" content=\"tr_TR\" \/>\n<meta property=\"og:type\" content=\"article\" \/>\n<meta property=\"og:title\" content=\"Refund Policy - LexonStream\" \/>\n<meta property=\"og:url\" content=\"https:\/\/lexonstream.com\/tr\/geri-odeme-politikasi\/\" \/>\n<meta property=\"og:site_name\" content=\"LexonStream\" \/>\n<meta property=\"article:modified_time\" content=\"2025-10-01T10:17:32+00:00\" \/>\n<meta name=\"twitter:card\" content=\"summary_large_image\" \/>\n<meta name=\"twitter:label1\" content=\"Tahmini okuma s\u00fcresi\" \/>\n\t<meta name=\"twitter:data1\" content=\"1 dakika\" \/>\n<script type=\"application\/ld+json\" class=\"yoast-schema-graph\">{\"@context\":\"https:\\\/\\\/schema.org\",\"@graph\":[{\"@type\":\"WebPage\",\"@id\":\"https:\\\/\\\/lexonstream.com\\\/refund-policy\\\/\",\"url\":\"https:\\\/\\\/lexonstream.com\\\/refund-policy\\\/\",\"name\":\"Refund Policy - LexonStream\",\"isPartOf\":{\"@id\":\"https:\\\/\\\/lexonstream.com\\\/#website\"},\"datePublished\":\"2025-09-10T13:32:18+00:00\",\"dateModified\":\"2025-10-01T10:17:32+00:00\",\"breadcrumb\":{\"@id\":\"https:\\\/\\\/lexonstream.com\\\/refund-policy\\\/#breadcrumb\"},\"inLanguage\":\"tr\",\"potentialAction\":[{\"@type\":\"ReadAction\",\"target\":[\"https:\\\/\\\/lexonstream.com\\\/refund-policy\\\/\"]}]},{\"@type\":\"BreadcrumbList\",\"@id\":\"https:\\\/\\\/lexonstream.com\\\/refund-policy\\\/#breadcrumb\",\"itemListElement\":[{\"@type\":\"ListItem\",\"position\":1,\"name\":\"Home\",\"item\":\"https:\\\/\\\/lexonstream.com\\\/\"},{\"@type\":\"ListItem\",\"position\":2,\"name\":\"Refund Policy\"}]},{\"@type\":\"WebSite\",\"@id\":\"https:\\\/\\\/lexonstream.com\\\/#website\",\"url\":\"https:\\\/\\\/lexonstream.com\\\/\",\"name\":\"LexonStream\",\"description\":\"Premium IPTV Subscription Worldwide\",\"publisher\":{\"@id\":\"https:\\\/\\\/lexonstream.com\\\/#organization\"},\"potentialAction\":[{\"@type\":\"SearchAction\",\"target\":{\"@type\":\"EntryPoint\",\"urlTemplate\":\"https:\\\/\\\/lexonstream.com\\\/?s={search_term_string}\"},\"query-input\":{\"@type\":\"PropertyValueSpecification\",\"valueRequired\":true,\"valueName\":\"search_term_string\"}}],\"inLanguage\":\"tr\"},{\"@type\":\"Organization\",\"@id\":\"https:\\\/\\\/lexonstream.com\\\/#organization\",\"name\":\"LexonStream\",\"url\":\"https:\\\/\\\/lexonstream.com\\\/\",\"logo\":{\"@type\":\"ImageObject\",\"inLanguage\":\"tr\",\"@id\":\"https:\\\/\\\/lexonstream.com\\\/#\\\/schema\\\/logo\\\/image\\\/\",\"url\":\"https:\\\/\\\/lexonstream.com\\\/wp-content\\\/uploads\\\/2025\\\/09\\\/LexonStream-Logo-Black-1.png\",\"contentUrl\":\"https:\\\/\\\/lexonstream.com\\\/wp-content\\\/uploads\\\/2025\\\/09\\\/LexonStream-Logo-Black-1.png\",\"width\":1000,\"height\":390,\"caption\":\"LexonStream\"},\"image\":{\"@id\":\"https:\\\/\\\/lexonstream.com\\\/#\\\/schema\\\/logo\\\/image\\\/\"}}]}<\/script>\n<!-- \/ Yoast SEO plugin. -->","yoast_head_json":{"title":"\u0130ade Politikas\u0131 - LexonStream","robots":{"index":"noindex","follow":"follow"},"og_locale":"tr_TR","og_type":"article","og_title":"Refund Policy - LexonStream","og_url":"https:\/\/lexonstream.com\/tr\/geri-odeme-politikasi\/","og_site_name":"LexonStream","article_modified_time":"2025-10-01T10:17:32+00:00","twitter_card":"summary_large_image","twitter_misc":{"Tahmini okuma s\u00fcresi":"1 dakika"},"schema":{"@context":"https:\/\/schema.org","@graph":[{"@type":"WebPage","@id":"https:\/\/lexonstream.com\/refund-policy\/","url":"https:\/\/lexonstream.com\/refund-policy\/","name":"\u0130ade Politikas\u0131 - LexonStream","isPartOf":{"@id":"https:\/\/lexonstream.com\/#website"},"datePublished":"2025-09-10T13:32:18+00:00","dateModified":"2025-10-01T10:17:32+00:00","breadcrumb":{"@id":"https:\/\/lexonstream.com\/refund-policy\/#breadcrumb"},"inLanguage":"tr","potentialAction":[{"@type":"ReadAction","target":["https:\/\/lexonstream.com\/refund-policy\/"]}]},{"@type":"BreadcrumbList","@id":"https:\/\/lexonstream.com\/refund-policy\/#breadcrumb","itemListElement":[{"@type":"ListItem","position":1,"name":"Home","item":"https:\/\/lexonstream.com\/"},{"@type":"ListItem","position":2,"name":"Refund Policy"}]},{"@type":"WebSite","@id":"https:\/\/lexonstream.com\/#website","url":"https:\/\/lexonstream.com\/","name":"LexonStream","description":"D\u00fcnya Genelinde Premium IPTV Aboneli\u011fi","publisher":{"@id":"https:\/\/lexonstream.com\/#organization"},"potentialAction":[{"@type":"SearchAction","target":{"@type":"EntryPoint","urlTemplate":"https:\/\/lexonstream.com\/?s={search_term_string}"},"query-input":{"@type":"PropertyValueSpecification","valueRequired":true,"valueName":"search_term_string"}}],"inLanguage":"tr"},{"@type":"Organization","@id":"https:\/\/lexonstream.com\/#organization","name":"LexonStream","url":"https:\/\/lexonstream.com\/","logo":{"@type":"ImageObject","inLanguage":"tr","@id":"https:\/\/lexonstream.com\/#\/schema\/logo\/image\/","url":"https:\/\/lexonstream.com\/wp-content\/uploads\/2025\/09\/LexonStream-Logo-Black-1.png","contentUrl":"https:\/\/lexonstream.com\/wp-content\/uploads\/2025\/09\/LexonStream-Logo-Black-1.png","width":1000,"height":390,"caption":"LexonStream"},"image":{"@id":"https:\/\/lexonstream.com\/#\/schema\/logo\/image\/"}}]}},"_links":{"self":[{"href":"https:\/\/lexonstream.com\/tr\/wp-json\/wp\/v2\/pages\/10911","targetHints":{"allow":["GET"]}}],"collection":[{"href":"https:\/\/lexonstream.com\/tr\/wp-json\/wp\/v2\/pages"}],"about":[{"href":"https:\/\/lexonstream.com\/tr\/wp-json\/wp\/v2\/types\/page"}],"author":[{"embeddable":true,"href":"https:\/\/lexonstream.com\/tr\/wp-json\/wp\/v2\/users\/1"}],"replies":[{"embeddable":true,"href":"https:\/\/lexonstream.com\/tr\/wp-json\/wp\/v2\/comments?post=10911"}],"version-history":[{"count":1,"href":"https:\/\/lexonstream.com\/tr\/wp-json\/wp\/v2\/pages\/10911\/revisions"}],"predecessor-version":[{"id":11403,"href":"https:\/\/lexonstream.com\/tr\/wp-json\/wp\/v2\/pages\/10911\/revisions\/11403"}],"wp:attachment":[{"href":"https:\/\/lexonstream.com\/tr\/wp-json\/wp\/v2\/media?parent=10911"}],"curies":[{"name":"wp","href":"https:\/\/api.w.org\/{rel}","templated":true}]}}