{"id":10890,"date":"2025-09-10T13:46:56","date_gmt":"2025-09-10T12:46:56","guid":{"rendered":"https:\/\/lexonstream.com\/?page_id=10890"},"modified":"2025-10-01T11:09:41","modified_gmt":"2025-10-01T10:09:41","slug":"dmca-politikasi","status":"publish","type":"page","link":"https:\/\/lexonstream.com\/tr\/dmca-politikasi\/","title":{"rendered":"DMCA Politikas\u0131"},"content":{"rendered":"<div class=\"wpb-content-wrapper\"><section class=\"vc_section\"><div class=\"vc_row wpb_row vc_row-fluid\"><div class=\"wpb_column vc_column_container vc_col-sm-12\"><div class=\"vc_column-inner\"><div class=\"wpb_wrapper\">\n\t<div class=\"wpb_text_column wpb_content_element\" >\n\t\t<div class=\"wpb_wrapper\">\n\t\t\t<p data-start=\"152\" data-end=\"411\">LexonStream, kullan\u0131c\u0131lara ba\u011f\u0131ms\u0131z \u00fc\u00e7\u00fcnc\u00fc taraf sa\u011flay\u0131c\u0131lar taraf\u0131ndan sunulan IPTV hizmetlerine eri\u015fim sa\u011flayan bir teknoloji platformudur. Sunucular\u0131m\u0131zda herhangi bir i\u00e7erik bar\u0131nd\u0131rm\u0131yor, saklam\u0131yor veya iletmiyoruz. T\u00fcm medya, yasal hak sahiplerinin m\u00fclkiyetindedir.<\/p>\n<p data-start=\"413\" data-end=\"653\">LexonStream, fikri m\u00fclkiyet haklar\u0131na sayg\u0131 duyar ve Dijital Biny\u0131l Telif Hakk\u0131 Yasas\u0131&#039;na (DMCA) uymay\u0131 taahh\u00fct eder. Bu politika, telif hakk\u0131 ihlali iddialar\u0131n\u0131 bildirme ve bunlara yan\u0131t verme konusunda izledi\u011fimiz prosed\u00fcrleri a\u00e7\u0131klamaktad\u0131r.<\/p>\n<p data-start=\"655\" data-end=\"958\">LexonStream, \u00fc\u00e7\u00fcnc\u00fc taraf sa\u011flay\u0131c\u0131lar\u0131n i\u00e7eri\u011fi, eri\u015filebilirli\u011fi, gizlilik politikalar\u0131 veya uygulamalar\u0131 \u00fczerinde hi\u00e7bir kontrol\u00fc bulunmamaktad\u0131r ve bunlardan hi\u00e7bir sorumluluk \u00fcstlenmemektedir. Harici kaynaklar arac\u0131l\u0131\u011f\u0131yla sunulan i\u00e7erikle ilgili telif hakk\u0131 sorunlar\u0131, orijinal hak sahiplerine veya hizmet sa\u011flay\u0131c\u0131lar\u0131na y\u00f6nlendirilmelidir.<\/p>\n<hr data-start=\"784\" data-end=\"787\" \/>\n<h2 data-start=\"789\" data-end=\"826\">Dijital Biny\u0131l Telif Hakk\u0131 Yasas\u0131<\/h2>\n<p data-start=\"828\" data-end=\"1056\">O <strong data-start=\"832\" data-end=\"840\">DMCA<\/strong>, 1998&#039;de y\u00fcr\u00fcrl\u00fc\u011fe giren yasa, dijital \u00e7a\u011fda, \u00f6zellikle \u00e7evrimi\u00e7i ortamlarda telif hakk\u0131 sorunlar\u0131n\u0131 ele almaktad\u0131r. Yarat\u0131c\u0131lar\u0131n, teknoloji \u015firketlerinin ve t\u00fcketicilerin haklar\u0131n\u0131 dengelemek i\u00e7in \u00f6nemli h\u00fck\u00fcmler getirmektedir.<\/p>\n<p data-start=\"1058\" data-end=\"1093\">DMCA&#039;n\u0131n temel unsurlar\u0131 \u015funlard\u0131r:<\/p>\n<ul data-start=\"1094\" data-end=\"1545\">\n<li data-start=\"1094\" data-end=\"1258\">\n<p data-start=\"1096\" data-end=\"1258\"><strong data-start=\"1096\" data-end=\"1122\">G\u00fcvenli Liman H\u00fck\u00fcmleri<\/strong> \u2013 Hizmet sa\u011flay\u0131c\u0131lar, bildirim ve kald\u0131rma s\u00fcrecini s\u00fcrd\u00fcrmeleri ko\u015fuluyla, kullan\u0131c\u0131 taraf\u0131ndan olu\u015fturulan i\u00e7erikten kaynaklanan sorumluluktan korunabilirler.<\/p>\n<\/li>\n<li data-start=\"1259\" data-end=\"1393\">\n<p data-start=\"1261\" data-end=\"1393\"><strong data-start=\"1261\" data-end=\"1285\">Adil Kullan\u0131m Korumalar\u0131<\/strong> \u2013 Telif hakk\u0131yla korunan materyallerin e\u011fitim, yorum, ele\u015ftiri ve haber ama\u00e7l\u0131 yasal kullan\u0131m\u0131n\u0131 sa\u011flar.<\/p>\n<\/li>\n<li data-start=\"1394\" data-end=\"1545\">\n<p data-start=\"1396\" data-end=\"1545\"><strong data-start=\"1396\" data-end=\"1419\">Bildirim ve Kald\u0131rma<\/strong> \u2013 Telif hakk\u0131 sahipleri, uzun yasal s\u00fcre\u00e7lere gerek kalmadan, izinsiz i\u00e7eriklerin kald\u0131r\u0131lmas\u0131 i\u00e7in h\u0131zl\u0131 bir \u015fekilde kald\u0131rma talebinde bulunabilirler.<\/p>\n<\/li>\n<\/ul>\n<p data-start=\"1547\" data-end=\"1653\">DMCA ayn\u0131 zamanda k\u00fcresel telif hakk\u0131 standartlar\u0131n\u0131 da etkileyerek, i\u00e7erik \u00fcreticilerinin eserlerini s\u0131n\u0131r \u00f6tesinde korumalar\u0131na yard\u0131mc\u0131 oluyor.<\/p>\n<hr data-start=\"1655\" data-end=\"1658\" \/>\n<h2 data-start=\"1660\" data-end=\"1695\">LexonStream Hizmeti Sorumluluk Reddi Beyan\u0131<\/h2>\n<ol data-start=\"1697\" data-end=\"2377\">\n<li data-start=\"1697\" data-end=\"1847\">\n<p data-start=\"1700\" data-end=\"1847\"><strong data-start=\"1700\" data-end=\"1727\">Yaln\u0131zca Yetkilendirilmi\u015f \u0130\u00e7erik<\/strong> \u2013 LexonStream, yet\u6388\u6743li IPTV hizmetlerini tan\u0131tmaktad\u0131r. Biz bir da\u011f\u0131t\u0131mc\u0131y\u0131z ve hi\u00e7bir i\u00e7eri\u011fin sahipli\u011fini iddia etmiyoruz.<\/p>\n<\/li>\n<li data-start=\"1848\" data-end=\"2004\">\n<p data-start=\"1851\" data-end=\"2004\"><strong data-start=\"1851\" data-end=\"1872\">Do\u011frudan bar\u0131nd\u0131rma yok<\/strong> \u2013 LexonStream medya ak\u0131\u015flar\u0131n\u0131 veya dosyalar\u0131n\u0131 bar\u0131nd\u0131rmaz, saklamaz veya yay\u0131nlamaz. T\u00fcm i\u00e7erik, yasal sahiplerinin m\u00fclkiyetinde kal\u0131r.<\/p>\n<\/li>\n<li data-start=\"2005\" data-end=\"2180\">\n<p data-start=\"2008\" data-end=\"2180\"><strong data-start=\"2008\" data-end=\"2028\">D\u0131\u015f Kaynaklar<\/strong> \u2013 LexonStream \u00fczerinden eri\u015filen i\u00e7erikler harici sa\u011flay\u0131c\u0131lardan kaynaklan\u0131yor olabilir. Telif hakk\u0131 sorunlar\u0131 do\u011frudan bu sa\u011flay\u0131c\u0131larla g\u00f6r\u00fc\u015f\u00fclmelidir.<\/p>\n<\/li>\n<li data-start=\"2181\" data-end=\"2377\">\n<p data-start=\"2184\" data-end=\"2377\"><strong data-start=\"2184\" data-end=\"2230\">\u00dc\u00e7\u00fcnc\u00fc Taraf Ticari Markalar\u0131yla \u0130li\u015fki Yoktur<\/strong> \u2013 \u0130\u00e7erikte yer alan logolar, hizmet markalar\u0131 veya marka adlar\u0131 ilgili sahiplerine aittir. LexonStream&#039;in bunlarla herhangi bir ba\u011flant\u0131s\u0131 bulunmamaktad\u0131r.<\/p>\n<\/li>\n<\/ol>\n<hr data-start=\"2379\" data-end=\"2382\" \/>\n<h2 data-start=\"2384\" data-end=\"2406\">\u0130\u00e7erik Sahipli\u011fi<\/h2>\n<p data-start=\"2408\" data-end=\"2602\"><strong data-start=\"2408\" data-end=\"2440\">2.1 Telif Hakk\u0131 Bildirimi<\/strong><br data-start=\"2440\" data-end=\"2443\" \/>LexonStream \u00fczerinden eri\u015filebilen t\u00fcm materyaller, ilgili telif hakk\u0131 sahiplerine aittir. LexonStream, \u00fc\u00e7\u00fcnc\u00fc taraf i\u00e7erikler \u00fczerinde herhangi bir m\u00fclkiyet iddias\u0131nda bulunmaz.<\/p>\n<hr data-start=\"2604\" data-end=\"2607\" \/>\n<h2 data-start=\"2609\" data-end=\"2649\">D\u0131\u015f \u0130\u00e7erikten Sorumluluk<\/h2>\n<p data-start=\"2651\" data-end=\"2850\"><strong data-start=\"2651\" data-end=\"2688\">3.1 D\u0131\u015f Kaynaklardan Gelen \u0130\u00e7erik<\/strong><br data-start=\"2688\" data-end=\"2691\" \/>LexonStream, harici siteler veya hizmetler taraf\u0131ndan sa\u011flanan i\u00e7erikten sorumlu de\u011fildir. Telif hakk\u0131 ihlaliyle ilgili her t\u00fcrl\u00fc \u015fikayet, orijinal sa\u011flay\u0131c\u0131ya y\u00f6nlendirilmelidir.<\/p>\n<p data-start=\"2852\" data-end=\"3033\"><strong data-start=\"2852\" data-end=\"2880\">3.2 S\u0131n\u0131rl\u0131 M\u00fcdahale<\/strong><br data-start=\"2880\" data-end=\"2883\" \/>LexonStream, harici olarak bar\u0131nd\u0131r\u0131lan i\u00e7erikleri kontrol etmez veya kald\u0131rmaz. Harici i\u00e7erik sa\u011flay\u0131c\u0131lar\u0131 ba\u011f\u0131ms\u0131zd\u0131r ve materyallerinden sorumludur.<\/p>\n<hr data-start=\"3035\" data-end=\"3038\" \/>\n<h2 data-start=\"3040\" data-end=\"3067\">Do\u011frudan Yay\u0131n Yok<\/h2>\n<p data-start=\"3069\" data-end=\"3231\"><strong data-start=\"3069\" data-end=\"3097\">5.1 \u00dc\u00e7\u00fcnc\u00fc Taraf Tedarik<\/strong><br data-start=\"3097\" data-end=\"3100\" \/>LexonStream, sunucular\u0131ndan do\u011frudan hi\u00e7bir kanal yay\u0131nlamaz veya yeniden iletmez. \u0130\u00e7erik, \u00fc\u00e7\u00fcnc\u00fc taraf ortaklar taraf\u0131ndan sa\u011flanmaktad\u0131r.<\/p>\n<hr data-start=\"3233\" data-end=\"3236\" \/>\n<h2 data-start=\"3238\" data-end=\"3281\">Telif Hakk\u0131 \u0130hlali Bildirimi<\/h2>\n<p data-start=\"3283\" data-end=\"3427\">Telif hakk\u0131yla korunan eserinizin ihlal te\u015fkil edecek \u015fekilde kullan\u0131ld\u0131\u011f\u0131na inan\u0131yorsan\u0131z, l\u00fctfen bir bildirim g\u00f6nderin. <strong data-start=\"3390\" data-end=\"3414\">DMCA Kald\u0131rma Bildirimi<\/strong> i\u00e7ermek:<\/p>\n<ol data-start=\"3429\" data-end=\"3908\">\n<li data-start=\"3429\" data-end=\"3497\">\n<p data-start=\"3432\" data-end=\"3497\">Telif hakk\u0131 ihlal edildi\u011fi iddia edilen telif hakk\u0131yla korunan eserin tan\u0131mlanmas\u0131.<\/p>\n<\/li>\n<li data-start=\"3498\" data-end=\"3566\">\n<p data-start=\"3501\" data-end=\"3566\">S\u00f6z konusu materyalin tan\u0131mlanmas\u0131 ve web sitemizdeki konumu.<\/p>\n<\/li>\n<li data-start=\"3567\" data-end=\"3687\">\n<p data-start=\"3570\" data-end=\"3687\">\u0130htilafl\u0131 kullan\u0131m\u0131n telif hakk\u0131 sahibi, temsilcisi veya yasa taraf\u0131ndan yetkilendirilmedi\u011fine dair iyi niyetli bir inan\u00e7 beyan\u0131.<\/p>\n<\/li>\n<li data-start=\"3688\" data-end=\"3796\">\n<p data-start=\"3691\" data-end=\"3796\">Yalanc\u0131 \u015fahitlik cezas\u0131 tehdidi alt\u0131nda, telif hakk\u0131 sahibinin ad\u0131na hareket etmeye yetkili oldu\u011funuzu beyan eden bir ifade.<\/p>\n<\/li>\n<li data-start=\"3797\" data-end=\"3864\">\n<p data-start=\"3800\" data-end=\"3864\">\u0130leti\u015fim bilgileriniz (isim, adres, telefon numaras\u0131, e-posta).<\/p>\n<\/li>\n<li data-start=\"3865\" data-end=\"3908\">\n<p data-start=\"3868\" data-end=\"3908\">Fiziksel veya elektronik imzan\u0131z.<\/p>\n<\/li>\n<\/ol>\n<p data-start=\"3910\" data-end=\"3977\">T\u00fcm bildirimler bize g\u00f6nderilmelidir. <strong data-start=\"3944\" data-end=\"3974\">Atanm\u0131\u015f Telif Hakk\u0131 Temsilcisi<\/strong>:<\/p>\n<p data-start=\"3979\" data-end=\"4011\"><strong data-start=\"3982\" data-end=\"4009\"><a class=\"decorated-link cursor-pointer\" rel=\"noopener\" data-start=\"3984\" data-end=\"4007\">destek@lexonstream.com<\/a><\/strong><\/p>\n<hr data-start=\"4013\" data-end=\"4016\" \/>\n<h2 data-start=\"4018\" data-end=\"4043\">Kar\u015f\u0131 Bildirim<\/h2>\n<p data-start=\"4045\" data-end=\"4174\">E\u011fer i\u00e7eri\u011finizin yanl\u0131\u015fl\u0131kla kald\u0131r\u0131ld\u0131\u011f\u0131na inan\u0131yorsan\u0131z, \u015fikayette bulunabilirsiniz. <strong data-start=\"4111\" data-end=\"4135\">Kar\u015f\u0131 Bildirim<\/strong> Telif hakk\u0131 temsilcimizle birlikte, a\u015fa\u011f\u0131dakiler de dahil olmak \u00fczere:<\/p>\n<ul data-start=\"4176\" data-end=\"4505\">\n<li data-start=\"4176\" data-end=\"4228\">\n<p data-start=\"4178\" data-end=\"4228\">Kald\u0131r\u0131lan malzemenin tan\u0131mlanmas\u0131.<\/p>\n<\/li>\n<li data-start=\"4229\" data-end=\"4282\">\n<p data-start=\"4231\" data-end=\"4282\">Ad\u0131n\u0131z, adresiniz, telefon numaran\u0131z ve e-posta adresiniz.<\/p>\n<\/li>\n<li data-start=\"4283\" data-end=\"4377\">\n<p data-start=\"4285\" data-end=\"4377\">\u0130lgili ABD federal b\u00f6lge mahkemesinin yarg\u0131 yetkisini kabul eden bir beyan.<\/p>\n<\/li>\n<li data-start=\"4378\" data-end=\"4462\">\n<p data-start=\"4380\" data-end=\"4462\">S\u00f6z konusu materyalin yanl\u0131\u015fl\u0131kla kald\u0131r\u0131ld\u0131\u011f\u0131na dair yeminli bir beyan.<\/p>\n<\/li>\n<li data-start=\"4463\" data-end=\"4505\">\n<p data-start=\"4465\" data-end=\"4505\">Fiziksel veya elektronik imzan\u0131z.<\/p>\n<\/li>\n<\/ul>\n<p data-start=\"4507\" data-end=\"4665\">Kar\u015f\u0131 bildiriminizi as\u0131l hak sahibine iletece\u011fiz. 10 i\u015f g\u00fcn\u00fc i\u00e7inde dava a\u00e7mad\u0131klar\u0131 takdirde, materyaller yeniden yay\u0131nlanabilir.<\/p>\n<hr data-start=\"4667\" data-end=\"4670\" \/>\n<h2 data-start=\"4672\" data-end=\"4700\">Hesaplar\u0131n Kapat\u0131lmas\u0131<\/h2>\n<p data-start=\"4702\" data-end=\"4845\">LexonStream, telif hakk\u0131n\u0131 veya di\u011fer fikri m\u00fclkiyet haklar\u0131n\u0131 tekrar tekrar ihlal eden kullan\u0131c\u0131 hesaplar\u0131n\u0131 ask\u0131ya alma veya sonland\u0131rma hakk\u0131n\u0131 sakl\u0131 tutar.<\/p>\n<hr data-start=\"4847\" data-end=\"4850\" \/>\n<h2 data-start=\"4852\" data-end=\"4876\">Sorumluluktan Feragat<\/h2>\n<p data-start=\"4878\" data-end=\"5092\">LexonStream, y\u00f6neticileri, \u00e7al\u0131\u015fanlar\u0131 ve i\u015ftirakleri, platformumuzun veya \u00fc\u00e7\u00fcnc\u00fc taraf i\u00e7eri\u011finin kullan\u0131m\u0131ndan kaynaklanan hasar, kay\u0131p veya taleplerden do\u011fan t\u00fcm sorumluluklar\u0131 reddeder. Kullan\u0131c\u0131lar hizmetlerimize kendi riskleri alt\u0131nda eri\u015firler.<\/p>\n<hr data-start=\"5094\" data-end=\"5097\" \/>\n<h2 data-start=\"5099\" data-end=\"5117\">Uygulanacak Hukuk<\/h2>\n<p data-start=\"5119\" data-end=\"5208\">Bu DMCA Politikas\u0131, ge\u00e7erli yasalara g\u00f6re y\u00f6netilecek ve yorumlanacakt\u0131r.<\/p>\n<hr data-start=\"5210\" data-end=\"5213\" \/>\n<h2 data-start=\"5215\" data-end=\"5230\">Bize Ula\u015f\u0131n<\/h2>\n<p data-start=\"5232\" data-end=\"5294\">Bu politikayla ilgili sorular\u0131n\u0131z veya endi\u015feleriniz i\u00e7in l\u00fctfen ileti\u015fime ge\u00e7in:<\/p>\n<p data-start=\"5296\" data-end=\"5384\"><a class=\"decorated-link cursor-pointer\" href=\"mailto:support@lexonstream.com\" rel=\"noopener\" data-start=\"5301\" data-end=\"5324\"> destek@lexonstream.com<\/a><br data-start=\"5326\" data-end=\"5329\" \/><a class=\"decorated-link cursor-pointer\" href=\"https:\/\/lexonstream.com\/tr\/iletisim\/\" target=\"_new\" rel=\"noopener\" data-start=\"5332\" data-end=\"5382\"> www.lexonstream.com<\/a><\/p>\n\n\t\t<\/div>\n\t<\/div>\n<\/div><\/div><\/div><\/div><\/section>\n<\/div>","protected":false},"excerpt":{"rendered":"LexonStream is a technology platform that provides users with access to IPTV services offered by independent third-party providers. We do not host, store, or transmit any content on our servers. All media remains the property of its rightful rights holders. LexonStream respects intellectual property rights and is committed to complying with the Digital Millennium Copyright Act (DMCA). This policy explains the procedures we follow for reporting and responding to copyright infringement claims. LexonStream has no control over, and assumes no responsibility for, the content, availability, privacy policies, or practices of any third-party providers. Any copyright issues regarding content delivered through external sources should be directed to the original rights holders or service providers. Digital Millennium Copyright Act The DMCA, enacted in 1998, addresses copyright challenges in the digital era, particularly [...]","protected":false},"author":1,"featured_media":0,"parent":0,"menu_order":0,"comment_status":"closed","ping_status":"closed","template":"","meta":{"footnotes":""},"class_list":["post-10890","page","type-page","status-publish","hentry"],"yoast_head":"<!-- This site is optimized with the Yoast SEO plugin v26.7 - https:\/\/yoast.com\/wordpress\/plugins\/seo\/ -->\n<title>DMCA Policy - LexonStream<\/title>\n<meta name=\"robots\" content=\"noindex, follow\" \/>\n<meta property=\"og:locale\" content=\"tr_TR\" \/>\n<meta property=\"og:type\" content=\"article\" \/>\n<meta property=\"og:title\" content=\"DMCA Policy - LexonStream\" \/>\n<meta property=\"og:url\" content=\"https:\/\/lexonstream.com\/tr\/dmca-politikasi\/\" \/>\n<meta property=\"og:site_name\" content=\"LexonStream\" \/>\n<meta property=\"article:modified_time\" content=\"2025-10-01T10:09:41+00:00\" \/>\n<meta name=\"twitter:card\" content=\"summary_large_image\" \/>\n<meta name=\"twitter:label1\" content=\"Tahmini okuma s\u00fcresi\" \/>\n\t<meta name=\"twitter:data1\" content=\"4 dakika\" \/>\n<script type=\"application\/ld+json\" class=\"yoast-schema-graph\">{\"@context\":\"https:\/\/schema.org\",\"@graph\":[{\"@type\":\"WebPage\",\"@id\":\"https:\/\/lexonstream.com\/dmca-policy\/\",\"url\":\"https:\/\/lexonstream.com\/dmca-policy\/\",\"name\":\"DMCA Policy - LexonStream\",\"isPartOf\":{\"@id\":\"https:\/\/lexonstream.com\/#website\"},\"datePublished\":\"2025-09-10T12:46:56+00:00\",\"dateModified\":\"2025-10-01T10:09:41+00:00\",\"breadcrumb\":{\"@id\":\"https:\/\/lexonstream.com\/dmca-policy\/#breadcrumb\"},\"inLanguage\":\"tr\",\"potentialAction\":[{\"@type\":\"ReadAction\",\"target\":[\"https:\/\/lexonstream.com\/dmca-policy\/\"]}]},{\"@type\":\"BreadcrumbList\",\"@id\":\"https:\/\/lexonstream.com\/dmca-policy\/#breadcrumb\",\"itemListElement\":[{\"@type\":\"ListItem\",\"position\":1,\"name\":\"Home\",\"item\":\"https:\/\/lexonstream.com\/\"},{\"@type\":\"ListItem\",\"position\":2,\"name\":\"DMCA Policy\"}]},{\"@type\":\"WebSite\",\"@id\":\"https:\/\/lexonstream.com\/#website\",\"url\":\"https:\/\/lexonstream.com\/\",\"name\":\"LexonStream\",\"description\":\"Premium IPTV Subscription Worldwide\",\"publisher\":{\"@id\":\"https:\/\/lexonstream.com\/#organization\"},\"potentialAction\":[{\"@type\":\"SearchAction\",\"target\":{\"@type\":\"EntryPoint\",\"urlTemplate\":\"https:\/\/lexonstream.com\/?s={search_term_string}\"},\"query-input\":{\"@type\":\"PropertyValueSpecification\",\"valueRequired\":true,\"valueName\":\"search_term_string\"}}],\"inLanguage\":\"tr\"},{\"@type\":\"Organization\",\"@id\":\"https:\/\/lexonstream.com\/#organization\",\"name\":\"LexonStream\",\"url\":\"https:\/\/lexonstream.com\/\",\"logo\":{\"@type\":\"ImageObject\",\"inLanguage\":\"tr\",\"@id\":\"https:\/\/lexonstream.com\/#\/schema\/logo\/image\/\",\"url\":\"https:\/\/lexonstream.com\/wp-content\/uploads\/2025\/09\/LexonStream-Logo-Black-1.png\",\"contentUrl\":\"https:\/\/lexonstream.com\/wp-content\/uploads\/2025\/09\/LexonStream-Logo-Black-1.png\",\"width\":1000,\"height\":390,\"caption\":\"LexonStream\"},\"image\":{\"@id\":\"https:\/\/lexonstream.com\/#\/schema\/logo\/image\/\"}}]}<\/script>\n<!-- \/ Yoast SEO plugin. -->","yoast_head_json":{"title":"DMCA Politikas\u0131 - LexonStream","robots":{"index":"noindex","follow":"follow"},"og_locale":"tr_TR","og_type":"article","og_title":"DMCA Policy - LexonStream","og_url":"https:\/\/lexonstream.com\/tr\/dmca-politikasi\/","og_site_name":"LexonStream","article_modified_time":"2025-10-01T10:09:41+00:00","twitter_card":"summary_large_image","twitter_misc":{"Tahmini okuma s\u00fcresi":"4 dakika"},"schema":{"@context":"https:\/\/schema.org","@graph":[{"@type":"WebPage","@id":"https:\/\/lexonstream.com\/dmca-policy\/","url":"https:\/\/lexonstream.com\/dmca-policy\/","name":"DMCA Politikas\u0131 - LexonStream","isPartOf":{"@id":"https:\/\/lexonstream.com\/#website"},"datePublished":"2025-09-10T12:46:56+00:00","dateModified":"2025-10-01T10:09:41+00:00","breadcrumb":{"@id":"https:\/\/lexonstream.com\/dmca-policy\/#breadcrumb"},"inLanguage":"tr","potentialAction":[{"@type":"ReadAction","target":["https:\/\/lexonstream.com\/dmca-policy\/"]}]},{"@type":"BreadcrumbList","@id":"https:\/\/lexonstream.com\/dmca-policy\/#breadcrumb","itemListElement":[{"@type":"ListItem","position":1,"name":"Home","item":"https:\/\/lexonstream.com\/"},{"@type":"ListItem","position":2,"name":"DMCA Policy"}]},{"@type":"WebSite","@id":"https:\/\/lexonstream.com\/#website","url":"https:\/\/lexonstream.com\/","name":"LexonStream","description":"D\u00fcnya Genelinde Premium IPTV Aboneli\u011fi","publisher":{"@id":"https:\/\/lexonstream.com\/#organization"},"potentialAction":[{"@type":"SearchAction","target":{"@type":"EntryPoint","urlTemplate":"https:\/\/lexonstream.com\/?s={search_term_string}"},"query-input":{"@type":"PropertyValueSpecification","valueRequired":true,"valueName":"search_term_string"}}],"inLanguage":"tr"},{"@type":"Organization","@id":"https:\/\/lexonstream.com\/#organization","name":"LexonStream","url":"https:\/\/lexonstream.com\/","logo":{"@type":"ImageObject","inLanguage":"tr","@id":"https:\/\/lexonstream.com\/#\/schema\/logo\/image\/","url":"https:\/\/lexonstream.com\/wp-content\/uploads\/2025\/09\/LexonStream-Logo-Black-1.png","contentUrl":"https:\/\/lexonstream.com\/wp-content\/uploads\/2025\/09\/LexonStream-Logo-Black-1.png","width":1000,"height":390,"caption":"LexonStream"},"image":{"@id":"https:\/\/lexonstream.com\/#\/schema\/logo\/image\/"}}]}},"_links":{"self":[{"href":"https:\/\/lexonstream.com\/tr\/wp-json\/wp\/v2\/pages\/10890","targetHints":{"allow":["GET"]}}],"collection":[{"href":"https:\/\/lexonstream.com\/tr\/wp-json\/wp\/v2\/pages"}],"about":[{"href":"https:\/\/lexonstream.com\/tr\/wp-json\/wp\/v2\/types\/page"}],"author":[{"embeddable":true,"href":"https:\/\/lexonstream.com\/tr\/wp-json\/wp\/v2\/users\/1"}],"replies":[{"embeddable":true,"href":"https:\/\/lexonstream.com\/tr\/wp-json\/wp\/v2\/comments?post=10890"}],"version-history":[{"count":1,"href":"https:\/\/lexonstream.com\/tr\/wp-json\/wp\/v2\/pages\/10890\/revisions"}],"predecessor-version":[{"id":11373,"href":"https:\/\/lexonstream.com\/tr\/wp-json\/wp\/v2\/pages\/10890\/revisions\/11373"}],"wp:attachment":[{"href":"https:\/\/lexonstream.com\/tr\/wp-json\/wp\/v2\/media?parent=10890"}],"curies":[{"name":"wp","href":"https:\/\/api.w.org\/{rel}","templated":true}]}}