{"id":10911,"date":"2025-09-10T14:32:18","date_gmt":"2025-09-10T13:32:18","guid":{"rendered":"https:\/\/lexonstream.com\/?page_id=10911"},"modified":"2025-10-01T11:17:32","modified_gmt":"2025-10-01T10:17:32","slug":"politica-de-reembolso","status":"publish","type":"page","link":"https:\/\/lexonstream.com\/pt\/politica-de-reembolso\/","title":{"rendered":"Pol\u00edtica de reembolso"},"content":{"rendered":"<div class=\"wpb-content-wrapper\"><section class=\"vc_section\"><div class=\"vc_row wpb_row vc_row-fluid\"><div class=\"wpb_column vc_column_container vc_col-sm-12\"><div class=\"vc_column-inner\"><div class=\"wpb_wrapper\">\n\t<div class=\"wpb_text_column wpb_content_element\" >\n\t\t<div class=\"wpb_wrapper\">\n\t\t\t<p data-start=\"131\" data-end=\"321\">Obrigado por escolher <strong data-start=\"154\" data-end=\"169\">LexonStream<\/strong>. Valorizamos a sua confian\u00e7a e nos esfor\u00e7amos para proporcionar uma experi\u00eancia de IPTV tranquila e confi\u00e1vel. Por favor, leia atentamente nossa pol\u00edtica de reembolso antes de efetuar a compra.<\/p>\n<hr data-start=\"323\" data-end=\"326\" \/>\n<h2 data-start=\"328\" data-end=\"363\">Pol\u00edtica de Reembolso e Modifica\u00e7\u00e3o<\/h2>\n<ul>\n<li data-start=\"366\" data-end=\"461\">Assim que sua assinatura for ativada <strong data-start=\"398\" data-end=\"411\">ativado<\/strong>, reembolsos ou altera\u00e7\u00f5es s\u00e3o <strong data-start=\"442\" data-end=\"458\">n\u00e3o \u00e9 poss\u00edvel<\/strong>.<\/li>\n<li>LexonStream fornece um <strong data-start=\"298\" data-end=\"320\">Teste gr\u00e1tis por 24 horas<\/strong> Assim, voc\u00ea pode testar nosso servi\u00e7o antes de efetuar a compra. Por esse motivo, n\u00e3o oferecemos reembolsos ap\u00f3s a ativa\u00e7\u00e3o da assinatura.<\/li>\n<li data-start=\"464\" data-end=\"588\">A responsabilidade da LexonStream se limita a ativar sua assinatura pelo per\u00edodo selecionado no momento da compra.<\/li>\n<li data-start=\"591\" data-end=\"713\">Ap\u00f3s a ativa\u00e7\u00e3o, enviaremos um <strong data-start=\"623\" data-end=\"645\">e-mail de confirma\u00e7\u00e3o <\/strong>para o seu endere\u00e7o de e-mail cadastrado.<\/li>\n<\/ul>\n<hr data-start=\"715\" data-end=\"718\" \/>\n<h2 data-start=\"720\" data-end=\"743\">Processo de ativa\u00e7\u00e3o<\/h2>\n<ul data-start=\"744\" data-end=\"935\">\n<li data-start=\"744\" data-end=\"846\">\n<p data-start=\"746\" data-end=\"846\">Nosso objetivo \u00e9 ativar e entregar sua assinatura de IPTV em at\u00e9 [inserir n\u00famero de dias] <strong data-start=\"807\" data-end=\"819\">24 horas<\/strong> do recebimento do seu pedido.<\/p>\n<\/li>\n<li data-start=\"847\" data-end=\"935\">\n<p data-start=\"849\" data-end=\"935\">Para garantir uma ativa\u00e7\u00e3o sem problemas, forne\u00e7a o seu <strong data-start=\"898\" data-end=\"913\">tipo de dispositivo<\/strong> nas observa\u00e7\u00f5es do pedido.<\/p>\n<\/li>\n<\/ul>\n<hr data-start=\"937\" data-end=\"940\" \/>\n<h2 data-start=\"942\" data-end=\"965\">Informa\u00e7\u00f5es do dispositivo<\/h2>\n<ul data-start=\"966\" data-end=\"1163\">\n<li data-start=\"966\" data-end=\"1061\">\n<p data-start=\"968\" data-end=\"1061\">Caso n\u00e3o sejam fornecidos detalhes do dispositivo, emitiremos um <strong data-start=\"1020\" data-end=\"1036\">Lista de reprodu\u00e7\u00e3o M3U<\/strong> como formato padr\u00e3o.<\/p>\n<\/li>\n<li data-start=\"1062\" data-end=\"1163\">\n<p data-start=\"1064\" data-end=\"1163\">Uma vez que um formato tenha sido entregue, n\u00e3o podemos modific\u00e1-lo nem fornecer uma substitui\u00e7\u00e3o em outro formato.<\/p>\n<\/li>\n<\/ul>\n<hr data-start=\"1165\" data-end=\"1168\" \/>\n<h2 data-start=\"1170\" data-end=\"1205\">Aviso sobre conte\u00fado e servi\u00e7os<\/h2>\n<p data-start=\"1206\" data-end=\"1220\">Observe:<\/p>\n<ul data-start=\"1222\" data-end=\"1401\">\n<li data-start=\"1222\" data-end=\"1307\">\n<p data-start=\"1224\" data-end=\"1307\">A LexonStream n\u00e3o hospeda nem controla o conte\u00fado dispon\u00edvel atrav\u00e9s dos servi\u00e7os de IPTV.<\/p>\n<\/li>\n<li data-start=\"1308\" data-end=\"1401\">\n<p data-start=\"1310\" data-end=\"1401\">N\u00e3o nos responsabilizamos pela qualidade, disponibilidade ou legalidade do conte\u00fado de terceiros.<\/p>\n<\/li>\n<\/ul>\n<hr data-start=\"1403\" data-end=\"1406\" \/>\n<h2 data-start=\"1408\" data-end=\"1432\">Informa\u00e7\u00f5es de contato<\/h2>\n<p data-start=\"1433\" data-end=\"1505\">Caso tenha alguma d\u00favida sobre esta Pol\u00edtica de Reembolso, entre em contato conosco:<\/p>\n<p data-start=\"1507\" data-end=\"1595\"><a class=\"decorated-link cursor-pointer\" rel=\"noopener\" data-start=\"1512\" data-end=\"1535\">support@lexonstream.com<\/a><br data-start=\"1537\" data-end=\"1540\" \/><a class=\"decorated-link cursor-pointer\" href=\"https:\/\/lexonstream.com\/pt\/contatos\/\" target=\"_new\" rel=\"noopener\" data-start=\"1543\" data-end=\"1593\">www.lexonstream.com<\/a><\/p>\n\n\t\t<\/div>\n\t<\/div>\n<\/div><\/div><\/div><\/div><\/section>\n<\/div>","protected":false},"excerpt":{"rendered":"Thank you for choosing LexonStream. We value your trust and strive to provide a smooth and reliable IPTV experience. Please review our refund policy carefully before making a purchase. Refund and Modification Policy Once your subscription has been activated, refunds or modifications are not possible. LexonStream provides a 24-hour free trial so you can test our service before making a purchase. For this reason, refunds are not offered after a subscription has been activated. LexonStream\u2019s responsibility is limited to activating your subscription for the duration selected at the time of purchase. Upon activation, we will send a confirmation email to your registered email address. Activation Process We aim to activate and deliver your IPTV subscription within 24 hours of receiving your order. To ensure smooth activation, please provide your device [...]","protected":false},"author":1,"featured_media":0,"parent":0,"menu_order":0,"comment_status":"closed","ping_status":"closed","template":"","meta":{"footnotes":""},"class_list":["post-10911","page","type-page","status-publish","hentry"],"yoast_head":"<!-- This site is optimized with the Yoast SEO plugin v27.4 - https:\/\/yoast.com\/product\/yoast-seo-wordpress\/ -->\n<title>Refund Policy - LexonStream<\/title>\n<meta name=\"robots\" content=\"noindex, follow\" \/>\n<meta property=\"og:locale\" content=\"pt_PT\" \/>\n<meta property=\"og:type\" content=\"article\" \/>\n<meta property=\"og:title\" content=\"Refund Policy - LexonStream\" \/>\n<meta property=\"og:url\" content=\"https:\/\/lexonstream.com\/pt\/politica-de-reembolso\/\" \/>\n<meta property=\"og:site_name\" content=\"LexonStream\" \/>\n<meta property=\"article:modified_time\" content=\"2025-10-01T10:17:32+00:00\" \/>\n<meta name=\"twitter:card\" content=\"summary_large_image\" \/>\n<meta name=\"twitter:label1\" content=\"Tempo estimado de leitura\" \/>\n\t<meta name=\"twitter:data1\" content=\"1 minuto\" \/>\n<script type=\"application\/ld+json\" class=\"yoast-schema-graph\">{\"@context\":\"https:\\\/\\\/schema.org\",\"@graph\":[{\"@type\":\"WebPage\",\"@id\":\"https:\\\/\\\/lexonstream.com\\\/refund-policy\\\/\",\"url\":\"https:\\\/\\\/lexonstream.com\\\/refund-policy\\\/\",\"name\":\"Refund Policy - LexonStream\",\"isPartOf\":{\"@id\":\"https:\\\/\\\/lexonstream.com\\\/#website\"},\"datePublished\":\"2025-09-10T13:32:18+00:00\",\"dateModified\":\"2025-10-01T10:17:32+00:00\",\"breadcrumb\":{\"@id\":\"https:\\\/\\\/lexonstream.com\\\/refund-policy\\\/#breadcrumb\"},\"inLanguage\":\"pt-PT\",\"potentialAction\":[{\"@type\":\"ReadAction\",\"target\":[\"https:\\\/\\\/lexonstream.com\\\/refund-policy\\\/\"]}]},{\"@type\":\"BreadcrumbList\",\"@id\":\"https:\\\/\\\/lexonstream.com\\\/refund-policy\\\/#breadcrumb\",\"itemListElement\":[{\"@type\":\"ListItem\",\"position\":1,\"name\":\"Home\",\"item\":\"https:\\\/\\\/lexonstream.com\\\/\"},{\"@type\":\"ListItem\",\"position\":2,\"name\":\"Refund Policy\"}]},{\"@type\":\"WebSite\",\"@id\":\"https:\\\/\\\/lexonstream.com\\\/#website\",\"url\":\"https:\\\/\\\/lexonstream.com\\\/\",\"name\":\"LexonStream\",\"description\":\"Premium IPTV Subscription Worldwide\",\"publisher\":{\"@id\":\"https:\\\/\\\/lexonstream.com\\\/#organization\"},\"potentialAction\":[{\"@type\":\"SearchAction\",\"target\":{\"@type\":\"EntryPoint\",\"urlTemplate\":\"https:\\\/\\\/lexonstream.com\\\/?s={search_term_string}\"},\"query-input\":{\"@type\":\"PropertyValueSpecification\",\"valueRequired\":true,\"valueName\":\"search_term_string\"}}],\"inLanguage\":\"pt-PT\"},{\"@type\":\"Organization\",\"@id\":\"https:\\\/\\\/lexonstream.com\\\/#organization\",\"name\":\"LexonStream\",\"url\":\"https:\\\/\\\/lexonstream.com\\\/\",\"logo\":{\"@type\":\"ImageObject\",\"inLanguage\":\"pt-PT\",\"@id\":\"https:\\\/\\\/lexonstream.com\\\/#\\\/schema\\\/logo\\\/image\\\/\",\"url\":\"https:\\\/\\\/lexonstream.com\\\/wp-content\\\/uploads\\\/2025\\\/09\\\/LexonStream-Logo-Black-1.png\",\"contentUrl\":\"https:\\\/\\\/lexonstream.com\\\/wp-content\\\/uploads\\\/2025\\\/09\\\/LexonStream-Logo-Black-1.png\",\"width\":1000,\"height\":390,\"caption\":\"LexonStream\"},\"image\":{\"@id\":\"https:\\\/\\\/lexonstream.com\\\/#\\\/schema\\\/logo\\\/image\\\/\"}}]}<\/script>\n<!-- \/ Yoast SEO plugin. -->","yoast_head_json":{"title":"Pol\u00edtica de reembolso - LexonStream","robots":{"index":"noindex","follow":"follow"},"og_locale":"pt_PT","og_type":"article","og_title":"Refund Policy - LexonStream","og_url":"https:\/\/lexonstream.com\/pt\/politica-de-reembolso\/","og_site_name":"LexonStream","article_modified_time":"2025-10-01T10:17:32+00:00","twitter_card":"summary_large_image","twitter_misc":{"Tempo estimado de leitura":"1 minuto"},"schema":{"@context":"https:\/\/schema.org","@graph":[{"@type":"WebPage","@id":"https:\/\/lexonstream.com\/refund-policy\/","url":"https:\/\/lexonstream.com\/refund-policy\/","name":"Pol\u00edtica de reembolso - LexonStream","isPartOf":{"@id":"https:\/\/lexonstream.com\/#website"},"datePublished":"2025-09-10T13:32:18+00:00","dateModified":"2025-10-01T10:17:32+00:00","breadcrumb":{"@id":"https:\/\/lexonstream.com\/refund-policy\/#breadcrumb"},"inLanguage":"pt-PT","potentialAction":[{"@type":"ReadAction","target":["https:\/\/lexonstream.com\/refund-policy\/"]}]},{"@type":"BreadcrumbList","@id":"https:\/\/lexonstream.com\/refund-policy\/#breadcrumb","itemListElement":[{"@type":"ListItem","position":1,"name":"Home","item":"https:\/\/lexonstream.com\/"},{"@type":"ListItem","position":2,"name":"Refund Policy"}]},{"@type":"WebSite","@id":"https:\/\/lexonstream.com\/#website","url":"https:\/\/lexonstream.com\/","name":"LexonStream","description":"Assinatura IPTV Premium Mundial","publisher":{"@id":"https:\/\/lexonstream.com\/#organization"},"potentialAction":[{"@type":"SearchAction","target":{"@type":"EntryPoint","urlTemplate":"https:\/\/lexonstream.com\/?s={search_term_string}"},"query-input":{"@type":"PropertyValueSpecification","valueRequired":true,"valueName":"search_term_string"}}],"inLanguage":"pt-PT"},{"@type":"Organization","@id":"https:\/\/lexonstream.com\/#organization","name":"LexonStream","url":"https:\/\/lexonstream.com\/","logo":{"@type":"ImageObject","inLanguage":"pt-PT","@id":"https:\/\/lexonstream.com\/#\/schema\/logo\/image\/","url":"https:\/\/lexonstream.com\/wp-content\/uploads\/2025\/09\/LexonStream-Logo-Black-1.png","contentUrl":"https:\/\/lexonstream.com\/wp-content\/uploads\/2025\/09\/LexonStream-Logo-Black-1.png","width":1000,"height":390,"caption":"LexonStream"},"image":{"@id":"https:\/\/lexonstream.com\/#\/schema\/logo\/image\/"}}]}},"_links":{"self":[{"href":"https:\/\/lexonstream.com\/pt\/wp-json\/wp\/v2\/pages\/10911","targetHints":{"allow":["GET"]}}],"collection":[{"href":"https:\/\/lexonstream.com\/pt\/wp-json\/wp\/v2\/pages"}],"about":[{"href":"https:\/\/lexonstream.com\/pt\/wp-json\/wp\/v2\/types\/page"}],"author":[{"embeddable":true,"href":"https:\/\/lexonstream.com\/pt\/wp-json\/wp\/v2\/users\/1"}],"replies":[{"embeddable":true,"href":"https:\/\/lexonstream.com\/pt\/wp-json\/wp\/v2\/comments?post=10911"}],"version-history":[{"count":1,"href":"https:\/\/lexonstream.com\/pt\/wp-json\/wp\/v2\/pages\/10911\/revisions"}],"predecessor-version":[{"id":11403,"href":"https:\/\/lexonstream.com\/pt\/wp-json\/wp\/v2\/pages\/10911\/revisions\/11403"}],"wp:attachment":[{"href":"https:\/\/lexonstream.com\/pt\/wp-json\/wp\/v2\/media?parent=10911"}],"curies":[{"name":"wp","href":"https:\/\/api.w.org\/{rel}","templated":true}]}}