{"id":10890,"date":"2025-09-10T13:46:56","date_gmt":"2025-09-10T12:46:56","guid":{"rendered":"https:\/\/lexonstream.com\/?page_id=10890"},"modified":"2025-10-01T11:09:41","modified_gmt":"2025-10-01T10:09:41","slug":"politica-dmca","status":"publish","type":"page","link":"https:\/\/lexonstream.com\/pt\/politica-dmca\/","title":{"rendered":"Pol\u00edtica DMCA"},"content":{"rendered":"<div class=\"wpb-content-wrapper\"><section class=\"vc_section\"><div class=\"vc_row wpb_row vc_row-fluid\"><div class=\"wpb_column vc_column_container vc_col-sm-12\"><div class=\"vc_column-inner\"><div class=\"wpb_wrapper\">\n\t<div class=\"wpb_text_column wpb_content_element\" >\n\t\t<div class=\"wpb_wrapper\">\n\t\t\t<p data-start=\"152\" data-end=\"411\">LexonStream \u00e9 uma plataforma tecnol\u00f3gica que fornece aos usu\u00e1rios acesso a servi\u00e7os de IPTV oferecidos por provedores terceirizados independentes. N\u00e3o hospedamos, armazenamos ou transmitimos nenhum conte\u00fado em nossos servidores. Todos os conte\u00fados permanecem propriedade de seus respectivos detentores de direitos autorais.<\/p>\n<p data-start=\"413\" data-end=\"653\">A LexonStream respeita os direitos de propriedade intelectual e est\u00e1 comprometida com o cumprimento da Lei de Direitos Autorais do Mil\u00eanio Digital (DMCA). Esta pol\u00edtica explica os procedimentos que seguimos para relatar e responder a alega\u00e7\u00f5es de viola\u00e7\u00e3o de direitos autorais.<\/p>\n<p data-start=\"655\" data-end=\"958\">A LexonStream n\u00e3o tem controle sobre, e n\u00e3o assume qualquer responsabilidade pelo conte\u00fado, disponibilidade, pol\u00edticas de privacidade ou pr\u00e1ticas de quaisquer fornecedores terceirizados. Quaisquer quest\u00f5es de direitos autorais relativas a conte\u00fado fornecido por meio de fontes externas devem ser direcionadas aos detentores originais dos direitos ou aos provedores de servi\u00e7o.<\/p>\n<hr data-start=\"784\" data-end=\"787\" \/>\n<h2 data-start=\"789\" data-end=\"826\">Lei de Direitos Autorais do Mil\u00eanio Digital<\/h2>\n<p data-start=\"828\" data-end=\"1056\">O <strong data-start=\"832\" data-end=\"840\">DMCA<\/strong>, A Lei de Direitos Autorais, promulgada em 1998, aborda os desafios dos direitos autorais na era digital, particularmente em ambientes online. Ela estabelece disposi\u00e7\u00f5es importantes para equilibrar os direitos de criadores, empresas de tecnologia e consumidores.<\/p>\n<p data-start=\"1058\" data-end=\"1093\">Os principais elementos da DMCA incluem:<\/p>\n<ul data-start=\"1094\" data-end=\"1545\">\n<li data-start=\"1094\" data-end=\"1258\">\n<p data-start=\"1096\" data-end=\"1258\"><strong data-start=\"1096\" data-end=\"1122\">Disposi\u00e7\u00f5es de Porto Seguro<\/strong> \u2013 Os provedores de servi\u00e7os podem ser protegidos da responsabilidade por conte\u00fado gerado pelo usu\u00e1rio, desde que mantenham um processo de notifica\u00e7\u00e3o e remo\u00e7\u00e3o.<\/p>\n<\/li>\n<li data-start=\"1259\" data-end=\"1393\">\n<p data-start=\"1261\" data-end=\"1393\"><strong data-start=\"1261\" data-end=\"1285\">Prote\u00e7\u00f5es de uso justo<\/strong> \u2013 Garante o uso legal de material protegido por direitos autorais para fins educacionais, de coment\u00e1rio, cr\u00edtica e jornal\u00edsticos.<\/p>\n<\/li>\n<li data-start=\"1394\" data-end=\"1545\">\n<p data-start=\"1396\" data-end=\"1545\"><strong data-start=\"1396\" data-end=\"1419\">Aviso e Remo\u00e7\u00e3o<\/strong> \u2013 Os detentores de direitos autorais podem enviar solicita\u00e7\u00f5es de remo\u00e7\u00e3o para retirar conte\u00fado n\u00e3o autorizado rapidamente, sem longos processos judiciais.<\/p>\n<\/li>\n<\/ul>\n<p data-start=\"1547\" data-end=\"1653\">A DMCA tamb\u00e9m influencia os padr\u00f5es globais de direitos autorais, ajudando os criadores a protegerem seu trabalho al\u00e9m das fronteiras.<\/p>\n<hr data-start=\"1655\" data-end=\"1658\" \/>\n<h2 data-start=\"1660\" data-end=\"1695\">Aviso Legal do Servi\u00e7o LexonStream<\/h2>\n<ol data-start=\"1697\" data-end=\"2377\">\n<li data-start=\"1697\" data-end=\"1847\">\n<p data-start=\"1700\" data-end=\"1847\"><strong data-start=\"1700\" data-end=\"1727\">Conte\u00fado autorizado apenas<\/strong> \u2013 A LexonStream promove servi\u00e7os de IPTV autorizados. Atuamos como distribuidores e n\u00e3o reivindicamos a propriedade de nenhum conte\u00fado.<\/p>\n<\/li>\n<li data-start=\"1848\" data-end=\"2004\">\n<p data-start=\"1851\" data-end=\"2004\"><strong data-start=\"1851\" data-end=\"1872\">Sem hospedagem direta<\/strong> \u2013 A LexonStream n\u00e3o hospeda, armazena ou transmite fluxos ou arquivos de m\u00eddia. Todo o conte\u00fado permanece propriedade de seus respectivos propriet\u00e1rios.<\/p>\n<\/li>\n<li data-start=\"2005\" data-end=\"2180\">\n<p data-start=\"2008\" data-end=\"2180\"><strong data-start=\"2008\" data-end=\"2028\">Fontes externas<\/strong> \u2013 O conte\u00fado acessado atrav\u00e9s do LexonStream pode ter origem em fornecedores externos. Quaisquer quest\u00f5es relacionadas a direitos autorais devem ser tratadas diretamente com esses fornecedores.<\/p>\n<\/li>\n<li data-start=\"2181\" data-end=\"2377\">\n<p data-start=\"2184\" data-end=\"2377\"><strong data-start=\"2184\" data-end=\"2230\">Nenhuma associa\u00e7\u00e3o com marcas registradas de terceiros.<\/strong> \u2013 Logotipos, marcas de servi\u00e7o ou nomes de marcas que possam aparecer no conte\u00fado pertencem aos seus respectivos propriet\u00e1rios. A LexonStream n\u00e3o reivindica qualquer afilia\u00e7\u00e3o.<\/p>\n<\/li>\n<\/ol>\n<hr data-start=\"2379\" data-end=\"2382\" \/>\n<h2 data-start=\"2384\" data-end=\"2406\">Propriedade do conte\u00fado<\/h2>\n<p data-start=\"2408\" data-end=\"2602\"><strong data-start=\"2408\" data-end=\"2440\">2.1 Reconhecimento de direitos autorais<\/strong><br data-start=\"2440\" data-end=\"2443\" \/>Todos os materiais acess\u00edveis atrav\u00e9s do LexonStream s\u00e3o propriedade de seus respectivos detentores de direitos autorais. O LexonStream n\u00e3o reivindica a propriedade de nenhum conte\u00fado de terceiros.<\/p>\n<hr data-start=\"2604\" data-end=\"2607\" \/>\n<h2 data-start=\"2609\" data-end=\"2649\">Responsabilidade pelo conte\u00fado externo<\/h2>\n<p data-start=\"2651\" data-end=\"2850\"><strong data-start=\"2651\" data-end=\"2688\">3.1 Conte\u00fado de fontes externas<\/strong><br data-start=\"2688\" data-end=\"2691\" \/>A LexonStream n\u00e3o se responsabiliza pelo conte\u00fado fornecido por sites ou servi\u00e7os externos. Quaisquer reclama\u00e7\u00f5es relativas a infra\u00e7\u00f5es devem ser dirigidas ao provedor original.<\/p>\n<p data-start=\"2852\" data-end=\"3033\"><strong data-start=\"2852\" data-end=\"2880\">3.2 Interven\u00e7\u00e3o Limitada<\/strong><br data-start=\"2880\" data-end=\"2883\" \/>A LexonStream n\u00e3o controla nem remove conte\u00fado hospedado externamente. Os provedores de conte\u00fado externo permanecem independentes e respons\u00e1veis por seus materiais.<\/p>\n<hr data-start=\"3035\" data-end=\"3038\" \/>\n<h2 data-start=\"3040\" data-end=\"3067\">Sem transmiss\u00e3o direta<\/h2>\n<p data-start=\"3069\" data-end=\"3231\"><strong data-start=\"3069\" data-end=\"3097\">5.1 Fornecimento por Terceiros<\/strong><br data-start=\"3097\" data-end=\"3100\" \/>A LexonStream n\u00e3o transmite nem retransmite nenhum canal diretamente de seus servidores. O conte\u00fado \u00e9 fornecido por parceiros terceirizados.<\/p>\n<hr data-start=\"3233\" data-end=\"3236\" \/>\n<h2 data-start=\"3238\" data-end=\"3281\">Notifica\u00e7\u00e3o de Viola\u00e7\u00e3o de Direitos Autorais<\/h2>\n<p data-start=\"3283\" data-end=\"3427\">Se voc\u00ea acredita que sua obra protegida por direitos autorais foi usada de forma que constitua uma viola\u00e7\u00e3o, envie uma den\u00fancia. <strong data-start=\"3390\" data-end=\"3414\">Aviso de remo\u00e7\u00e3o por viola\u00e7\u00e3o de direitos autorais (DMCA)<\/strong> incluindo:<\/p>\n<ol data-start=\"3429\" data-end=\"3908\">\n<li data-start=\"3429\" data-end=\"3497\">\n<p data-start=\"3432\" data-end=\"3497\">Identifica\u00e7\u00e3o da obra protegida por direitos autorais que supostamente foi infringida.<\/p>\n<\/li>\n<li data-start=\"3498\" data-end=\"3566\">\n<p data-start=\"3501\" data-end=\"3566\">Identifica\u00e7\u00e3o do material e sua localiza\u00e7\u00e3o em nosso site.<\/p>\n<\/li>\n<li data-start=\"3567\" data-end=\"3687\">\n<p data-start=\"3570\" data-end=\"3687\">Uma declara\u00e7\u00e3o de boa-f\u00e9 de que o uso contestado n\u00e3o \u00e9 autorizado pelo propriet\u00e1rio dos direitos autorais, seu agente ou pela lei.<\/p>\n<\/li>\n<li data-start=\"3688\" data-end=\"3796\">\n<p data-start=\"3691\" data-end=\"3796\">Uma declara\u00e7\u00e3o, sob pena de perj\u00fario, de que voc\u00ea est\u00e1 autorizado a agir em nome do propriet\u00e1rio dos direitos autorais.<\/p>\n<\/li>\n<li data-start=\"3797\" data-end=\"3864\">\n<p data-start=\"3800\" data-end=\"3864\">Suas informa\u00e7\u00f5es de contato (nome, endere\u00e7o, n\u00famero de telefone, e-mail).<\/p>\n<\/li>\n<li data-start=\"3865\" data-end=\"3908\">\n<p data-start=\"3868\" data-end=\"3908\">Sua assinatura f\u00edsica ou eletr\u00f4nica.<\/p>\n<\/li>\n<\/ol>\n<p data-start=\"3910\" data-end=\"3977\">Todos os avisos devem ser enviados para o nosso endere\u00e7o. <strong data-start=\"3944\" data-end=\"3974\">Agente de direitos autorais designado<\/strong>:<\/p>\n<p data-start=\"3979\" data-end=\"4011\"><strong data-start=\"3982\" data-end=\"4009\"><a class=\"decorated-link cursor-pointer\" rel=\"noopener\" data-start=\"3984\" data-end=\"4007\">support@lexonstream.com<\/a><\/strong><\/p>\n<hr data-start=\"4013\" data-end=\"4016\" \/>\n<h2 data-start=\"4018\" data-end=\"4043\">Contranotifica\u00e7\u00e3o<\/h2>\n<p data-start=\"4045\" data-end=\"4174\">Se voc\u00ea acredita que seu material foi removido por engano, pode registrar uma reclama\u00e7\u00e3o. <strong data-start=\"4111\" data-end=\"4135\">Contranotifica\u00e7\u00e3o<\/strong> com nosso Agente de Direitos Autorais, incluindo:<\/p>\n<ul data-start=\"4176\" data-end=\"4505\">\n<li data-start=\"4176\" data-end=\"4228\">\n<p data-start=\"4178\" data-end=\"4228\">Identifica\u00e7\u00e3o do material que foi removido.<\/p>\n<\/li>\n<li data-start=\"4229\" data-end=\"4282\">\n<p data-start=\"4231\" data-end=\"4282\">Seu nome completo, endere\u00e7o, n\u00famero de telefone e e-mail.<\/p>\n<\/li>\n<li data-start=\"4283\" data-end=\"4377\">\n<p data-start=\"4285\" data-end=\"4377\">Uma declara\u00e7\u00e3o de consentimento \u00e0 jurisdi\u00e7\u00e3o do tribunal distrital federal dos EUA competente.<\/p>\n<\/li>\n<li data-start=\"4378\" data-end=\"4462\">\n<p data-start=\"4380\" data-end=\"4462\">Uma declara\u00e7\u00e3o, sob pena de perj\u00fario, de que o material foi removido por engano.<\/p>\n<\/li>\n<li data-start=\"4463\" data-end=\"4505\">\n<p data-start=\"4465\" data-end=\"4505\">Sua assinatura f\u00edsica ou eletr\u00f4nica.<\/p>\n<\/li>\n<\/ul>\n<p data-start=\"4507\" data-end=\"4665\">Encaminharemos sua Contranotifica\u00e7\u00e3o ao reclamante original. A menos que ele entre com uma a\u00e7\u00e3o judicial dentro de 10 dias \u00fateis, o material poder\u00e1 ser reintegrado.<\/p>\n<hr data-start=\"4667\" data-end=\"4670\" \/>\n<h2 data-start=\"4672\" data-end=\"4700\">Encerramento de contas<\/h2>\n<p data-start=\"4702\" data-end=\"4845\">A LexonStream reserva-se o direito de suspender ou encerrar contas de usu\u00e1rios que violem repetidamente os direitos autorais ou outros direitos de propriedade intelectual.<\/p>\n<hr data-start=\"4847\" data-end=\"4850\" \/>\n<h2 data-start=\"4852\" data-end=\"4876\">Isen\u00e7\u00e3o de responsabilidade<\/h2>\n<p data-start=\"4878\" data-end=\"5092\">A LexonStream, seus diretores, funcion\u00e1rios e afiliados se eximem de toda e qualquer responsabilidade por danos, perdas ou reclama\u00e7\u00f5es decorrentes do uso de nossa plataforma ou conte\u00fado de terceiros. Os usu\u00e1rios acessam nossos servi\u00e7os por sua pr\u00f3pria conta e risco.<\/p>\n<hr data-start=\"5094\" data-end=\"5097\" \/>\n<h2 data-start=\"5099\" data-end=\"5117\">Lei aplic\u00e1vel<\/h2>\n<p data-start=\"5119\" data-end=\"5208\">Esta Pol\u00edtica DMCA ser\u00e1 regida e interpretada de acordo com as leis aplic\u00e1veis.<\/p>\n<hr data-start=\"5210\" data-end=\"5213\" \/>\n<h2 data-start=\"5215\" data-end=\"5230\">Contate-nos<\/h2>\n<p data-start=\"5232\" data-end=\"5294\">Para d\u00favidas ou preocupa\u00e7\u00f5es sobre esta pol\u00edtica, entre em contato com:<\/p>\n<p data-start=\"5296\" data-end=\"5384\"><a class=\"decorated-link cursor-pointer\" href=\"mailto:support@lexonstream.com\" rel=\"noopener\" data-start=\"5301\" data-end=\"5324\"> support@lexonstream.com<\/a><br data-start=\"5326\" data-end=\"5329\" \/><a class=\"decorated-link cursor-pointer\" href=\"https:\/\/lexonstream.com\/pt\/contatos\/\" target=\"_new\" rel=\"noopener\" data-start=\"5332\" data-end=\"5382\"> www.lexonstream.com<\/a><\/p>\n\n\t\t<\/div>\n\t<\/div>\n<\/div><\/div><\/div><\/div><\/section>\n<\/div>","protected":false},"excerpt":{"rendered":"LexonStream is a technology platform that provides users with access to IPTV services offered by independent third-party providers. We do not host, store, or transmit any content on our servers. All media remains the property of its rightful rights holders. LexonStream respects intellectual property rights and is committed to complying with the Digital Millennium Copyright Act (DMCA). This policy explains the procedures we follow for reporting and responding to copyright infringement claims. LexonStream has no control over, and assumes no responsibility for, the content, availability, privacy policies, or practices of any third-party providers. Any copyright issues regarding content delivered through external sources should be directed to the original rights holders or service providers. Digital Millennium Copyright Act The DMCA, enacted in 1998, addresses copyright challenges in the digital era, particularly [...]","protected":false},"author":1,"featured_media":0,"parent":0,"menu_order":0,"comment_status":"closed","ping_status":"closed","template":"","meta":{"footnotes":""},"class_list":["post-10890","page","type-page","status-publish","hentry"],"yoast_head":"<!-- This site is optimized with the Yoast SEO plugin v26.7 - https:\/\/yoast.com\/wordpress\/plugins\/seo\/ -->\n<title>DMCA Policy - LexonStream<\/title>\n<meta name=\"robots\" content=\"noindex, follow\" \/>\n<meta property=\"og:locale\" content=\"pt_PT\" \/>\n<meta property=\"og:type\" content=\"article\" \/>\n<meta property=\"og:title\" content=\"DMCA Policy - LexonStream\" \/>\n<meta property=\"og:url\" content=\"https:\/\/lexonstream.com\/pt\/politica-dmca\/\" \/>\n<meta property=\"og:site_name\" content=\"LexonStream\" \/>\n<meta property=\"article:modified_time\" content=\"2025-10-01T10:09:41+00:00\" \/>\n<meta name=\"twitter:card\" content=\"summary_large_image\" \/>\n<meta name=\"twitter:label1\" content=\"Tempo estimado de leitura\" \/>\n\t<meta name=\"twitter:data1\" content=\"4 minutos\" \/>\n<script type=\"application\/ld+json\" class=\"yoast-schema-graph\">{\"@context\":\"https:\/\/schema.org\",\"@graph\":[{\"@type\":\"WebPage\",\"@id\":\"https:\/\/lexonstream.com\/dmca-policy\/\",\"url\":\"https:\/\/lexonstream.com\/dmca-policy\/\",\"name\":\"DMCA Policy - LexonStream\",\"isPartOf\":{\"@id\":\"https:\/\/lexonstream.com\/#website\"},\"datePublished\":\"2025-09-10T12:46:56+00:00\",\"dateModified\":\"2025-10-01T10:09:41+00:00\",\"breadcrumb\":{\"@id\":\"https:\/\/lexonstream.com\/dmca-policy\/#breadcrumb\"},\"inLanguage\":\"pt-PT\",\"potentialAction\":[{\"@type\":\"ReadAction\",\"target\":[\"https:\/\/lexonstream.com\/dmca-policy\/\"]}]},{\"@type\":\"BreadcrumbList\",\"@id\":\"https:\/\/lexonstream.com\/dmca-policy\/#breadcrumb\",\"itemListElement\":[{\"@type\":\"ListItem\",\"position\":1,\"name\":\"Home\",\"item\":\"https:\/\/lexonstream.com\/\"},{\"@type\":\"ListItem\",\"position\":2,\"name\":\"DMCA Policy\"}]},{\"@type\":\"WebSite\",\"@id\":\"https:\/\/lexonstream.com\/#website\",\"url\":\"https:\/\/lexonstream.com\/\",\"name\":\"LexonStream\",\"description\":\"Premium IPTV Subscription Worldwide\",\"publisher\":{\"@id\":\"https:\/\/lexonstream.com\/#organization\"},\"potentialAction\":[{\"@type\":\"SearchAction\",\"target\":{\"@type\":\"EntryPoint\",\"urlTemplate\":\"https:\/\/lexonstream.com\/?s={search_term_string}\"},\"query-input\":{\"@type\":\"PropertyValueSpecification\",\"valueRequired\":true,\"valueName\":\"search_term_string\"}}],\"inLanguage\":\"pt-PT\"},{\"@type\":\"Organization\",\"@id\":\"https:\/\/lexonstream.com\/#organization\",\"name\":\"LexonStream\",\"url\":\"https:\/\/lexonstream.com\/\",\"logo\":{\"@type\":\"ImageObject\",\"inLanguage\":\"pt-PT\",\"@id\":\"https:\/\/lexonstream.com\/#\/schema\/logo\/image\/\",\"url\":\"https:\/\/lexonstream.com\/wp-content\/uploads\/2025\/09\/LexonStream-Logo-Black-1.png\",\"contentUrl\":\"https:\/\/lexonstream.com\/wp-content\/uploads\/2025\/09\/LexonStream-Logo-Black-1.png\",\"width\":1000,\"height\":390,\"caption\":\"LexonStream\"},\"image\":{\"@id\":\"https:\/\/lexonstream.com\/#\/schema\/logo\/image\/\"}}]}<\/script>\n<!-- \/ Yoast SEO plugin. -->","yoast_head_json":{"title":"Pol\u00edtica DMCA - LexonStream","robots":{"index":"noindex","follow":"follow"},"og_locale":"pt_PT","og_type":"article","og_title":"DMCA Policy - LexonStream","og_url":"https:\/\/lexonstream.com\/pt\/politica-dmca\/","og_site_name":"LexonStream","article_modified_time":"2025-10-01T10:09:41+00:00","twitter_card":"summary_large_image","twitter_misc":{"Tempo estimado de leitura":"4 minutos"},"schema":{"@context":"https:\/\/schema.org","@graph":[{"@type":"WebPage","@id":"https:\/\/lexonstream.com\/dmca-policy\/","url":"https:\/\/lexonstream.com\/dmca-policy\/","name":"Pol\u00edtica DMCA - LexonStream","isPartOf":{"@id":"https:\/\/lexonstream.com\/#website"},"datePublished":"2025-09-10T12:46:56+00:00","dateModified":"2025-10-01T10:09:41+00:00","breadcrumb":{"@id":"https:\/\/lexonstream.com\/dmca-policy\/#breadcrumb"},"inLanguage":"pt-PT","potentialAction":[{"@type":"ReadAction","target":["https:\/\/lexonstream.com\/dmca-policy\/"]}]},{"@type":"BreadcrumbList","@id":"https:\/\/lexonstream.com\/dmca-policy\/#breadcrumb","itemListElement":[{"@type":"ListItem","position":1,"name":"Home","item":"https:\/\/lexonstream.com\/"},{"@type":"ListItem","position":2,"name":"DMCA Policy"}]},{"@type":"WebSite","@id":"https:\/\/lexonstream.com\/#website","url":"https:\/\/lexonstream.com\/","name":"LexonStream","description":"Assinatura IPTV Premium Mundial","publisher":{"@id":"https:\/\/lexonstream.com\/#organization"},"potentialAction":[{"@type":"SearchAction","target":{"@type":"EntryPoint","urlTemplate":"https:\/\/lexonstream.com\/?s={search_term_string}"},"query-input":{"@type":"PropertyValueSpecification","valueRequired":true,"valueName":"search_term_string"}}],"inLanguage":"pt-PT"},{"@type":"Organization","@id":"https:\/\/lexonstream.com\/#organization","name":"LexonStream","url":"https:\/\/lexonstream.com\/","logo":{"@type":"ImageObject","inLanguage":"pt-PT","@id":"https:\/\/lexonstream.com\/#\/schema\/logo\/image\/","url":"https:\/\/lexonstream.com\/wp-content\/uploads\/2025\/09\/LexonStream-Logo-Black-1.png","contentUrl":"https:\/\/lexonstream.com\/wp-content\/uploads\/2025\/09\/LexonStream-Logo-Black-1.png","width":1000,"height":390,"caption":"LexonStream"},"image":{"@id":"https:\/\/lexonstream.com\/#\/schema\/logo\/image\/"}}]}},"_links":{"self":[{"href":"https:\/\/lexonstream.com\/pt\/wp-json\/wp\/v2\/pages\/10890","targetHints":{"allow":["GET"]}}],"collection":[{"href":"https:\/\/lexonstream.com\/pt\/wp-json\/wp\/v2\/pages"}],"about":[{"href":"https:\/\/lexonstream.com\/pt\/wp-json\/wp\/v2\/types\/page"}],"author":[{"embeddable":true,"href":"https:\/\/lexonstream.com\/pt\/wp-json\/wp\/v2\/users\/1"}],"replies":[{"embeddable":true,"href":"https:\/\/lexonstream.com\/pt\/wp-json\/wp\/v2\/comments?post=10890"}],"version-history":[{"count":1,"href":"https:\/\/lexonstream.com\/pt\/wp-json\/wp\/v2\/pages\/10890\/revisions"}],"predecessor-version":[{"id":11373,"href":"https:\/\/lexonstream.com\/pt\/wp-json\/wp\/v2\/pages\/10890\/revisions\/11373"}],"wp:attachment":[{"href":"https:\/\/lexonstream.com\/pt\/wp-json\/wp\/v2\/media?parent=10890"}],"curies":[{"name":"wp","href":"https:\/\/api.w.org\/{rel}","templated":true}]}}