{"id":11130,"date":"2025-09-18T09:33:55","date_gmt":"2025-09-18T08:33:55","guid":{"rendered":"https:\/\/lexonstream.com\/?page_id=11130"},"modified":"2025-10-01T11:08:38","modified_gmt":"2025-10-01T10:08:38","slug":"tilknyttede-vilkar-for-bruk","status":"publish","type":"page","link":"https:\/\/lexonstream.com\/nb\/tilknyttede-vilkar-for-bruk\/","title":{"rendered":"Bruksvilk\u00e5r for tilknyttede selskaper"},"content":{"rendered":"<h2 class=\"wp-block-heading\">Bruksvilk\u00e5r for tilknyttede selskaper<\/h2>\n\n\n\n<p>Som en autorisert tilknyttet selskap (Affiliate) av LexonStream, samtykker du i \u00e5 overholde vilk\u00e5rene og betingelsene i denne avtalen (Avtalen). Vennligst les hele avtalen n\u00f8ye f\u00f8r du registrerer og markedsf\u00f8rer LexonStream som en tilknyttet selskap.<\/p>\n\n\n\n<p>Din deltakelse i programmet er utelukkende for \u00e5 lovlig annonsere nettstedet v\u00e5rt for \u00e5 motta provisjon p\u00e5 medlemskap og produkter kj\u00f8pt av personer henvist til LexonStream via ditt eget nettsted eller personlige henvisninger.<\/p>\n\n\n\n<p>Ved \u00e5 registrere deg for LexonStreams partnerprogram (Programmet), bekrefter du at du godtar denne avtalen og dens vilk\u00e5r og betingelser.<\/p>\n\n\n\n<h3 class=\"wp-block-heading\" id=\"approval-or-rejection\">Godkjenning eller avslag av s\u00f8knaden<\/h3>\n\n\n\n<p>Vi forbeholder oss retten til \u00e5 godkjenne eller avvise ENHVER s\u00f8knad om partnerprogram etter eget skj\u00f8nn. Du har ingen rettslig klage mot oss for avslag p\u00e5 din s\u00f8knad om partnerprogram.<\/p>\n\n\n\n<h3 class=\"wp-block-heading\" id=\"commissions\">Provisjoner<\/h3>\n\n\n\n<p>Provisjoner utbetales \u00e9n gang i m\u00e5neden. For at en partner skal motta provisjon, m\u00e5 den henviste kontoen v\u00e6re aktiv i minst 31 dager.<\/p>\n\n\n\n<p>Du kan ikke henvise deg selv, og du vil ikke motta provisjon p\u00e5 dine egne kontoer.<\/p>\n\n\n\n<p>Betalinger vil kun bli sendt for transaksjoner som er fullf\u00f8rt. Transaksjoner som resulterer i tilbakef\u00f8ringer eller refusjoner vil ikke bli utbetalt.<\/p>\n\n\n\n<h3 class=\"wp-block-heading\" id=\"termination\">Avslutning<\/h3>\n\n\n\n<p>Din s\u00f8knad om samarbeid og status i programmet kan bli suspendert eller avsluttet av en av f\u00f8lgende \u00e5rsaker:<\/p>\n\n\n\n<ul class=\"wp-block-list\">\n<li>Upassende annonser (falske p\u00e5stander, villedende hyperlenker osv.).<\/li>\n\n\n\n<li>Spamming (masseutsendelser av e-post, masseinnlegg i nyhetsgrupper osv.).<\/li>\n\n\n\n<li>Reklame p\u00e5 nettsteder som inneholder eller promoterer ulovlige aktiviteter.<\/li>\n\n\n\n<li>Unnlatelse av \u00e5 opplyse om tilknyttet forhold for enhver kampanje som kvalifiserer som en anbefaling i henhold til eksisterende retningslinjer og forskrifter fra Federal Trade Commission, eller gjeldende statlige lover.<\/li>\n\n\n\n<li>Brudd p\u00e5 immaterielle rettigheter. LexonStream forbeholder seg retten til \u00e5 kreve lisensavtaler fra de som bruker varemerker tilh\u00f8rende LexonStream for \u00e5 beskytte v\u00e5re immaterielle rettigheter.<\/li>\n\n\n\n<li>\u00c5 tilby rabatter, kuponger eller andre former for lovede provisjoner fra din affiliate-provisjon som et insentiv. \u00c5 legge til bonuser eller kombinere andre produkter med LexonStream er imidlertid akseptabelt.<\/li>\n\n\n\n<li>Selvhenvisninger, uredelige transaksjoner, mistenkt affiliate-svindel.<\/li>\n<\/ul>\n\n\n\n<p>I tillegg til det foreg\u00e5ende forbeholder LexonStream seg retten til \u00e5 avslutte enhver tilknyttet konto n\u00e5r som helst, for brudd p\u00e5 denne avtalen eller uten grunn.<\/p>\n\n\n\n<h3 class=\"wp-block-heading\" id=\"affiliate-links\">Tilknyttede lenker<\/h3>\n\n\n\n<p>Du kan bruke grafikk- og tekstlenker b\u00e5de p\u00e5 nettstedet ditt og i e-postmeldingene dine. Du kan ogs\u00e5 annonsere LexonStream-nettstedet i rubrikkannonser, blader og aviser p\u00e5 nett og i fysiske medier.<\/p>\n\n\n\n<p>Du kan bruke grafikken og teksten vi har levert, eller du kan lage din egen s\u00e5 lenge den anses som passende i henhold til vilk\u00e5rene og ikke i strid med som beskrevet i oppsigelsesdelen.<\/p>\n\n\n\n<h3 class=\"wp-block-heading\" id=\"coupon-and-deal-sites\">Kupong- og tilbudssider<\/h3>\n\n\n\n<p>LexonStream tilbyr av og til kuponger til utvalgte partnere og til v\u00e5re nyhetsbrevabonnenter. Hvis du ikke er forh\u00e5ndsgodkjent \/ tildelt en merkevarekupong, har du ikke lov til \u00e5 markedsf\u00f8re kupongen. Nedenfor er vilk\u00e5rene som gjelder for alle partnere som vurderer \u00e5 markedsf\u00f8re v\u00e5re produkter i forbindelse med et tilbud eller en kupong:<\/p>\n\n\n\n<ul class=\"wp-block-list\">\n<li>Affiliates kan ikke bruke villedende tekst p\u00e5 affiliate-lenker, -knapper eller -bilder for \u00e5 antyde at noe annet enn det som er autorisert, gjelder den spesifikke affiliaten.<\/li>\n\n\n\n<li>Partnere kan ikke by p\u00e5 LexonStream-kuponger, LexonStream-rabatter eller andre uttrykk som antyder at kuponger er tilgjengelige.<\/li>\n\n\n\n<li>Partnere kan ikke generere popup-vinduer, popup-under-vinduer, iframes, rammer eller andre synlige eller usynlige handlinger som setter partnerinformasjonskapsler, med mindre brukeren har uttrykt en klar og eksplisitt interesse i \u00e5 aktivere en spesifikk besparelse ved \u00e5 klikke p\u00e5 en tydelig merket lenke, knapp eller bilde for den aktuelle kupongen eller tilbudet. Lenken din m\u00e5 sende den bes\u00f8kende til selgerens nettsted.<\/li>\n\n\n\n<li>Brukeren m\u00e5 kunne se informasjon og detaljer om kuponger\/tilbud\/besparelser f\u00f8r en tilknyttet informasjonskapsel settes (dvs. \u201cklikk her for \u00e5 se kuponger og \u00e5pne et vindu til selgerens nettsted\u201d er IKKE tillatt).<\/li>\n\n\n\n<li>Tilknyttede nettsteder kan ikke ha \u201cKlikk for (eller for \u00e5 se) tilbud\/kupong\u201d eller noen varianter n\u00e5r det ikke finnes kuponger eller tilbud tilgjengelig, og klikket \u00e5pner selgernettstedet eller setter en informasjonskapsel. Tilknyttede selskaper med slik tekst p\u00e5 selgers landingsside vil bli fjernet fra programmet umiddelbart.<\/li>\n<\/ul>\n\n\n\n<h3 class=\"wp-block-heading\" id=\"ppc-policy\">Betal per klikk (PPC)-policy<\/h3>\n\n\n\n<p>PPC-budgivning er IKKE tillatt uten skriftlig tillatelse p\u00e5 forh\u00e5nd.<\/p>\n\n\n\n<h3 class=\"wp-block-heading\" id=\"liability\">Ansvar<\/h3>\n\n\n\n<p>LexonStream er ikke ansvarlig for indirekte eller utilsiktede skader (tap av inntekter, provisjoner) p\u00e5 grunn av feil i affiliate-sporing, tap av databasefiler eller andre resultater av hensikter om \u00e5 skade Programmet og\/eller nettstedet(ene) v\u00e5rt(e).<\/p>\n\n\n\n<p>Vi gir ingen uttrykte eller underforst\u00e5tte garantier med hensyn til Programmet og\/eller medlemskapene eller produktene som selges av LexonStream. Vi p\u00e5st\u00e5r ikke at driften av Programmet og\/eller nettstedet(ene) v\u00e5re vil v\u00e6re feilfri, og vi er ikke ansvarlige for eventuelle avbrudd eller feil.<\/p>\n\n\n\n<h3 class=\"wp-block-heading\" id=\"term-of-agreement\">Avtalens varighet<\/h3>\n\n\n\n<p>Denne avtalens varighet begynner n\u00e5r du godtar programmet og opph\u00f8rer n\u00e5r din tilknyttede konto sies opp.<\/p>\n\n\n\n<p>Vilk\u00e5rene og betingelsene i denne avtalen kan endres av oss n\u00e5r som helst. Hvis noen endringer i vilk\u00e5rene og betingelsene i denne avtalen er uakseptable for deg, er ditt eneste valg \u00e5 avslutte din tilknyttede konto. Din fortsatte deltakelse i programmet vil utgj\u00f8re din aksept av enhver endring.<\/p>\n\n\n\n<h3 class=\"wp-block-heading\" id=\"indemnification\">Erstatning<\/h3>\n\n\n\n<p>Tilknyttede selskaper skal holde LexonStream og dets tilknyttede selskaper og datterselskaper, ledere, direkt\u00f8rer, ansatte, lisensinnehavere, etterf\u00f8lgere og stedfortredere, inkludert de som er lisensiert eller autorisert av LexonStream til \u00e5 overf\u00f8re og distribuere materiale, skadesl\u00f8se fra ethvert ansvar, skader, b\u00f8ter, dommer, krav, kostnader, tap og utgifter (inkludert rimelige juridiske gebyrer og kostnader) som oppst\u00e5r som f\u00f8lge av eller er relatert til ethvert krav som fremsettes i forbindelse med denne avtalen p\u00e5 grunn av uaktsomhet, feilaktig fremstilling, manglende opplysning eller forsettlig mislighold fra Tilknyttede selskapers side.<\/p>\n\n\n\n<h3 class=\"wp-block-heading\" id=\"electronic-signatures-effective\">Elektroniske signaturer effektive<\/h3>\n\n\n\n<p>Avtalen er en elektronisk kontrakt som angir de juridisk bindende vilk\u00e5rene for din deltakelse i LexonStreams tilknyttede program. Du indikerer at du godtar denne avtalen og alle vilk\u00e5rene som er inkludert eller referert til i denne avtalen ved \u00e5 fullf\u00f8re LexonStreams s\u00f8knadsprosess. Denne handlingen oppretter en elektronisk signatur som har samme juridiske kraft og virkning som en h\u00e5ndskrevet signatur.<\/p>\n\n\n\n<p><\/p>","protected":false},"excerpt":{"rendered":"<p>Affiliate Terms of Use As an authorized affiliate (Affiliate) of LexonStream, you agree to abide by the terms and conditions contained in this Agreement (Agreement). Please read the entire Agreement carefully before registering and promoting LexonStream as an Affiliate. Your participation in the Program is solely to legally advertise our website to receive a commission on memberships and products purchased by individuals referred to LexonStream by your own website or personal referrals. By signing up for the LexonStream Affiliate Program (Program), you indicate your acceptance of this Agreement and its terms and conditions. Approval or Rejection of the Application We reserve the right to approve or reject ANY Affiliate Program Application at our sole and absolute discretion. You will have no legal recourse against us for the rejection of your [&hellip;]<\/p>","protected":false},"author":1,"featured_media":0,"parent":0,"menu_order":0,"comment_status":"closed","ping_status":"closed","template":"","meta":{"footnotes":""},"class_list":["post-11130","page","type-page","status-publish","hentry"],"yoast_head":"<!-- This site is optimized with the Yoast SEO plugin v26.7 - https:\/\/yoast.com\/wordpress\/plugins\/seo\/ -->\n<title>Affiliate Terms of Use - LexonStream<\/title>\n<meta name=\"robots\" content=\"noindex, follow\" \/>\n<meta property=\"og:locale\" content=\"nb_NO\" \/>\n<meta property=\"og:type\" content=\"article\" \/>\n<meta property=\"og:title\" content=\"Affiliate Terms of Use - LexonStream\" \/>\n<meta property=\"og:description\" content=\"Affiliate Terms of Use As an authorized affiliate (Affiliate) of LexonStream, you agree to abide by the terms and conditions contained in this Agreement (Agreement). Please read the entire Agreement carefully before registering and promoting LexonStream as an Affiliate. Your participation in the Program is solely to legally advertise our website to receive a commission on memberships and products purchased by individuals referred to LexonStream by your own website or personal referrals. By signing up for the LexonStream Affiliate Program (Program), you indicate your acceptance of this Agreement and its terms and conditions. Approval or Rejection of the Application We reserve the right to approve or reject ANY Affiliate Program Application at our sole and absolute discretion. You will have no legal recourse against us for the rejection of your [&hellip;]\" \/>\n<meta property=\"og:url\" content=\"https:\/\/lexonstream.com\/nb\/tilknyttede-vilkar-for-bruk\/\" \/>\n<meta property=\"og:site_name\" content=\"LexonStream\" \/>\n<meta property=\"article:modified_time\" content=\"2025-10-01T10:08:38+00:00\" \/>\n<meta name=\"twitter:card\" content=\"summary_large_image\" \/>\n<meta name=\"twitter:label1\" content=\"Ansl. lesetid\" \/>\n\t<meta name=\"twitter:data1\" content=\"5 minutter\" \/>\n<script type=\"application\/ld+json\" class=\"yoast-schema-graph\">{\"@context\":\"https:\/\/schema.org\",\"@graph\":[{\"@type\":\"WebPage\",\"@id\":\"https:\/\/lexonstream.com\/affiliate-terms-of-use\/\",\"url\":\"https:\/\/lexonstream.com\/affiliate-terms-of-use\/\",\"name\":\"Affiliate Terms of Use - LexonStream\",\"isPartOf\":{\"@id\":\"https:\/\/lexonstream.com\/#website\"},\"datePublished\":\"2025-09-18T08:33:55+00:00\",\"dateModified\":\"2025-10-01T10:08:38+00:00\",\"breadcrumb\":{\"@id\":\"https:\/\/lexonstream.com\/affiliate-terms-of-use\/#breadcrumb\"},\"inLanguage\":\"nb-NO\",\"potentialAction\":[{\"@type\":\"ReadAction\",\"target\":[\"https:\/\/lexonstream.com\/affiliate-terms-of-use\/\"]}]},{\"@type\":\"BreadcrumbList\",\"@id\":\"https:\/\/lexonstream.com\/affiliate-terms-of-use\/#breadcrumb\",\"itemListElement\":[{\"@type\":\"ListItem\",\"position\":1,\"name\":\"Home\",\"item\":\"https:\/\/lexonstream.com\/\"},{\"@type\":\"ListItem\",\"position\":2,\"name\":\"Affiliate Terms of Use\"}]},{\"@type\":\"WebSite\",\"@id\":\"https:\/\/lexonstream.com\/#website\",\"url\":\"https:\/\/lexonstream.com\/\",\"name\":\"LexonStream\",\"description\":\"Premium IPTV Subscription Worldwide\",\"publisher\":{\"@id\":\"https:\/\/lexonstream.com\/#organization\"},\"potentialAction\":[{\"@type\":\"SearchAction\",\"target\":{\"@type\":\"EntryPoint\",\"urlTemplate\":\"https:\/\/lexonstream.com\/?s={search_term_string}\"},\"query-input\":{\"@type\":\"PropertyValueSpecification\",\"valueRequired\":true,\"valueName\":\"search_term_string\"}}],\"inLanguage\":\"nb-NO\"},{\"@type\":\"Organization\",\"@id\":\"https:\/\/lexonstream.com\/#organization\",\"name\":\"LexonStream\",\"url\":\"https:\/\/lexonstream.com\/\",\"logo\":{\"@type\":\"ImageObject\",\"inLanguage\":\"nb-NO\",\"@id\":\"https:\/\/lexonstream.com\/#\/schema\/logo\/image\/\",\"url\":\"https:\/\/lexonstream.com\/wp-content\/uploads\/2025\/09\/LexonStream-Logo-Black-1.png\",\"contentUrl\":\"https:\/\/lexonstream.com\/wp-content\/uploads\/2025\/09\/LexonStream-Logo-Black-1.png\",\"width\":1000,\"height\":390,\"caption\":\"LexonStream\"},\"image\":{\"@id\":\"https:\/\/lexonstream.com\/#\/schema\/logo\/image\/\"}}]}<\/script>\n<!-- \/ Yoast SEO plugin. -->","yoast_head_json":{"title":"Bruksvilk\u00e5r for tilknyttede selskaper \u2013 LexonStream","robots":{"index":"noindex","follow":"follow"},"og_locale":"nb_NO","og_type":"article","og_title":"Affiliate Terms of Use - LexonStream","og_description":"Affiliate Terms of Use As an authorized affiliate (Affiliate) of LexonStream, you agree to abide by the terms and conditions contained in this Agreement (Agreement). Please read the entire Agreement carefully before registering and promoting LexonStream as an Affiliate. Your participation in the Program is solely to legally advertise our website to receive a commission on memberships and products purchased by individuals referred to LexonStream by your own website or personal referrals. By signing up for the LexonStream Affiliate Program (Program), you indicate your acceptance of this Agreement and its terms and conditions. Approval or Rejection of the Application We reserve the right to approve or reject ANY Affiliate Program Application at our sole and absolute discretion. You will have no legal recourse against us for the rejection of your [&hellip;]","og_url":"https:\/\/lexonstream.com\/nb\/tilknyttede-vilkar-for-bruk\/","og_site_name":"LexonStream","article_modified_time":"2025-10-01T10:08:38+00:00","twitter_card":"summary_large_image","twitter_misc":{"Ansl. lesetid":"5 minutter"},"schema":{"@context":"https:\/\/schema.org","@graph":[{"@type":"WebPage","@id":"https:\/\/lexonstream.com\/affiliate-terms-of-use\/","url":"https:\/\/lexonstream.com\/affiliate-terms-of-use\/","name":"Bruksvilk\u00e5r for tilknyttede selskaper \u2013 LexonStream","isPartOf":{"@id":"https:\/\/lexonstream.com\/#website"},"datePublished":"2025-09-18T08:33:55+00:00","dateModified":"2025-10-01T10:08:38+00:00","breadcrumb":{"@id":"https:\/\/lexonstream.com\/affiliate-terms-of-use\/#breadcrumb"},"inLanguage":"nb-NO","potentialAction":[{"@type":"ReadAction","target":["https:\/\/lexonstream.com\/affiliate-terms-of-use\/"]}]},{"@type":"BreadcrumbList","@id":"https:\/\/lexonstream.com\/affiliate-terms-of-use\/#breadcrumb","itemListElement":[{"@type":"ListItem","position":1,"name":"Home","item":"https:\/\/lexonstream.com\/"},{"@type":"ListItem","position":2,"name":"Affiliate Terms of Use"}]},{"@type":"WebSite","@id":"https:\/\/lexonstream.com\/#website","url":"https:\/\/lexonstream.com\/","name":"LexonStream","description":"Premium IPTV-abonnement over hele verden","publisher":{"@id":"https:\/\/lexonstream.com\/#organization"},"potentialAction":[{"@type":"SearchAction","target":{"@type":"EntryPoint","urlTemplate":"https:\/\/lexonstream.com\/?s={search_term_string}"},"query-input":{"@type":"PropertyValueSpecification","valueRequired":true,"valueName":"search_term_string"}}],"inLanguage":"nb-NO"},{"@type":"Organization","@id":"https:\/\/lexonstream.com\/#organization","name":"LexonStream","url":"https:\/\/lexonstream.com\/","logo":{"@type":"ImageObject","inLanguage":"nb-NO","@id":"https:\/\/lexonstream.com\/#\/schema\/logo\/image\/","url":"https:\/\/lexonstream.com\/wp-content\/uploads\/2025\/09\/LexonStream-Logo-Black-1.png","contentUrl":"https:\/\/lexonstream.com\/wp-content\/uploads\/2025\/09\/LexonStream-Logo-Black-1.png","width":1000,"height":390,"caption":"LexonStream"},"image":{"@id":"https:\/\/lexonstream.com\/#\/schema\/logo\/image\/"}}]}},"_links":{"self":[{"href":"https:\/\/lexonstream.com\/nb\/wp-json\/wp\/v2\/pages\/11130","targetHints":{"allow":["GET"]}}],"collection":[{"href":"https:\/\/lexonstream.com\/nb\/wp-json\/wp\/v2\/pages"}],"about":[{"href":"https:\/\/lexonstream.com\/nb\/wp-json\/wp\/v2\/types\/page"}],"author":[{"embeddable":true,"href":"https:\/\/lexonstream.com\/nb\/wp-json\/wp\/v2\/users\/1"}],"replies":[{"embeddable":true,"href":"https:\/\/lexonstream.com\/nb\/wp-json\/wp\/v2\/comments?post=11130"}],"version-history":[{"count":1,"href":"https:\/\/lexonstream.com\/nb\/wp-json\/wp\/v2\/pages\/11130\/revisions"}],"predecessor-version":[{"id":11367,"href":"https:\/\/lexonstream.com\/nb\/wp-json\/wp\/v2\/pages\/11130\/revisions\/11367"}],"wp:attachment":[{"href":"https:\/\/lexonstream.com\/nb\/wp-json\/wp\/v2\/media?parent=11130"}],"curies":[{"name":"wp","href":"https:\/\/api.w.org\/{rel}","templated":true}]}}