{"id":10890,"date":"2025-09-10T13:46:56","date_gmt":"2025-09-10T12:46:56","guid":{"rendered":"https:\/\/lexonstream.com\/?page_id=10890"},"modified":"2025-10-01T11:09:41","modified_gmt":"2025-10-01T10:09:41","slug":"dmca-policy","status":"publish","type":"page","link":"https:\/\/lexonstream.com\/nb\/dmca-policy\/","title":{"rendered":"DMCA-policy"},"content":{"rendered":"<div class=\"wpb-content-wrapper\"><section class=\"vc_section\"><div class=\"vc_row wpb_row vc_row-fluid\"><div class=\"wpb_column vc_column_container vc_col-sm-12\"><div class=\"vc_column-inner\"><div class=\"wpb_wrapper\">\n\t<div class=\"wpb_text_column wpb_content_element\" >\n\t\t<div class=\"wpb_wrapper\">\n\t\t\t<p data-start=\"152\" data-end=\"411\">LexonStream er en teknologiplattform som gir brukere tilgang til IPTV-tjenester som tilbys av uavhengige tredjepartsleverand\u00f8rer. Vi verken er vert for, lagrer eller overf\u00f8rer noe innhold p\u00e5 serverne v\u00e5re. Alle medier tilh\u00f8rer fortsatt sine rettmessige rettighetshavere.<\/p>\n<p data-start=\"413\" data-end=\"653\">LexonStream respekterer immaterielle rettigheter og er forpliktet til \u00e5 overholde Digital Millennium Copyright Act (DMCA). Denne policyen forklarer prosedyrene vi f\u00f8lger for rapportering og respons p\u00e5 krav om brudd p\u00e5 opphavsrett.<\/p>\n<p data-start=\"655\" data-end=\"958\">LexonStream har ingen kontroll over, og p\u00e5tar seg intet ansvar for, innholdet, tilgjengeligheten, personvernreglene eller praksisene til tredjepartsleverand\u00f8rer. Eventuelle opphavsrettsproblemer ang\u00e5ende innhold levert via eksterne kilder skal rettes til de opprinnelige rettighetshaverne eller tjenesteleverand\u00f8rene.<\/p>\n<hr data-start=\"784\" data-end=\"787\" \/>\n<h2 data-start=\"789\" data-end=\"826\">Digital Millennium Copyright Act<\/h2>\n<p data-start=\"828\" data-end=\"1056\">De <strong data-start=\"832\" data-end=\"840\">DMCA<\/strong>, vedtatt i 1998, tar for seg utfordringer knyttet til opphavsrett i den digitale tidsalderen, spesielt i nettmilj\u00f8er. Den etablerer viktige bestemmelser for \u00e5 balansere rettighetene til skapere, teknologiselskaper og forbrukere.<\/p>\n<p data-start=\"1058\" data-end=\"1093\">Viktige elementer i DMCA inkluderer:<\/p>\n<ul data-start=\"1094\" data-end=\"1545\">\n<li data-start=\"1094\" data-end=\"1258\">\n<p data-start=\"1096\" data-end=\"1258\"><strong data-start=\"1096\" data-end=\"1122\">Safe Harbor-bestemmelser<\/strong> \u2013 Tjenesteleverand\u00f8rer kan v\u00e6re beskyttet fra ansvar for brukergenerert innhold, forutsatt at de opprettholder en prosess for varsling og fjerning.<\/p>\n<\/li>\n<li data-start=\"1259\" data-end=\"1393\">\n<p data-start=\"1261\" data-end=\"1393\"><strong data-start=\"1261\" data-end=\"1285\">Beskyttelse av rimelig bruk<\/strong> \u2013 Sikrer lovlig bruk av opphavsrettsbeskyttet materiale til utdanning, kommentarer, kritikk og nyhetsform\u00e5l.<\/p>\n<\/li>\n<li data-start=\"1394\" data-end=\"1545\">\n<p data-start=\"1396\" data-end=\"1545\"><strong data-start=\"1396\" data-end=\"1419\">Varsel og fjerning<\/strong> \u2013 Opphavsrettsinnehavere kan sende inn foresp\u00f8rsler om fjerning for \u00e5 fjerne uautorisert innhold raskt, uten langvarige rettslige prosesser.<\/p>\n<\/li>\n<\/ul>\n<p data-start=\"1547\" data-end=\"1653\">DMCA p\u00e5virker ogs\u00e5 globale opphavsrettsstandarder, og hjelper skapere med \u00e5 beskytte verkene sine p\u00e5 tvers av landegrenser.<\/p>\n<hr data-start=\"1655\" data-end=\"1658\" \/>\n<h2 data-start=\"1660\" data-end=\"1695\">Ansvarsfraskrivelse for LexonStream-tjenesten<\/h2>\n<ol data-start=\"1697\" data-end=\"2377\">\n<li data-start=\"1697\" data-end=\"1847\">\n<p data-start=\"1700\" data-end=\"1847\"><strong data-start=\"1700\" data-end=\"1727\">Kun autorisert innhold<\/strong> \u2013 LexonStream markedsf\u00f8rer autoriserte IPTV-tjenester. Vi fungerer som distribut\u00f8r og krever ikke eierskap over noe innhold.<\/p>\n<\/li>\n<li data-start=\"1848\" data-end=\"2004\">\n<p data-start=\"1851\" data-end=\"2004\"><strong data-start=\"1851\" data-end=\"1872\">Ingen direkte hosting<\/strong> \u2013 LexonStream verken er vert for, lagrer eller kringkaster mediestr\u00f8mmer eller filer. Alt innhold tilh\u00f8rer fortsatt sine rettmessige eiere.<\/p>\n<\/li>\n<li data-start=\"2005\" data-end=\"2180\">\n<p data-start=\"2008\" data-end=\"2180\"><strong data-start=\"2008\" data-end=\"2028\">Eksterne kilder<\/strong> \u2013 Innhold som er tilgjengelig via LexonStream kan komme fra eksterne leverand\u00f8rer. Eventuelle opphavsrettsproblemer b\u00f8r tas opp direkte med disse leverand\u00f8rene.<\/p>\n<\/li>\n<li data-start=\"2181\" data-end=\"2377\">\n<p data-start=\"2184\" data-end=\"2377\"><strong data-start=\"2184\" data-end=\"2230\">Ingen tilknytning til tredjeparts varemerker<\/strong> \u2013 Logoer, tjenestemerker eller merkenavn som kan vises i innhold tilh\u00f8rer sine respektive eiere. LexonStream gj\u00f8r ikke krav p\u00e5 tilknytning.<\/p>\n<\/li>\n<\/ol>\n<hr data-start=\"2379\" data-end=\"2382\" \/>\n<h2 data-start=\"2384\" data-end=\"2406\">Innholdseierskap<\/h2>\n<p data-start=\"2408\" data-end=\"2602\"><strong data-start=\"2408\" data-end=\"2440\">2.1 Opphavsrettsbekreftelse<\/strong><br data-start=\"2440\" data-end=\"2443\" \/>Alt materiale som er tilgjengelig via LexonStream eies av sine respektive rettighetshavere. LexonStream hevder ikke eierskap over noe tredjepartsinnhold.<\/p>\n<hr data-start=\"2604\" data-end=\"2607\" \/>\n<h2 data-start=\"2609\" data-end=\"2649\">Ansvar for eksternt innhold<\/h2>\n<p data-start=\"2651\" data-end=\"2850\"><strong data-start=\"2651\" data-end=\"2688\">3.1 Innhold fra eksterne kilder<\/strong><br data-start=\"2688\" data-end=\"2691\" \/>LexonStream er ikke ansvarlig for innhold levert av eksterne nettsteder eller tjenester. Eventuelle krav ang\u00e5ende krenkelse skal rettes til den opprinnelige verten.<\/p>\n<p data-start=\"2852\" data-end=\"3033\"><strong data-start=\"2852\" data-end=\"2880\">3.2 Begrenset intervensjon<\/strong><br data-start=\"2880\" data-end=\"2883\" \/>LexonStream kontrollerer eller fjerner ikke eksternt lagret innhold. Eksterne innholdsleverand\u00f8rer forblir uavhengige og ansvarlige for materialet sitt.<\/p>\n<hr data-start=\"3035\" data-end=\"3038\" \/>\n<h2 data-start=\"3040\" data-end=\"3067\">Ingen direkte kringkasting<\/h2>\n<p data-start=\"3069\" data-end=\"3231\"><strong data-start=\"3069\" data-end=\"3097\">5.1 Tredjeparts sourcing<\/strong><br data-start=\"3097\" data-end=\"3100\" \/>LexonStream verken kringkaster eller videresender noen kanaler direkte fra serverne sine. Innholdet leveres av tredjepartspartnere.<\/p>\n<hr data-start=\"3233\" data-end=\"3236\" \/>\n<h2 data-start=\"3238\" data-end=\"3281\">Varsel om brudd p\u00e5 opphavsrett<\/h2>\n<p data-start=\"3283\" data-end=\"3427\">Hvis du mener at ditt opphavsrettsbeskyttede verk har blitt brukt p\u00e5 en m\u00e5te som utgj\u00f8r et brudd p\u00e5 opphavsretten, kan du sende inn en <strong data-start=\"3390\" data-end=\"3414\">DMCA-varsel om fjerning<\/strong> inkludert:<\/p>\n<ol data-start=\"3429\" data-end=\"3908\">\n<li data-start=\"3429\" data-end=\"3497\">\n<p data-start=\"3432\" data-end=\"3497\">Identifisering av det opphavsrettsbeskyttede verket som hevdes \u00e5 v\u00e6re krenket.<\/p>\n<\/li>\n<li data-start=\"3498\" data-end=\"3566\">\n<p data-start=\"3501\" data-end=\"3566\">Identifikasjon av materialet og dets plassering p\u00e5 nettstedet v\u00e5rt.<\/p>\n<\/li>\n<li data-start=\"3567\" data-end=\"3687\">\n<p data-start=\"3570\" data-end=\"3687\">En erkl\u00e6ring om god tro om at den omstridte bruken ikke er autorisert av opphavsrettsinnehaveren, agenten eller loven.<\/p>\n<\/li>\n<li data-start=\"3688\" data-end=\"3796\">\n<p data-start=\"3691\" data-end=\"3796\">En erkl\u00e6ring, under straff for mened, om at du er autorisert til \u00e5 handle p\u00e5 vegne av opphavsrettsinnehaveren.<\/p>\n<\/li>\n<li data-start=\"3797\" data-end=\"3864\">\n<p data-start=\"3800\" data-end=\"3864\">Din kontaktinformasjon (navn, adresse, telefonnummer, e-post).<\/p>\n<\/li>\n<li data-start=\"3865\" data-end=\"3908\">\n<p data-start=\"3868\" data-end=\"3908\">Din fysiske eller elektroniske signatur.<\/p>\n<\/li>\n<\/ol>\n<p data-start=\"3910\" data-end=\"3977\">Alle varsler skal sendes til v\u00e5r <strong data-start=\"3944\" data-end=\"3974\">Utpekt opphavsrettsagent<\/strong>:<\/p>\n<p data-start=\"3979\" data-end=\"4011\"><strong data-start=\"3982\" data-end=\"4009\"><a class=\"decorated-link cursor-pointer\" rel=\"noopener\" data-start=\"3984\" data-end=\"4007\">support@lexonstream.com<\/a><\/strong><\/p>\n<hr data-start=\"4013\" data-end=\"4016\" \/>\n<h2 data-start=\"4018\" data-end=\"4043\">motvarsel<\/h2>\n<p data-start=\"4045\" data-end=\"4174\">Hvis du mener at materialet ditt ble fjernet ved en feiltakelse, kan du sende inn en klage, <strong data-start=\"4111\" data-end=\"4135\">motvarsel<\/strong> med v\u00e5r opphavsrettsagent, inkludert:<\/p>\n<ul data-start=\"4176\" data-end=\"4505\">\n<li data-start=\"4176\" data-end=\"4228\">\n<p data-start=\"4178\" data-end=\"4228\">Identifisering av materialet som ble fjernet.<\/p>\n<\/li>\n<li data-start=\"4229\" data-end=\"4282\">\n<p data-start=\"4231\" data-end=\"4282\">Ditt fulle navn, adresse, telefonnummer og e-postadresse.<\/p>\n<\/li>\n<li data-start=\"4283\" data-end=\"4377\">\n<p data-start=\"4285\" data-end=\"4377\">En erkl\u00e6ring som samtykker i jurisdiksjonen til den aktuelle amerikanske f\u00f8derale distriktsdomstolen.<\/p>\n<\/li>\n<li data-start=\"4378\" data-end=\"4462\">\n<p data-start=\"4380\" data-end=\"4462\">En uttalelse, under straff for mened, om at materialet ble fjernet ved en feiltakelse.<\/p>\n<\/li>\n<li data-start=\"4463\" data-end=\"4505\">\n<p data-start=\"4465\" data-end=\"4505\">Din fysiske eller elektroniske signatur.<\/p>\n<\/li>\n<\/ul>\n<p data-start=\"4507\" data-end=\"4665\">Vi vil videresende motanmeldelsen din til den opprinnelige saks\u00f8keren. Med mindre de reiser sak innen 10 virkedager, kan materialet bli gjenopprettet.<\/p>\n<hr data-start=\"4667\" data-end=\"4670\" \/>\n<h2 data-start=\"4672\" data-end=\"4700\">Oppsigelse av kontoer<\/h2>\n<p data-start=\"4702\" data-end=\"4845\">LexonStream forbeholder seg retten til \u00e5 suspendere eller avslutte brukerkontoer som gjentatte ganger bryter opphavsrett eller andre immaterielle rettigheter.<\/p>\n<hr data-start=\"4847\" data-end=\"4850\" \/>\n<h2 data-start=\"4852\" data-end=\"4876\">Ansvarsfraskrivelse<\/h2>\n<p data-start=\"4878\" data-end=\"5092\">LexonStream, dets ledere, ansatte og tilknyttede selskaper fraskriver seg alt ansvar for skader, tap eller krav som f\u00f8lge av bruk av plattformen v\u00e5r eller innhold fra tredjeparter. Brukere bruker tjenestene v\u00e5re p\u00e5 egen risiko.<\/p>\n<hr data-start=\"5094\" data-end=\"5097\" \/>\n<h2 data-start=\"5099\" data-end=\"5117\">Gjeldende lov<\/h2>\n<p data-start=\"5119\" data-end=\"5208\">Denne DMCA-policyen skal reguleres av og tolkes i samsvar med gjeldende lover.<\/p>\n<hr data-start=\"5210\" data-end=\"5213\" \/>\n<h2 data-start=\"5215\" data-end=\"5230\">Kontakt oss<\/h2>\n<p data-start=\"5232\" data-end=\"5294\">For sp\u00f8rsm\u00e5l eller bekymringer ang\u00e5ende denne policyen, vennligst kontakt:<\/p>\n<p data-start=\"5296\" data-end=\"5384\"><a class=\"decorated-link cursor-pointer\" href=\"mailto:support@lexonstream.com\" rel=\"noopener\" data-start=\"5301\" data-end=\"5324\"> support@lexonstream.com<\/a><br data-start=\"5326\" data-end=\"5329\" \/><a class=\"decorated-link cursor-pointer\" href=\"https:\/\/lexonstream.com\/nb\/kontakter\/\" target=\"_new\" rel=\"noopener\" data-start=\"5332\" data-end=\"5382\"> www.lexonstream.com<\/a><\/p>\n\n\t\t<\/div>\n\t<\/div>\n<\/div><\/div><\/div><\/div><\/section>\n<\/div>","protected":false},"excerpt":{"rendered":"LexonStream is a technology platform that provides users with access to IPTV services offered by independent third-party providers. We do not host, store, or transmit any content on our servers. All media remains the property of its rightful rights holders. LexonStream respects intellectual property rights and is committed to complying with the Digital Millennium Copyright Act (DMCA). This policy explains the procedures we follow for reporting and responding to copyright infringement claims. LexonStream has no control over, and assumes no responsibility for, the content, availability, privacy policies, or practices of any third-party providers. Any copyright issues regarding content delivered through external sources should be directed to the original rights holders or service providers. Digital Millennium Copyright Act The DMCA, enacted in 1998, addresses copyright challenges in the digital era, particularly [...]","protected":false},"author":1,"featured_media":0,"parent":0,"menu_order":0,"comment_status":"closed","ping_status":"closed","template":"","meta":{"footnotes":""},"class_list":["post-10890","page","type-page","status-publish","hentry"],"yoast_head":"<!-- This site is optimized with the Yoast SEO plugin v26.7 - https:\/\/yoast.com\/wordpress\/plugins\/seo\/ -->\n<title>DMCA Policy - LexonStream<\/title>\n<meta name=\"robots\" content=\"noindex, follow\" \/>\n<meta property=\"og:locale\" content=\"nb_NO\" \/>\n<meta property=\"og:type\" content=\"article\" \/>\n<meta property=\"og:title\" content=\"DMCA Policy - LexonStream\" \/>\n<meta property=\"og:url\" content=\"https:\/\/lexonstream.com\/nb\/dmca-policy\/\" \/>\n<meta property=\"og:site_name\" content=\"LexonStream\" \/>\n<meta property=\"article:modified_time\" content=\"2025-10-01T10:09:41+00:00\" \/>\n<meta name=\"twitter:card\" content=\"summary_large_image\" \/>\n<meta name=\"twitter:label1\" content=\"Ansl. lesetid\" \/>\n\t<meta name=\"twitter:data1\" content=\"4 minutter\" \/>\n<script type=\"application\/ld+json\" class=\"yoast-schema-graph\">{\"@context\":\"https:\/\/schema.org\",\"@graph\":[{\"@type\":\"WebPage\",\"@id\":\"https:\/\/lexonstream.com\/dmca-policy\/\",\"url\":\"https:\/\/lexonstream.com\/dmca-policy\/\",\"name\":\"DMCA Policy - LexonStream\",\"isPartOf\":{\"@id\":\"https:\/\/lexonstream.com\/#website\"},\"datePublished\":\"2025-09-10T12:46:56+00:00\",\"dateModified\":\"2025-10-01T10:09:41+00:00\",\"breadcrumb\":{\"@id\":\"https:\/\/lexonstream.com\/dmca-policy\/#breadcrumb\"},\"inLanguage\":\"nb-NO\",\"potentialAction\":[{\"@type\":\"ReadAction\",\"target\":[\"https:\/\/lexonstream.com\/dmca-policy\/\"]}]},{\"@type\":\"BreadcrumbList\",\"@id\":\"https:\/\/lexonstream.com\/dmca-policy\/#breadcrumb\",\"itemListElement\":[{\"@type\":\"ListItem\",\"position\":1,\"name\":\"Home\",\"item\":\"https:\/\/lexonstream.com\/\"},{\"@type\":\"ListItem\",\"position\":2,\"name\":\"DMCA Policy\"}]},{\"@type\":\"WebSite\",\"@id\":\"https:\/\/lexonstream.com\/#website\",\"url\":\"https:\/\/lexonstream.com\/\",\"name\":\"LexonStream\",\"description\":\"Premium IPTV Subscription Worldwide\",\"publisher\":{\"@id\":\"https:\/\/lexonstream.com\/#organization\"},\"potentialAction\":[{\"@type\":\"SearchAction\",\"target\":{\"@type\":\"EntryPoint\",\"urlTemplate\":\"https:\/\/lexonstream.com\/?s={search_term_string}\"},\"query-input\":{\"@type\":\"PropertyValueSpecification\",\"valueRequired\":true,\"valueName\":\"search_term_string\"}}],\"inLanguage\":\"nb-NO\"},{\"@type\":\"Organization\",\"@id\":\"https:\/\/lexonstream.com\/#organization\",\"name\":\"LexonStream\",\"url\":\"https:\/\/lexonstream.com\/\",\"logo\":{\"@type\":\"ImageObject\",\"inLanguage\":\"nb-NO\",\"@id\":\"https:\/\/lexonstream.com\/#\/schema\/logo\/image\/\",\"url\":\"https:\/\/lexonstream.com\/wp-content\/uploads\/2025\/09\/LexonStream-Logo-Black-1.png\",\"contentUrl\":\"https:\/\/lexonstream.com\/wp-content\/uploads\/2025\/09\/LexonStream-Logo-Black-1.png\",\"width\":1000,\"height\":390,\"caption\":\"LexonStream\"},\"image\":{\"@id\":\"https:\/\/lexonstream.com\/#\/schema\/logo\/image\/\"}}]}<\/script>\n<!-- \/ Yoast SEO plugin. -->","yoast_head_json":{"title":"DMCA-policy \u2013 LexonStream","robots":{"index":"noindex","follow":"follow"},"og_locale":"nb_NO","og_type":"article","og_title":"DMCA Policy - LexonStream","og_url":"https:\/\/lexonstream.com\/nb\/dmca-policy\/","og_site_name":"LexonStream","article_modified_time":"2025-10-01T10:09:41+00:00","twitter_card":"summary_large_image","twitter_misc":{"Ansl. lesetid":"4 minutter"},"schema":{"@context":"https:\/\/schema.org","@graph":[{"@type":"WebPage","@id":"https:\/\/lexonstream.com\/dmca-policy\/","url":"https:\/\/lexonstream.com\/dmca-policy\/","name":"DMCA-policy \u2013 LexonStream","isPartOf":{"@id":"https:\/\/lexonstream.com\/#website"},"datePublished":"2025-09-10T12:46:56+00:00","dateModified":"2025-10-01T10:09:41+00:00","breadcrumb":{"@id":"https:\/\/lexonstream.com\/dmca-policy\/#breadcrumb"},"inLanguage":"nb-NO","potentialAction":[{"@type":"ReadAction","target":["https:\/\/lexonstream.com\/dmca-policy\/"]}]},{"@type":"BreadcrumbList","@id":"https:\/\/lexonstream.com\/dmca-policy\/#breadcrumb","itemListElement":[{"@type":"ListItem","position":1,"name":"Home","item":"https:\/\/lexonstream.com\/"},{"@type":"ListItem","position":2,"name":"DMCA Policy"}]},{"@type":"WebSite","@id":"https:\/\/lexonstream.com\/#website","url":"https:\/\/lexonstream.com\/","name":"LexonStream","description":"Premium IPTV-abonnement over hele verden","publisher":{"@id":"https:\/\/lexonstream.com\/#organization"},"potentialAction":[{"@type":"SearchAction","target":{"@type":"EntryPoint","urlTemplate":"https:\/\/lexonstream.com\/?s={search_term_string}"},"query-input":{"@type":"PropertyValueSpecification","valueRequired":true,"valueName":"search_term_string"}}],"inLanguage":"nb-NO"},{"@type":"Organization","@id":"https:\/\/lexonstream.com\/#organization","name":"LexonStream","url":"https:\/\/lexonstream.com\/","logo":{"@type":"ImageObject","inLanguage":"nb-NO","@id":"https:\/\/lexonstream.com\/#\/schema\/logo\/image\/","url":"https:\/\/lexonstream.com\/wp-content\/uploads\/2025\/09\/LexonStream-Logo-Black-1.png","contentUrl":"https:\/\/lexonstream.com\/wp-content\/uploads\/2025\/09\/LexonStream-Logo-Black-1.png","width":1000,"height":390,"caption":"LexonStream"},"image":{"@id":"https:\/\/lexonstream.com\/#\/schema\/logo\/image\/"}}]}},"_links":{"self":[{"href":"https:\/\/lexonstream.com\/nb\/wp-json\/wp\/v2\/pages\/10890","targetHints":{"allow":["GET"]}}],"collection":[{"href":"https:\/\/lexonstream.com\/nb\/wp-json\/wp\/v2\/pages"}],"about":[{"href":"https:\/\/lexonstream.com\/nb\/wp-json\/wp\/v2\/types\/page"}],"author":[{"embeddable":true,"href":"https:\/\/lexonstream.com\/nb\/wp-json\/wp\/v2\/users\/1"}],"replies":[{"embeddable":true,"href":"https:\/\/lexonstream.com\/nb\/wp-json\/wp\/v2\/comments?post=10890"}],"version-history":[{"count":1,"href":"https:\/\/lexonstream.com\/nb\/wp-json\/wp\/v2\/pages\/10890\/revisions"}],"predecessor-version":[{"id":11373,"href":"https:\/\/lexonstream.com\/nb\/wp-json\/wp\/v2\/pages\/10890\/revisions\/11373"}],"wp:attachment":[{"href":"https:\/\/lexonstream.com\/nb\/wp-json\/wp\/v2\/media?parent=10890"}],"curies":[{"name":"wp","href":"https:\/\/api.w.org\/{rel}","templated":true}]}}