{"id":10911,"date":"2025-09-10T14:32:18","date_gmt":"2025-09-10T13:32:18","guid":{"rendered":"https:\/\/lexonstream.com\/?page_id=10911"},"modified":"2025-10-01T11:17:32","modified_gmt":"2025-10-01T10:17:32","slug":"politica-di-rimborso","status":"publish","type":"page","link":"https:\/\/lexonstream.com\/it\/politica-di-rimborso\/","title":{"rendered":"Politica di rimborso"},"content":{"rendered":"<div class=\"wpb-content-wrapper\"><section class=\"vc_section\"><div class=\"vc_row wpb_row vc_row-fluid\"><div class=\"wpb_column vc_column_container vc_col-sm-12\"><div class=\"vc_column-inner\"><div class=\"wpb_wrapper\">\n\t<div class=\"wpb_text_column wpb_content_element\" >\n\t\t<div class=\"wpb_wrapper\">\n\t\t\t<p data-start=\"131\" data-end=\"321\">Grazie per aver scelto <strong data-start=\"154\" data-end=\"169\">LexonStream<\/strong>. Apprezziamo la vostra fiducia e ci impegniamo a offrirvi un&#039;esperienza IPTV fluida e affidabile. Vi preghiamo di leggere attentamente la nostra politica sui rimborsi prima di effettuare un acquisto.<\/p>\n<hr data-start=\"323\" data-end=\"326\" \/>\n<h2 data-start=\"328\" data-end=\"363\">Politica di rimborso e modifica<\/h2>\n<ul>\n<li data-start=\"366\" data-end=\"461\">Una volta che il tuo abbonamento \u00e8 stato <strong data-start=\"398\" data-end=\"411\">attivato<\/strong>, rimborsi o modifiche sono <strong data-start=\"442\" data-end=\"458\">non \u00e8 possibile<\/strong>.<\/li>\n<li>LexonStream fornisce un <strong data-start=\"298\" data-end=\"320\">Prova gratuita di 24 ore<\/strong> cos\u00ec puoi provare il nostro servizio prima di effettuare un acquisto. Per questo motivo, non vengono offerti rimborsi dopo l&#039;attivazione di un abbonamento.<\/li>\n<li data-start=\"464\" data-end=\"588\">La responsabilit\u00e0 di LexonStream \u00e8 limitata all&#039;attivazione dell&#039;abbonamento per la durata selezionata al momento dell&#039;acquisto.<\/li>\n<li data-start=\"591\" data-end=\"713\">Dopo l&#039;attivazione, invieremo un <strong data-start=\"623\" data-end=\"645\">email di conferma <\/strong>al tuo indirizzo email registrato.<\/li>\n<\/ul>\n<hr data-start=\"715\" data-end=\"718\" \/>\n<h2 data-start=\"720\" data-end=\"743\">Processo di attivazione<\/h2>\n<ul data-start=\"744\" data-end=\"935\">\n<li data-start=\"744\" data-end=\"846\">\n<p data-start=\"746\" data-end=\"846\">Il nostro obiettivo \u00e8 attivare e consegnare il tuo abbonamento IPTV entro <strong data-start=\"807\" data-end=\"819\">24 ore<\/strong> di aver ricevuto il tuo ordine.<\/p>\n<\/li>\n<li data-start=\"847\" data-end=\"935\">\n<p data-start=\"849\" data-end=\"935\">Per garantire un&#039;attivazione senza problemi, si prega di fornire il proprio <strong data-start=\"898\" data-end=\"913\">tipo di dispositivo<\/strong> nelle note dell&#039;ordine.<\/p>\n<\/li>\n<\/ul>\n<hr data-start=\"937\" data-end=\"940\" \/>\n<h2 data-start=\"942\" data-end=\"965\">Informazioni sul dispositivo<\/h2>\n<ul data-start=\"966\" data-end=\"1163\">\n<li data-start=\"966\" data-end=\"1061\">\n<p data-start=\"968\" data-end=\"1061\">Se non vengono forniti dettagli sul dispositivo, emetteremo un <strong data-start=\"1020\" data-end=\"1036\">Playlist M3U<\/strong> come formato predefinito.<\/p>\n<\/li>\n<li data-start=\"1062\" data-end=\"1163\">\n<p data-start=\"1064\" data-end=\"1163\">Una volta consegnato un formato, non possiamo modificarlo n\u00e9 fornirne uno sostitutivo in un altro formato.<\/p>\n<\/li>\n<\/ul>\n<hr data-start=\"1165\" data-end=\"1168\" \/>\n<h2 data-start=\"1170\" data-end=\"1205\">Dichiarazione di esclusione di responsabilit\u00e0 sui contenuti e sui servizi<\/h2>\n<p data-start=\"1206\" data-end=\"1220\">Notare che:<\/p>\n<ul data-start=\"1222\" data-end=\"1401\">\n<li data-start=\"1222\" data-end=\"1307\">\n<p data-start=\"1224\" data-end=\"1307\">LexonStream non ospita n\u00e9 controlla i contenuti disponibili tramite i servizi IPTV.<\/p>\n<\/li>\n<li data-start=\"1308\" data-end=\"1401\">\n<p data-start=\"1310\" data-end=\"1401\">Non siamo responsabili della qualit\u00e0, della disponibilit\u00e0 o della legalit\u00e0 dei contenuti di terze parti.<\/p>\n<\/li>\n<\/ul>\n<hr data-start=\"1403\" data-end=\"1406\" \/>\n<h2 data-start=\"1408\" data-end=\"1432\">Informazioni sui contatti<\/h2>\n<p data-start=\"1433\" data-end=\"1505\">Per qualsiasi domanda relativa alla presente Politica di rimborso, contattateci:<\/p>\n<p data-start=\"1507\" data-end=\"1595\"><a class=\"decorated-link cursor-pointer\" rel=\"noopener\" data-start=\"1512\" data-end=\"1535\">support@lexonstream.com<\/a><br data-start=\"1537\" data-end=\"1540\" \/><a class=\"decorated-link cursor-pointer\" href=\"https:\/\/lexonstream.com\/it\/contatti\/\" target=\"_new\" rel=\"noopener\" data-start=\"1543\" data-end=\"1593\">www.lexonstream.com<\/a><\/p>\n\n\t\t<\/div>\n\t<\/div>\n<\/div><\/div><\/div><\/div><\/section>\n<\/div>","protected":false},"excerpt":{"rendered":"Thank you for choosing LexonStream. We value your trust and strive to provide a smooth and reliable IPTV experience. Please review our refund policy carefully before making a purchase. Refund and Modification Policy Once your subscription has been activated, refunds or modifications are not possible. LexonStream provides a 24-hour free trial so you can test our service before making a purchase. For this reason, refunds are not offered after a subscription has been activated. LexonStream\u2019s responsibility is limited to activating your subscription for the duration selected at the time of purchase. Upon activation, we will send a confirmation email to your registered email address. Activation Process We aim to activate and deliver your IPTV subscription within 24 hours of receiving your order. To ensure smooth activation, please provide your device [...]","protected":false},"author":1,"featured_media":0,"parent":0,"menu_order":0,"comment_status":"closed","ping_status":"closed","template":"","meta":{"footnotes":""},"class_list":["post-10911","page","type-page","status-publish","hentry"],"yoast_head":"<!-- This site is optimized with the Yoast SEO plugin v26.7 - https:\/\/yoast.com\/wordpress\/plugins\/seo\/ -->\n<title>Refund Policy - LexonStream<\/title>\n<meta name=\"robots\" content=\"noindex, follow\" \/>\n<meta property=\"og:locale\" content=\"it_IT\" \/>\n<meta property=\"og:type\" content=\"article\" \/>\n<meta property=\"og:title\" content=\"Refund Policy - LexonStream\" \/>\n<meta property=\"og:url\" content=\"https:\/\/lexonstream.com\/it\/politica-di-rimborso\/\" \/>\n<meta property=\"og:site_name\" content=\"LexonStream\" \/>\n<meta property=\"article:modified_time\" content=\"2025-10-01T10:17:32+00:00\" \/>\n<meta name=\"twitter:card\" content=\"summary_large_image\" \/>\n<meta name=\"twitter:label1\" content=\"Tempo di lettura stimato\" \/>\n\t<meta name=\"twitter:data1\" content=\"1 minuto\" \/>\n<script type=\"application\/ld+json\" class=\"yoast-schema-graph\">{\"@context\":\"https:\/\/schema.org\",\"@graph\":[{\"@type\":\"WebPage\",\"@id\":\"https:\/\/lexonstream.com\/refund-policy\/\",\"url\":\"https:\/\/lexonstream.com\/refund-policy\/\",\"name\":\"Refund Policy - LexonStream\",\"isPartOf\":{\"@id\":\"https:\/\/lexonstream.com\/#website\"},\"datePublished\":\"2025-09-10T13:32:18+00:00\",\"dateModified\":\"2025-10-01T10:17:32+00:00\",\"breadcrumb\":{\"@id\":\"https:\/\/lexonstream.com\/refund-policy\/#breadcrumb\"},\"inLanguage\":\"it-IT\",\"potentialAction\":[{\"@type\":\"ReadAction\",\"target\":[\"https:\/\/lexonstream.com\/refund-policy\/\"]}]},{\"@type\":\"BreadcrumbList\",\"@id\":\"https:\/\/lexonstream.com\/refund-policy\/#breadcrumb\",\"itemListElement\":[{\"@type\":\"ListItem\",\"position\":1,\"name\":\"Home\",\"item\":\"https:\/\/lexonstream.com\/\"},{\"@type\":\"ListItem\",\"position\":2,\"name\":\"Refund Policy\"}]},{\"@type\":\"WebSite\",\"@id\":\"https:\/\/lexonstream.com\/#website\",\"url\":\"https:\/\/lexonstream.com\/\",\"name\":\"LexonStream\",\"description\":\"Premium IPTV Subscription Worldwide\",\"publisher\":{\"@id\":\"https:\/\/lexonstream.com\/#organization\"},\"potentialAction\":[{\"@type\":\"SearchAction\",\"target\":{\"@type\":\"EntryPoint\",\"urlTemplate\":\"https:\/\/lexonstream.com\/?s={search_term_string}\"},\"query-input\":{\"@type\":\"PropertyValueSpecification\",\"valueRequired\":true,\"valueName\":\"search_term_string\"}}],\"inLanguage\":\"it-IT\"},{\"@type\":\"Organization\",\"@id\":\"https:\/\/lexonstream.com\/#organization\",\"name\":\"LexonStream\",\"url\":\"https:\/\/lexonstream.com\/\",\"logo\":{\"@type\":\"ImageObject\",\"inLanguage\":\"it-IT\",\"@id\":\"https:\/\/lexonstream.com\/#\/schema\/logo\/image\/\",\"url\":\"https:\/\/lexonstream.com\/wp-content\/uploads\/2025\/09\/LexonStream-Logo-Black-1.png\",\"contentUrl\":\"https:\/\/lexonstream.com\/wp-content\/uploads\/2025\/09\/LexonStream-Logo-Black-1.png\",\"width\":1000,\"height\":390,\"caption\":\"LexonStream\"},\"image\":{\"@id\":\"https:\/\/lexonstream.com\/#\/schema\/logo\/image\/\"}}]}<\/script>\n<!-- \/ Yoast SEO plugin. -->","yoast_head_json":{"title":"Politica di rimborso - LexonStream","robots":{"index":"noindex","follow":"follow"},"og_locale":"it_IT","og_type":"article","og_title":"Refund Policy - LexonStream","og_url":"https:\/\/lexonstream.com\/it\/politica-di-rimborso\/","og_site_name":"LexonStream","article_modified_time":"2025-10-01T10:17:32+00:00","twitter_card":"summary_large_image","twitter_misc":{"Tempo di lettura stimato":"1 minuto"},"schema":{"@context":"https:\/\/schema.org","@graph":[{"@type":"WebPage","@id":"https:\/\/lexonstream.com\/refund-policy\/","url":"https:\/\/lexonstream.com\/refund-policy\/","name":"Politica di rimborso - LexonStream","isPartOf":{"@id":"https:\/\/lexonstream.com\/#website"},"datePublished":"2025-09-10T13:32:18+00:00","dateModified":"2025-10-01T10:17:32+00:00","breadcrumb":{"@id":"https:\/\/lexonstream.com\/refund-policy\/#breadcrumb"},"inLanguage":"it-IT","potentialAction":[{"@type":"ReadAction","target":["https:\/\/lexonstream.com\/refund-policy\/"]}]},{"@type":"BreadcrumbList","@id":"https:\/\/lexonstream.com\/refund-policy\/#breadcrumb","itemListElement":[{"@type":"ListItem","position":1,"name":"Home","item":"https:\/\/lexonstream.com\/"},{"@type":"ListItem","position":2,"name":"Refund Policy"}]},{"@type":"WebSite","@id":"https:\/\/lexonstream.com\/#website","url":"https:\/\/lexonstream.com\/","name":"LexonStream","description":"Abbonamento IPTV Premium in tutto il mondo","publisher":{"@id":"https:\/\/lexonstream.com\/#organization"},"potentialAction":[{"@type":"SearchAction","target":{"@type":"EntryPoint","urlTemplate":"https:\/\/lexonstream.com\/?s={search_term_string}"},"query-input":{"@type":"PropertyValueSpecification","valueRequired":true,"valueName":"search_term_string"}}],"inLanguage":"it-IT"},{"@type":"Organization","@id":"https:\/\/lexonstream.com\/#organization","name":"LexonStream","url":"https:\/\/lexonstream.com\/","logo":{"@type":"ImageObject","inLanguage":"it-IT","@id":"https:\/\/lexonstream.com\/#\/schema\/logo\/image\/","url":"https:\/\/lexonstream.com\/wp-content\/uploads\/2025\/09\/LexonStream-Logo-Black-1.png","contentUrl":"https:\/\/lexonstream.com\/wp-content\/uploads\/2025\/09\/LexonStream-Logo-Black-1.png","width":1000,"height":390,"caption":"LexonStream"},"image":{"@id":"https:\/\/lexonstream.com\/#\/schema\/logo\/image\/"}}]}},"_links":{"self":[{"href":"https:\/\/lexonstream.com\/it\/wp-json\/wp\/v2\/pages\/10911","targetHints":{"allow":["GET"]}}],"collection":[{"href":"https:\/\/lexonstream.com\/it\/wp-json\/wp\/v2\/pages"}],"about":[{"href":"https:\/\/lexonstream.com\/it\/wp-json\/wp\/v2\/types\/page"}],"author":[{"embeddable":true,"href":"https:\/\/lexonstream.com\/it\/wp-json\/wp\/v2\/users\/1"}],"replies":[{"embeddable":true,"href":"https:\/\/lexonstream.com\/it\/wp-json\/wp\/v2\/comments?post=10911"}],"version-history":[{"count":1,"href":"https:\/\/lexonstream.com\/it\/wp-json\/wp\/v2\/pages\/10911\/revisions"}],"predecessor-version":[{"id":11403,"href":"https:\/\/lexonstream.com\/it\/wp-json\/wp\/v2\/pages\/10911\/revisions\/11403"}],"wp:attachment":[{"href":"https:\/\/lexonstream.com\/it\/wp-json\/wp\/v2\/media?parent=10911"}],"curies":[{"name":"wp","href":"https:\/\/api.w.org\/{rel}","templated":true}]}}