{"id":10824,"date":"2025-09-09T17:13:29","date_gmt":"2025-09-09T16:13:29","guid":{"rendered":"https:\/\/lexonstream.com\/?page_id=10824"},"modified":"2025-10-01T11:01:51","modified_gmt":"2025-10-01T10:01:51","slug":"chi-siamo","status":"publish","type":"page","link":"https:\/\/lexonstream.com\/it\/chi-siamo\/","title":{"rendered":"Chi siamo"},"content":{"rendered":"<div class=\"wpb-content-wrapper\"><div class=\"vc_row wpb_row vc_row-fluid\"><div class=\"wpb_column vc_column_container vc_col-sm-12\"><div class=\"vc_column-inner\"><div class=\"wpb_wrapper\">\n\t<div class=\"wpb_text_column wpb_content_element\" >\n\t\t<div class=\"wpb_wrapper\">\n\t\t\t<p>Grazie per aver scelto <strong>LexonStream<\/strong>! Forniamo servizi IPTV premium disponibili in tutto il mondo, con <strong>attivazione immediata<\/strong> E <strong>facile installazione<\/strong> cos\u00ec puoi iniziare subito a guardare. Il nostro team di supporto \u00e8 qui per garantire che tu possa sempre godere della migliore esperienza di streaming.<\/p>\n<p>Grazie alla nostra vasta esperienza nell&#039;IPTV, siamo diventati un fornitore affidabile per clienti in tutto il mondo. Puoi goderti LexonStream su tutti i tuoi dispositivi preferiti, <strong>Smart TV, laptop, tablet, smartphone, Firestick e altro ancora<\/strong>.<\/p>\n<p>Per chi desidera espandersi, offriamo anche <strong>opportunit\u00e0 di rivendita<\/strong>, dandoti la possibilit\u00e0 di creare la tua attivit\u00e0 e guadagnare da casa. Con prezzi accessibili sia per gli spettatori che per i rivenditori, non c&#039;\u00e8 mai stato un momento migliore per entrare a far parte della community di LexonStream.<\/p>\n\n\t\t<\/div>\n\t<\/div>\n<\/div><\/div><\/div><\/div><\/div>","protected":false},"excerpt":{"rendered":"Thank you for choosing LexonStream! We provide premium IPTV services available worldwide, with instant activation and easy setup so you can start watching right away. Our support team is here to ensure you always get the smoothest streaming experience. With extensive experience in IPTV, we\u2019ve grown into a trusted provider for customers around the globe. You can enjoy LexonStream on all your favorite devices, Smart TVs, laptops, tablets, smartphones, Firestick, and more. For those looking to expand, we also offer reseller opportunities, giving you the chance to build your own business and earn from home. With affordable pricing for both viewers and resellers, there\u2019s never been a better time to join the LexonStream community.","protected":false},"author":1,"featured_media":0,"parent":0,"menu_order":0,"comment_status":"closed","ping_status":"closed","template":"","meta":{"footnotes":""},"class_list":["post-10824","page","type-page","status-publish","hentry"],"yoast_head":"<!-- This site is optimized with the Yoast SEO plugin v27.4 - https:\/\/yoast.com\/product\/yoast-seo-wordpress\/ -->\n<title>About Us - LexonStream<\/title>\n<meta name=\"robots\" content=\"index, follow, max-snippet:-1, max-image-preview:large, max-video-preview:-1\" \/>\n<link rel=\"canonical\" href=\"https:\/\/lexonstream.com\/it\/chi-siamo\/\" \/>\n<meta property=\"og:locale\" content=\"it_IT\" \/>\n<meta property=\"og:type\" content=\"article\" \/>\n<meta property=\"og:title\" content=\"About Us - LexonStream\" \/>\n<meta property=\"og:url\" content=\"https:\/\/lexonstream.com\/it\/chi-siamo\/\" \/>\n<meta property=\"og:site_name\" content=\"LexonStream\" \/>\n<meta property=\"article:modified_time\" content=\"2025-10-01T10:01:51+00:00\" \/>\n<meta name=\"twitter:card\" content=\"summary_large_image\" \/>\n<meta name=\"twitter:label1\" content=\"Tempo di lettura stimato\" \/>\n\t<meta name=\"twitter:data1\" content=\"1 minuto\" \/>\n<script type=\"application\/ld+json\" class=\"yoast-schema-graph\">{\"@context\":\"https:\\\/\\\/schema.org\",\"@graph\":[{\"@type\":[\"WebPage\",\"AboutPage\"],\"@id\":\"https:\\\/\\\/lexonstream.com\\\/about-us\\\/\",\"url\":\"https:\\\/\\\/lexonstream.com\\\/about-us\\\/\",\"name\":\"About Us - LexonStream\",\"isPartOf\":{\"@id\":\"https:\\\/\\\/lexonstream.com\\\/#website\"},\"datePublished\":\"2025-09-09T16:13:29+00:00\",\"dateModified\":\"2025-10-01T10:01:51+00:00\",\"breadcrumb\":{\"@id\":\"https:\\\/\\\/lexonstream.com\\\/about-us\\\/#breadcrumb\"},\"inLanguage\":\"it-IT\",\"potentialAction\":[{\"@type\":\"ReadAction\",\"target\":[\"https:\\\/\\\/lexonstream.com\\\/about-us\\\/\"]}]},{\"@type\":\"BreadcrumbList\",\"@id\":\"https:\\\/\\\/lexonstream.com\\\/about-us\\\/#breadcrumb\",\"itemListElement\":[{\"@type\":\"ListItem\",\"position\":1,\"name\":\"Home\",\"item\":\"https:\\\/\\\/lexonstream.com\\\/\"},{\"@type\":\"ListItem\",\"position\":2,\"name\":\"About Us\"}]},{\"@type\":\"WebSite\",\"@id\":\"https:\\\/\\\/lexonstream.com\\\/#website\",\"url\":\"https:\\\/\\\/lexonstream.com\\\/\",\"name\":\"LexonStream\",\"description\":\"Premium IPTV Subscription Worldwide\",\"publisher\":{\"@id\":\"https:\\\/\\\/lexonstream.com\\\/#organization\"},\"potentialAction\":[{\"@type\":\"SearchAction\",\"target\":{\"@type\":\"EntryPoint\",\"urlTemplate\":\"https:\\\/\\\/lexonstream.com\\\/?s={search_term_string}\"},\"query-input\":{\"@type\":\"PropertyValueSpecification\",\"valueRequired\":true,\"valueName\":\"search_term_string\"}}],\"inLanguage\":\"it-IT\"},{\"@type\":\"Organization\",\"@id\":\"https:\\\/\\\/lexonstream.com\\\/#organization\",\"name\":\"LexonStream\",\"url\":\"https:\\\/\\\/lexonstream.com\\\/\",\"logo\":{\"@type\":\"ImageObject\",\"inLanguage\":\"it-IT\",\"@id\":\"https:\\\/\\\/lexonstream.com\\\/#\\\/schema\\\/logo\\\/image\\\/\",\"url\":\"https:\\\/\\\/lexonstream.com\\\/wp-content\\\/uploads\\\/2025\\\/09\\\/LexonStream-Logo-Black-1.png\",\"contentUrl\":\"https:\\\/\\\/lexonstream.com\\\/wp-content\\\/uploads\\\/2025\\\/09\\\/LexonStream-Logo-Black-1.png\",\"width\":1000,\"height\":390,\"caption\":\"LexonStream\"},\"image\":{\"@id\":\"https:\\\/\\\/lexonstream.com\\\/#\\\/schema\\\/logo\\\/image\\\/\"}}]}<\/script>\n<!-- \/ Yoast SEO plugin. -->","yoast_head_json":{"title":"Chi siamo - LexonStream","robots":{"index":"index","follow":"follow","max-snippet":"max-snippet:-1","max-image-preview":"max-image-preview:large","max-video-preview":"max-video-preview:-1"},"canonical":"https:\/\/lexonstream.com\/it\/chi-siamo\/","og_locale":"it_IT","og_type":"article","og_title":"About Us - LexonStream","og_url":"https:\/\/lexonstream.com\/it\/chi-siamo\/","og_site_name":"LexonStream","article_modified_time":"2025-10-01T10:01:51+00:00","twitter_card":"summary_large_image","twitter_misc":{"Tempo di lettura stimato":"1 minuto"},"schema":{"@context":"https:\/\/schema.org","@graph":[{"@type":["WebPage","AboutPage"],"@id":"https:\/\/lexonstream.com\/about-us\/","url":"https:\/\/lexonstream.com\/about-us\/","name":"Chi siamo - LexonStream","isPartOf":{"@id":"https:\/\/lexonstream.com\/#website"},"datePublished":"2025-09-09T16:13:29+00:00","dateModified":"2025-10-01T10:01:51+00:00","breadcrumb":{"@id":"https:\/\/lexonstream.com\/about-us\/#breadcrumb"},"inLanguage":"it-IT","potentialAction":[{"@type":"ReadAction","target":["https:\/\/lexonstream.com\/about-us\/"]}]},{"@type":"BreadcrumbList","@id":"https:\/\/lexonstream.com\/about-us\/#breadcrumb","itemListElement":[{"@type":"ListItem","position":1,"name":"Home","item":"https:\/\/lexonstream.com\/"},{"@type":"ListItem","position":2,"name":"About Us"}]},{"@type":"WebSite","@id":"https:\/\/lexonstream.com\/#website","url":"https:\/\/lexonstream.com\/","name":"LexonStream","description":"Abbonamento IPTV Premium in tutto il mondo","publisher":{"@id":"https:\/\/lexonstream.com\/#organization"},"potentialAction":[{"@type":"SearchAction","target":{"@type":"EntryPoint","urlTemplate":"https:\/\/lexonstream.com\/?s={search_term_string}"},"query-input":{"@type":"PropertyValueSpecification","valueRequired":true,"valueName":"search_term_string"}}],"inLanguage":"it-IT"},{"@type":"Organization","@id":"https:\/\/lexonstream.com\/#organization","name":"LexonStream","url":"https:\/\/lexonstream.com\/","logo":{"@type":"ImageObject","inLanguage":"it-IT","@id":"https:\/\/lexonstream.com\/#\/schema\/logo\/image\/","url":"https:\/\/lexonstream.com\/wp-content\/uploads\/2025\/09\/LexonStream-Logo-Black-1.png","contentUrl":"https:\/\/lexonstream.com\/wp-content\/uploads\/2025\/09\/LexonStream-Logo-Black-1.png","width":1000,"height":390,"caption":"LexonStream"},"image":{"@id":"https:\/\/lexonstream.com\/#\/schema\/logo\/image\/"}}]}},"_links":{"self":[{"href":"https:\/\/lexonstream.com\/it\/wp-json\/wp\/v2\/pages\/10824","targetHints":{"allow":["GET"]}}],"collection":[{"href":"https:\/\/lexonstream.com\/it\/wp-json\/wp\/v2\/pages"}],"about":[{"href":"https:\/\/lexonstream.com\/it\/wp-json\/wp\/v2\/types\/page"}],"author":[{"embeddable":true,"href":"https:\/\/lexonstream.com\/it\/wp-json\/wp\/v2\/users\/1"}],"replies":[{"embeddable":true,"href":"https:\/\/lexonstream.com\/it\/wp-json\/wp\/v2\/comments?post=10824"}],"version-history":[{"count":1,"href":"https:\/\/lexonstream.com\/it\/wp-json\/wp\/v2\/pages\/10824\/revisions"}],"predecessor-version":[{"id":11359,"href":"https:\/\/lexonstream.com\/it\/wp-json\/wp\/v2\/pages\/10824\/revisions\/11359"}],"wp:attachment":[{"href":"https:\/\/lexonstream.com\/it\/wp-json\/wp\/v2\/media?parent=10824"}],"curies":[{"name":"wp","href":"https:\/\/api.w.org\/{rel}","templated":true}]}}