{"id":10824,"date":"2025-09-09T17:13:29","date_gmt":"2025-09-09T16:13:29","guid":{"rendered":"https:\/\/lexonstream.com\/?page_id=10824"},"modified":"2025-10-01T11:01:51","modified_gmt":"2025-10-01T10:01:51","slug":"a-propos-de-nous","status":"publish","type":"page","link":"https:\/\/lexonstream.com\/fr\/a-propos-de-nous\/","title":{"rendered":"\u00c0 propos de nous"},"content":{"rendered":"<div class=\"wpb-content-wrapper\"><div class=\"vc_row wpb_row vc_row-fluid\"><div class=\"wpb_column vc_column_container vc_col-sm-12\"><div class=\"vc_column-inner\"><div class=\"wpb_wrapper\">\n\t<div class=\"wpb_text_column wpb_content_element\" >\n\t\t<div class=\"wpb_wrapper\">\n\t\t\t<p>Merci d&#039;avoir choisi <strong>LexonStream<\/strong>Nous proposons des services IPTV premium disponibles dans le monde entier, avec <strong>activation instantan\u00e9e<\/strong> et <strong>configuration facile<\/strong> Vous pouvez donc commencer \u00e0 regarder imm\u00e9diatement. Notre \u00e9quipe d&#039;assistance est l\u00e0 pour vous garantir une exp\u00e9rience de streaming optimale.<\/p>\n<p>Forts d&#039;une vaste exp\u00e9rience dans le domaine de l&#039;IPTV, nous sommes devenus un fournisseur de confiance pour des clients du monde entier. Vous pouvez profiter de LexonStream sur tous vos appareils pr\u00e9f\u00e9r\u00e9s., <strong>T\u00e9l\u00e9viseurs intelligents, ordinateurs portables, tablettes, smartphones, Firestick et bien plus encore<\/strong>.<\/p>\n<p>Pour ceux qui souhaitent se d\u00e9velopper, nous proposons \u00e9galement <strong>opportunit\u00e9s de revendeur<\/strong>, Vous avez ainsi la possibilit\u00e9 de cr\u00e9er votre propre entreprise et de gagner de l&#039;argent depuis chez vous. Gr\u00e2ce \u00e0 des tarifs abordables pour les spectateurs comme pour les revendeurs, c&#039;est le moment id\u00e9al pour rejoindre la communaut\u00e9 LexonStream.<\/p>\n\n\t\t<\/div>\n\t<\/div>\n<\/div><\/div><\/div><\/div><\/div>","protected":false},"excerpt":{"rendered":"Thank you for choosing LexonStream! We provide premium IPTV services available worldwide, with instant activation and easy setup so you can start watching right away. Our support team is here to ensure you always get the smoothest streaming experience. With extensive experience in IPTV, we\u2019ve grown into a trusted provider for customers around the globe. You can enjoy LexonStream on all your favorite devices, Smart TVs, laptops, tablets, smartphones, Firestick, and more. For those looking to expand, we also offer reseller opportunities, giving you the chance to build your own business and earn from home. With affordable pricing for both viewers and resellers, there\u2019s never been a better time to join the LexonStream community.","protected":false},"author":1,"featured_media":0,"parent":0,"menu_order":0,"comment_status":"closed","ping_status":"closed","template":"","meta":{"footnotes":""},"class_list":["post-10824","page","type-page","status-publish","hentry"],"yoast_head":"<!-- This site is optimized with the Yoast SEO plugin v26.7 - https:\/\/yoast.com\/wordpress\/plugins\/seo\/ -->\n<title>About Us - LexonStream<\/title>\n<meta name=\"robots\" content=\"index, follow, max-snippet:-1, max-image-preview:large, max-video-preview:-1\" \/>\n<link rel=\"canonical\" href=\"https:\/\/lexonstream.com\/fr\/a-propos-de-nous\/\" \/>\n<meta property=\"og:locale\" content=\"fr_FR\" \/>\n<meta property=\"og:type\" content=\"article\" \/>\n<meta property=\"og:title\" content=\"About Us - LexonStream\" \/>\n<meta property=\"og:url\" content=\"https:\/\/lexonstream.com\/fr\/a-propos-de-nous\/\" \/>\n<meta property=\"og:site_name\" content=\"LexonStream\" \/>\n<meta property=\"article:modified_time\" content=\"2025-10-01T10:01:51+00:00\" \/>\n<meta name=\"twitter:card\" content=\"summary_large_image\" \/>\n<meta name=\"twitter:label1\" content=\"Dur\u00e9e de lecture estim\u00e9e\" \/>\n\t<meta name=\"twitter:data1\" content=\"1 minute\" \/>\n<script type=\"application\/ld+json\" class=\"yoast-schema-graph\">{\"@context\":\"https:\/\/schema.org\",\"@graph\":[{\"@type\":[\"WebPage\",\"AboutPage\"],\"@id\":\"https:\/\/lexonstream.com\/about-us\/\",\"url\":\"https:\/\/lexonstream.com\/about-us\/\",\"name\":\"About Us - LexonStream\",\"isPartOf\":{\"@id\":\"https:\/\/lexonstream.com\/#website\"},\"datePublished\":\"2025-09-09T16:13:29+00:00\",\"dateModified\":\"2025-10-01T10:01:51+00:00\",\"breadcrumb\":{\"@id\":\"https:\/\/lexonstream.com\/about-us\/#breadcrumb\"},\"inLanguage\":\"fr-FR\",\"potentialAction\":[{\"@type\":\"ReadAction\",\"target\":[\"https:\/\/lexonstream.com\/about-us\/\"]}]},{\"@type\":\"BreadcrumbList\",\"@id\":\"https:\/\/lexonstream.com\/about-us\/#breadcrumb\",\"itemListElement\":[{\"@type\":\"ListItem\",\"position\":1,\"name\":\"Home\",\"item\":\"https:\/\/lexonstream.com\/\"},{\"@type\":\"ListItem\",\"position\":2,\"name\":\"About Us\"}]},{\"@type\":\"WebSite\",\"@id\":\"https:\/\/lexonstream.com\/#website\",\"url\":\"https:\/\/lexonstream.com\/\",\"name\":\"LexonStream\",\"description\":\"Premium IPTV Subscription Worldwide\",\"publisher\":{\"@id\":\"https:\/\/lexonstream.com\/#organization\"},\"potentialAction\":[{\"@type\":\"SearchAction\",\"target\":{\"@type\":\"EntryPoint\",\"urlTemplate\":\"https:\/\/lexonstream.com\/?s={search_term_string}\"},\"query-input\":{\"@type\":\"PropertyValueSpecification\",\"valueRequired\":true,\"valueName\":\"search_term_string\"}}],\"inLanguage\":\"fr-FR\"},{\"@type\":\"Organization\",\"@id\":\"https:\/\/lexonstream.com\/#organization\",\"name\":\"LexonStream\",\"url\":\"https:\/\/lexonstream.com\/\",\"logo\":{\"@type\":\"ImageObject\",\"inLanguage\":\"fr-FR\",\"@id\":\"https:\/\/lexonstream.com\/#\/schema\/logo\/image\/\",\"url\":\"https:\/\/lexonstream.com\/wp-content\/uploads\/2025\/09\/LexonStream-Logo-Black-1.png\",\"contentUrl\":\"https:\/\/lexonstream.com\/wp-content\/uploads\/2025\/09\/LexonStream-Logo-Black-1.png\",\"width\":1000,\"height\":390,\"caption\":\"LexonStream\"},\"image\":{\"@id\":\"https:\/\/lexonstream.com\/#\/schema\/logo\/image\/\"}}]}<\/script>\n<!-- \/ Yoast SEO plugin. -->","yoast_head_json":{"title":"\u00c0 propos de nous - LexonStream","robots":{"index":"index","follow":"follow","max-snippet":"max-snippet:-1","max-image-preview":"max-image-preview:large","max-video-preview":"max-video-preview:-1"},"canonical":"https:\/\/lexonstream.com\/fr\/a-propos-de-nous\/","og_locale":"fr_FR","og_type":"article","og_title":"About Us - LexonStream","og_url":"https:\/\/lexonstream.com\/fr\/a-propos-de-nous\/","og_site_name":"LexonStream","article_modified_time":"2025-10-01T10:01:51+00:00","twitter_card":"summary_large_image","twitter_misc":{"Dur\u00e9e de lecture estim\u00e9e":"1 minute"},"schema":{"@context":"https:\/\/schema.org","@graph":[{"@type":["WebPage","AboutPage"],"@id":"https:\/\/lexonstream.com\/about-us\/","url":"https:\/\/lexonstream.com\/about-us\/","name":"\u00c0 propos de nous - LexonStream","isPartOf":{"@id":"https:\/\/lexonstream.com\/#website"},"datePublished":"2025-09-09T16:13:29+00:00","dateModified":"2025-10-01T10:01:51+00:00","breadcrumb":{"@id":"https:\/\/lexonstream.com\/about-us\/#breadcrumb"},"inLanguage":"fr-FR","potentialAction":[{"@type":"ReadAction","target":["https:\/\/lexonstream.com\/about-us\/"]}]},{"@type":"BreadcrumbList","@id":"https:\/\/lexonstream.com\/about-us\/#breadcrumb","itemListElement":[{"@type":"ListItem","position":1,"name":"Home","item":"https:\/\/lexonstream.com\/"},{"@type":"ListItem","position":2,"name":"About Us"}]},{"@type":"WebSite","@id":"https:\/\/lexonstream.com\/#website","url":"https:\/\/lexonstream.com\/","name":"LexonStream","description":"Abonnement IPTV Premium dans le monde entier","publisher":{"@id":"https:\/\/lexonstream.com\/#organization"},"potentialAction":[{"@type":"SearchAction","target":{"@type":"EntryPoint","urlTemplate":"https:\/\/lexonstream.com\/?s={search_term_string}"},"query-input":{"@type":"PropertyValueSpecification","valueRequired":true,"valueName":"search_term_string"}}],"inLanguage":"fr-FR"},{"@type":"Organization","@id":"https:\/\/lexonstream.com\/#organization","name":"LexonStream","url":"https:\/\/lexonstream.com\/","logo":{"@type":"ImageObject","inLanguage":"fr-FR","@id":"https:\/\/lexonstream.com\/#\/schema\/logo\/image\/","url":"https:\/\/lexonstream.com\/wp-content\/uploads\/2025\/09\/LexonStream-Logo-Black-1.png","contentUrl":"https:\/\/lexonstream.com\/wp-content\/uploads\/2025\/09\/LexonStream-Logo-Black-1.png","width":1000,"height":390,"caption":"LexonStream"},"image":{"@id":"https:\/\/lexonstream.com\/#\/schema\/logo\/image\/"}}]}},"_links":{"self":[{"href":"https:\/\/lexonstream.com\/fr\/wp-json\/wp\/v2\/pages\/10824","targetHints":{"allow":["GET"]}}],"collection":[{"href":"https:\/\/lexonstream.com\/fr\/wp-json\/wp\/v2\/pages"}],"about":[{"href":"https:\/\/lexonstream.com\/fr\/wp-json\/wp\/v2\/types\/page"}],"author":[{"embeddable":true,"href":"https:\/\/lexonstream.com\/fr\/wp-json\/wp\/v2\/users\/1"}],"replies":[{"embeddable":true,"href":"https:\/\/lexonstream.com\/fr\/wp-json\/wp\/v2\/comments?post=10824"}],"version-history":[{"count":1,"href":"https:\/\/lexonstream.com\/fr\/wp-json\/wp\/v2\/pages\/10824\/revisions"}],"predecessor-version":[{"id":11359,"href":"https:\/\/lexonstream.com\/fr\/wp-json\/wp\/v2\/pages\/10824\/revisions\/11359"}],"wp:attachment":[{"href":"https:\/\/lexonstream.com\/fr\/wp-json\/wp\/v2\/media?parent=10824"}],"curies":[{"name":"wp","href":"https:\/\/api.w.org\/{rel}","templated":true}]}}