{"id":10890,"date":"2025-09-10T13:46:56","date_gmt":"2025-09-10T12:46:56","guid":{"rendered":"https:\/\/lexonstream.com\/?page_id=10890"},"modified":"2025-10-01T11:09:41","modified_gmt":"2025-10-01T10:09:41","slug":"politica-de-dmca","status":"publish","type":"page","link":"https:\/\/lexonstream.com\/es\/politica-de-dmca\/","title":{"rendered":"Pol\u00edtica de DMCA"},"content":{"rendered":"<div class=\"wpb-content-wrapper\"><section class=\"vc_section\"><div class=\"vc_row wpb_row vc_row-fluid\"><div class=\"wpb_column vc_column_container vc_col-sm-12\"><div class=\"vc_column-inner\"><div class=\"wpb_wrapper\">\n\t<div class=\"wpb_text_column wpb_content_element\" >\n\t\t<div class=\"wpb_wrapper\">\n\t\t\t<p data-start=\"152\" data-end=\"411\">LexonStream es una plataforma tecnol\u00f3gica que proporciona a los usuarios acceso a servicios de IPTV ofrecidos por proveedores externos independientes. No alojamos, almacenamos ni transmitimos ning\u00fan contenido en nuestros servidores. Todos los medios son propiedad de sus leg\u00edtimos titulares.<\/p>\n<p data-start=\"413\" data-end=\"653\">LexonStream respeta los derechos de propiedad intelectual y se compromete a cumplir con la Ley de Derechos de Autor de la Era Digital (DMCA). Esta pol\u00edtica explica los procedimientos que seguimos para denunciar y responder a reclamaciones por infracciones de derechos de autor.<\/p>\n<p data-start=\"655\" data-end=\"958\">LexonStream no tiene control ni asume ninguna responsabilidad por el contenido, la disponibilidad, las pol\u00edticas de privacidad ni las pr\u00e1cticas de ning\u00fan proveedor externo. Cualquier problema de derechos de autor relacionado con el contenido distribuido a trav\u00e9s de fuentes externas debe dirigirse a los titulares de los derechos o proveedores de servicios originales.<\/p>\n<hr data-start=\"784\" data-end=\"787\" \/>\n<h2 data-start=\"789\" data-end=\"826\">Ley de Derechos de Autor del Milenio Digital<\/h2>\n<p data-start=\"828\" data-end=\"1056\">El <strong data-start=\"832\" data-end=\"840\">DMCA<\/strong>, promulgada en 1998, aborda los desaf\u00edos de los derechos de autor en la era digital, en particular en entornos en l\u00ednea. Establece disposiciones importantes para equilibrar los derechos de los creadores, las empresas tecnol\u00f3gicas y los consumidores.<\/p>\n<p data-start=\"1058\" data-end=\"1093\">Los elementos clave de la DMCA incluyen:<\/p>\n<ul data-start=\"1094\" data-end=\"1545\">\n<li data-start=\"1094\" data-end=\"1258\">\n<p data-start=\"1096\" data-end=\"1258\"><strong data-start=\"1096\" data-end=\"1122\">Disposiciones de puerto seguro<\/strong> \u2013 Los proveedores de servicios pueden estar protegidos de la responsabilidad por el contenido generado por el usuario, siempre que mantengan un proceso de notificaci\u00f3n y eliminaci\u00f3n.<\/p>\n<\/li>\n<li data-start=\"1259\" data-end=\"1393\">\n<p data-start=\"1261\" data-end=\"1393\"><strong data-start=\"1261\" data-end=\"1285\">Protecciones de uso justo<\/strong> \u2013 Garantiza el uso legal de material protegido por derechos de autor con fines educativos, de comentarios, cr\u00edticas y noticias.<\/p>\n<\/li>\n<li data-start=\"1394\" data-end=\"1545\">\n<p data-start=\"1396\" data-end=\"1545\"><strong data-start=\"1396\" data-end=\"1419\">Aviso y retirada<\/strong> \u2013 Los titulares de derechos de autor pueden enviar solicitudes de eliminaci\u00f3n para quitar contenido no autorizado r\u00e1pidamente, sin necesidad de largos procedimientos legales.<\/p>\n<\/li>\n<\/ul>\n<p data-start=\"1547\" data-end=\"1653\">La DMCA tambi\u00e9n influye en los est\u00e1ndares globales de derechos de autor, ayudando a los creadores a proteger su trabajo a trav\u00e9s de las fronteras.<\/p>\n<hr data-start=\"1655\" data-end=\"1658\" \/>\n<h2 data-start=\"1660\" data-end=\"1695\">Aviso legal del servicio LexonStream<\/h2>\n<ol data-start=\"1697\" data-end=\"2377\">\n<li data-start=\"1697\" data-end=\"1847\">\n<p data-start=\"1700\" data-end=\"1847\"><strong data-start=\"1700\" data-end=\"1727\">S\u00f3lo contenido autorizado<\/strong> LexonStream promociona servicios de IPTV autorizados. Actuamos como distribuidores y no nos atribuimos la propiedad de ning\u00fan contenido.<\/p>\n<\/li>\n<li data-start=\"1848\" data-end=\"2004\">\n<p data-start=\"1851\" data-end=\"2004\"><strong data-start=\"1851\" data-end=\"1872\">Sin alojamiento directo<\/strong> LexonStream no aloja, almacena ni transmite archivos ni transmisiones multimedia. Todo el contenido es propiedad de sus leg\u00edtimos propietarios.<\/p>\n<\/li>\n<li data-start=\"2005\" data-end=\"2180\">\n<p data-start=\"2008\" data-end=\"2180\"><strong data-start=\"2008\" data-end=\"2028\">Fuentes externas<\/strong> El contenido al que se accede a trav\u00e9s de LexonStream puede provenir de proveedores externos. Cualquier problema de derechos de autor debe abordarse directamente con dichos proveedores.<\/p>\n<\/li>\n<li data-start=\"2181\" data-end=\"2377\">\n<p data-start=\"2184\" data-end=\"2377\"><strong data-start=\"2184\" data-end=\"2230\">Sin asociaci\u00f3n con marcas comerciales de terceros<\/strong> Los logotipos, marcas de servicio o nombres de marca que puedan aparecer en el contenido pertenecen a sus respectivos propietarios. LexonStream no declara afiliaci\u00f3n alguna.<\/p>\n<\/li>\n<\/ol>\n<hr data-start=\"2379\" data-end=\"2382\" \/>\n<h2 data-start=\"2384\" data-end=\"2406\">Propiedad del contenido<\/h2>\n<p data-start=\"2408\" data-end=\"2602\"><strong data-start=\"2408\" data-end=\"2440\">2.1 Reconocimiento de derechos de autor<\/strong><br data-start=\"2440\" data-end=\"2443\" \/>Todos los materiales accesibles a trav\u00e9s de LexonStream son propiedad de sus respectivos titulares de derechos de autor. LexonStream no se atribuye la propiedad de ning\u00fan contenido de terceros.<\/p>\n<hr data-start=\"2604\" data-end=\"2607\" \/>\n<h2 data-start=\"2609\" data-end=\"2649\">Responsabilidad por el contenido externo<\/h2>\n<p data-start=\"2651\" data-end=\"2850\"><strong data-start=\"2651\" data-end=\"2688\">3.1 Contenido de fuentes externas<\/strong><br data-start=\"2688\" data-end=\"2691\" \/>LexonStream no se responsabiliza del contenido proporcionado por sitios o servicios externos. Cualquier reclamaci\u00f3n por infracci\u00f3n debe dirigirse al proveedor original.<\/p>\n<p data-start=\"2852\" data-end=\"3033\"><strong data-start=\"2852\" data-end=\"2880\">3.2 Intervenci\u00f3n limitada<\/strong><br data-start=\"2880\" data-end=\"2883\" \/>LexonStream no controla ni elimina el contenido alojado externamente. Los proveedores de contenido externo son independientes y responsables de sus materiales.<\/p>\n<hr data-start=\"3035\" data-end=\"3038\" \/>\n<h2 data-start=\"3040\" data-end=\"3067\">Sin transmisi\u00f3n directa<\/h2>\n<p data-start=\"3069\" data-end=\"3231\"><strong data-start=\"3069\" data-end=\"3097\">5.1 Abastecimiento de terceros<\/strong><br data-start=\"3097\" data-end=\"3100\" \/>LexonStream no emite ni retransmite ning\u00fan canal directamente desde sus servidores. El contenido es proporcionado por socios externos.<\/p>\n<hr data-start=\"3233\" data-end=\"3236\" \/>\n<h2 data-start=\"3238\" data-end=\"3281\">Notificaci\u00f3n de infracci\u00f3n de derechos de autor<\/h2>\n<p data-start=\"3283\" data-end=\"3427\">Si cree que su trabajo protegido por derechos de autor se ha utilizado de una manera que constituye una infracci\u00f3n, env\u00ede una <strong data-start=\"3390\" data-end=\"3414\">Aviso de eliminaci\u00f3n de DMCA<\/strong> incluido:<\/p>\n<ol data-start=\"3429\" data-end=\"3908\">\n<li data-start=\"3429\" data-end=\"3497\">\n<p data-start=\"3432\" data-end=\"3497\">Identificaci\u00f3n de la obra protegida por derechos de autor que se alega ha sido infringida.<\/p>\n<\/li>\n<li data-start=\"3498\" data-end=\"3566\">\n<p data-start=\"3501\" data-end=\"3566\">Identificaci\u00f3n del material y su ubicaci\u00f3n en nuestro sitio web.<\/p>\n<\/li>\n<li data-start=\"3567\" data-end=\"3687\">\n<p data-start=\"3570\" data-end=\"3687\">Una declaraci\u00f3n de buena fe de que el uso en disputa no est\u00e1 autorizado por el propietario de los derechos de autor, el agente o la ley.<\/p>\n<\/li>\n<li data-start=\"3688\" data-end=\"3796\">\n<p data-start=\"3691\" data-end=\"3796\">Una declaraci\u00f3n, bajo pena de perjurio, de que usted est\u00e1 autorizado a actuar en nombre del propietario de los derechos de autor.<\/p>\n<\/li>\n<li data-start=\"3797\" data-end=\"3864\">\n<p data-start=\"3800\" data-end=\"3864\">Su informaci\u00f3n de contacto (nombre, direcci\u00f3n, n\u00famero de tel\u00e9fono, correo electr\u00f3nico).<\/p>\n<\/li>\n<li data-start=\"3865\" data-end=\"3908\">\n<p data-start=\"3868\" data-end=\"3908\">Su firma f\u00edsica o electr\u00f3nica.<\/p>\n<\/li>\n<\/ol>\n<p data-start=\"3910\" data-end=\"3977\">Todas las notificaciones deben enviarse a nuestro <strong data-start=\"3944\" data-end=\"3974\">Agente de derechos de autor designado<\/strong>:<\/p>\n<p data-start=\"3979\" data-end=\"4011\"><strong data-start=\"3982\" data-end=\"4009\"><a class=\"decorated-link cursor-pointer\" rel=\"noopener\" data-start=\"3984\" data-end=\"4007\">soporte@lexonstream.com<\/a><\/strong><\/p>\n<hr data-start=\"4013\" data-end=\"4016\" \/>\n<h2 data-start=\"4018\" data-end=\"4043\">Contranotificaci\u00f3n<\/h2>\n<p data-start=\"4045\" data-end=\"4174\">Si cree que su material fue eliminado por error, puede presentar una <strong data-start=\"4111\" data-end=\"4135\">Contranotificaci\u00f3n<\/strong> con nuestro Agente de Derechos de Autor, incluyendo:<\/p>\n<ul data-start=\"4176\" data-end=\"4505\">\n<li data-start=\"4176\" data-end=\"4228\">\n<p data-start=\"4178\" data-end=\"4228\">Identificaci\u00f3n del material que fue retirado.<\/p>\n<\/li>\n<li data-start=\"4229\" data-end=\"4282\">\n<p data-start=\"4231\" data-end=\"4282\">Su nombre completo, direcci\u00f3n, n\u00famero de tel\u00e9fono y correo electr\u00f3nico.<\/p>\n<\/li>\n<li data-start=\"4283\" data-end=\"4377\">\n<p data-start=\"4285\" data-end=\"4377\">Una declaraci\u00f3n de consentimiento a la jurisdicci\u00f3n del tribunal de distrito federal de EE. UU. correspondiente.<\/p>\n<\/li>\n<li data-start=\"4378\" data-end=\"4462\">\n<p data-start=\"4380\" data-end=\"4462\">Una declaraci\u00f3n, bajo pena de perjurio, de que el material fue eliminado por error.<\/p>\n<\/li>\n<li data-start=\"4463\" data-end=\"4505\">\n<p data-start=\"4465\" data-end=\"4505\">Su firma f\u00edsica o electr\u00f3nica.<\/p>\n<\/li>\n<\/ul>\n<p data-start=\"4507\" data-end=\"4665\">Remitiremos su contranotificaci\u00f3n al reclamante original. A menos que presente una demanda judicial en un plazo de 10 d\u00edas h\u00e1biles, el material podr\u00eda ser restituido.<\/p>\n<hr data-start=\"4667\" data-end=\"4670\" \/>\n<h2 data-start=\"4672\" data-end=\"4700\">Terminaci\u00f3n de Cuentas<\/h2>\n<p data-start=\"4702\" data-end=\"4845\">LexonStream se reserva el derecho de suspender o cancelar cuentas de usuario que violen repetidamente los derechos de autor u otros derechos de propiedad intelectual.<\/p>\n<hr data-start=\"4847\" data-end=\"4850\" \/>\n<h2 data-start=\"4852\" data-end=\"4876\">Exenci\u00f3n de responsabilidad<\/h2>\n<p data-start=\"4878\" data-end=\"5092\">LexonStream, sus directivos, empleados y afiliados declinan toda responsabilidad por da\u00f1os, p\u00e9rdidas o reclamaciones derivadas del uso de nuestra plataforma o del contenido de terceros. Los usuarios acceden a nuestros servicios bajo su propia responsabilidad.<\/p>\n<hr data-start=\"5094\" data-end=\"5097\" \/>\n<h2 data-start=\"5099\" data-end=\"5117\">Ley aplicable<\/h2>\n<p data-start=\"5119\" data-end=\"5208\">Esta Pol\u00edtica de DMCA se regir\u00e1 e interpretar\u00e1 de conformidad con las leyes aplicables.<\/p>\n<hr data-start=\"5210\" data-end=\"5213\" \/>\n<h2 data-start=\"5215\" data-end=\"5230\">Cont\u00e1ctenos<\/h2>\n<p data-start=\"5232\" data-end=\"5294\">Si tiene preguntas o inquietudes sobre esta pol\u00edtica, comun\u00edquese con:<\/p>\n<p data-start=\"5296\" data-end=\"5384\"><a class=\"decorated-link cursor-pointer\" href=\"mailto:support@lexonstream.com\" rel=\"noopener\" data-start=\"5301\" data-end=\"5324\"> soporte@lexonstream.com<\/a><br data-start=\"5326\" data-end=\"5329\" \/><a class=\"decorated-link cursor-pointer\" href=\"https:\/\/lexonstream.com\/es\/contactos\/\" target=\"_new\" rel=\"noopener\" data-start=\"5332\" data-end=\"5382\"> www.lexonstream.com<\/a><\/p>\n\n\t\t<\/div>\n\t<\/div>\n<\/div><\/div><\/div><\/div><\/section>\n<\/div>","protected":false},"excerpt":{"rendered":"LexonStream is a technology platform that provides users with access to IPTV services offered by independent third-party providers. We do not host, store, or transmit any content on our servers. All media remains the property of its rightful rights holders. LexonStream respects intellectual property rights and is committed to complying with the Digital Millennium Copyright Act (DMCA). This policy explains the procedures we follow for reporting and responding to copyright infringement claims. LexonStream has no control over, and assumes no responsibility for, the content, availability, privacy policies, or practices of any third-party providers. Any copyright issues regarding content delivered through external sources should be directed to the original rights holders or service providers. Digital Millennium Copyright Act The DMCA, enacted in 1998, addresses copyright challenges in the digital era, particularly [...]","protected":false},"author":1,"featured_media":0,"parent":0,"menu_order":0,"comment_status":"closed","ping_status":"closed","template":"","meta":{"footnotes":""},"class_list":["post-10890","page","type-page","status-publish","hentry"],"yoast_head":"<!-- This site is optimized with the Yoast SEO plugin v26.7 - https:\/\/yoast.com\/wordpress\/plugins\/seo\/ -->\n<title>DMCA Policy - LexonStream<\/title>\n<meta name=\"robots\" content=\"noindex, follow\" \/>\n<meta property=\"og:locale\" content=\"es_ES\" \/>\n<meta property=\"og:type\" content=\"article\" \/>\n<meta property=\"og:title\" content=\"DMCA Policy - LexonStream\" \/>\n<meta property=\"og:url\" content=\"https:\/\/lexonstream.com\/es\/politica-de-dmca\/\" \/>\n<meta property=\"og:site_name\" content=\"LexonStream\" \/>\n<meta property=\"article:modified_time\" content=\"2025-10-01T10:09:41+00:00\" \/>\n<meta name=\"twitter:card\" content=\"summary_large_image\" \/>\n<meta name=\"twitter:label1\" content=\"Tiempo de lectura\" \/>\n\t<meta name=\"twitter:data1\" content=\"4 minutos\" \/>\n<script type=\"application\/ld+json\" class=\"yoast-schema-graph\">{\"@context\":\"https:\/\/schema.org\",\"@graph\":[{\"@type\":\"WebPage\",\"@id\":\"https:\/\/lexonstream.com\/dmca-policy\/\",\"url\":\"https:\/\/lexonstream.com\/dmca-policy\/\",\"name\":\"DMCA Policy - LexonStream\",\"isPartOf\":{\"@id\":\"https:\/\/lexonstream.com\/#website\"},\"datePublished\":\"2025-09-10T12:46:56+00:00\",\"dateModified\":\"2025-10-01T10:09:41+00:00\",\"breadcrumb\":{\"@id\":\"https:\/\/lexonstream.com\/dmca-policy\/#breadcrumb\"},\"inLanguage\":\"es\",\"potentialAction\":[{\"@type\":\"ReadAction\",\"target\":[\"https:\/\/lexonstream.com\/dmca-policy\/\"]}]},{\"@type\":\"BreadcrumbList\",\"@id\":\"https:\/\/lexonstream.com\/dmca-policy\/#breadcrumb\",\"itemListElement\":[{\"@type\":\"ListItem\",\"position\":1,\"name\":\"Home\",\"item\":\"https:\/\/lexonstream.com\/\"},{\"@type\":\"ListItem\",\"position\":2,\"name\":\"DMCA Policy\"}]},{\"@type\":\"WebSite\",\"@id\":\"https:\/\/lexonstream.com\/#website\",\"url\":\"https:\/\/lexonstream.com\/\",\"name\":\"LexonStream\",\"description\":\"Premium IPTV Subscription Worldwide\",\"publisher\":{\"@id\":\"https:\/\/lexonstream.com\/#organization\"},\"potentialAction\":[{\"@type\":\"SearchAction\",\"target\":{\"@type\":\"EntryPoint\",\"urlTemplate\":\"https:\/\/lexonstream.com\/?s={search_term_string}\"},\"query-input\":{\"@type\":\"PropertyValueSpecification\",\"valueRequired\":true,\"valueName\":\"search_term_string\"}}],\"inLanguage\":\"es\"},{\"@type\":\"Organization\",\"@id\":\"https:\/\/lexonstream.com\/#organization\",\"name\":\"LexonStream\",\"url\":\"https:\/\/lexonstream.com\/\",\"logo\":{\"@type\":\"ImageObject\",\"inLanguage\":\"es\",\"@id\":\"https:\/\/lexonstream.com\/#\/schema\/logo\/image\/\",\"url\":\"https:\/\/lexonstream.com\/wp-content\/uploads\/2025\/09\/LexonStream-Logo-Black-1.png\",\"contentUrl\":\"https:\/\/lexonstream.com\/wp-content\/uploads\/2025\/09\/LexonStream-Logo-Black-1.png\",\"width\":1000,\"height\":390,\"caption\":\"LexonStream\"},\"image\":{\"@id\":\"https:\/\/lexonstream.com\/#\/schema\/logo\/image\/\"}}]}<\/script>\n<!-- \/ Yoast SEO plugin. -->","yoast_head_json":{"title":"Pol\u00edtica de DMCA - LexonStream","robots":{"index":"noindex","follow":"follow"},"og_locale":"es_ES","og_type":"article","og_title":"DMCA Policy - LexonStream","og_url":"https:\/\/lexonstream.com\/es\/politica-de-dmca\/","og_site_name":"LexonStream","article_modified_time":"2025-10-01T10:09:41+00:00","twitter_card":"summary_large_image","twitter_misc":{"Tiempo de lectura":"4 minutos"},"schema":{"@context":"https:\/\/schema.org","@graph":[{"@type":"WebPage","@id":"https:\/\/lexonstream.com\/dmca-policy\/","url":"https:\/\/lexonstream.com\/dmca-policy\/","name":"Pol\u00edtica de DMCA - LexonStream","isPartOf":{"@id":"https:\/\/lexonstream.com\/#website"},"datePublished":"2025-09-10T12:46:56+00:00","dateModified":"2025-10-01T10:09:41+00:00","breadcrumb":{"@id":"https:\/\/lexonstream.com\/dmca-policy\/#breadcrumb"},"inLanguage":"es","potentialAction":[{"@type":"ReadAction","target":["https:\/\/lexonstream.com\/dmca-policy\/"]}]},{"@type":"BreadcrumbList","@id":"https:\/\/lexonstream.com\/dmca-policy\/#breadcrumb","itemListElement":[{"@type":"ListItem","position":1,"name":"Home","item":"https:\/\/lexonstream.com\/"},{"@type":"ListItem","position":2,"name":"DMCA Policy"}]},{"@type":"WebSite","@id":"https:\/\/lexonstream.com\/#website","url":"https:\/\/lexonstream.com\/","name":"LexonStream","description":"Suscripci\u00f3n a IPTV Premium en todo el mundo","publisher":{"@id":"https:\/\/lexonstream.com\/#organization"},"potentialAction":[{"@type":"SearchAction","target":{"@type":"EntryPoint","urlTemplate":"https:\/\/lexonstream.com\/?s={search_term_string}"},"query-input":{"@type":"PropertyValueSpecification","valueRequired":true,"valueName":"search_term_string"}}],"inLanguage":"es"},{"@type":"Organization","@id":"https:\/\/lexonstream.com\/#organization","name":"LexonStream","url":"https:\/\/lexonstream.com\/","logo":{"@type":"ImageObject","inLanguage":"es","@id":"https:\/\/lexonstream.com\/#\/schema\/logo\/image\/","url":"https:\/\/lexonstream.com\/wp-content\/uploads\/2025\/09\/LexonStream-Logo-Black-1.png","contentUrl":"https:\/\/lexonstream.com\/wp-content\/uploads\/2025\/09\/LexonStream-Logo-Black-1.png","width":1000,"height":390,"caption":"LexonStream"},"image":{"@id":"https:\/\/lexonstream.com\/#\/schema\/logo\/image\/"}}]}},"_links":{"self":[{"href":"https:\/\/lexonstream.com\/es\/wp-json\/wp\/v2\/pages\/10890","targetHints":{"allow":["GET"]}}],"collection":[{"href":"https:\/\/lexonstream.com\/es\/wp-json\/wp\/v2\/pages"}],"about":[{"href":"https:\/\/lexonstream.com\/es\/wp-json\/wp\/v2\/types\/page"}],"author":[{"embeddable":true,"href":"https:\/\/lexonstream.com\/es\/wp-json\/wp\/v2\/users\/1"}],"replies":[{"embeddable":true,"href":"https:\/\/lexonstream.com\/es\/wp-json\/wp\/v2\/comments?post=10890"}],"version-history":[{"count":1,"href":"https:\/\/lexonstream.com\/es\/wp-json\/wp\/v2\/pages\/10890\/revisions"}],"predecessor-version":[{"id":11373,"href":"https:\/\/lexonstream.com\/es\/wp-json\/wp\/v2\/pages\/10890\/revisions\/11373"}],"wp:attachment":[{"href":"https:\/\/lexonstream.com\/es\/wp-json\/wp\/v2\/media?parent=10890"}],"curies":[{"name":"wp","href":"https:\/\/api.w.org\/{rel}","templated":true}]}}