{"id":10824,"date":"2025-09-09T17:13:29","date_gmt":"2025-09-09T16:13:29","guid":{"rendered":"https:\/\/lexonstream.com\/?page_id=10824"},"modified":"2025-10-01T11:01:51","modified_gmt":"2025-10-01T10:01:51","slug":"sobre-nosotros","status":"publish","type":"page","link":"https:\/\/lexonstream.com\/es\/sobre-nosotros\/","title":{"rendered":"Sobre nosotros"},"content":{"rendered":"<div class=\"wpb-content-wrapper\"><div class=\"vc_row wpb_row vc_row-fluid\"><div class=\"wpb_column vc_column_container vc_col-sm-12\"><div class=\"vc_column-inner\"><div class=\"wpb_wrapper\">\n\t<div class=\"wpb_text_column wpb_content_element\" >\n\t\t<div class=\"wpb_wrapper\">\n\t\t\t<p>Gracias por elegirnos <strong>LexonStream<\/strong>\u00a1Ofrecemos servicios de IPTV premium disponibles en todo el mundo, con <strong>activaci\u00f3n instant\u00e1nea<\/strong> y <strong>f\u00e1cil configuraci\u00f3n<\/strong> Para que puedas empezar a ver contenido de inmediato. Nuestro equipo de soporte est\u00e1 aqu\u00ed para garantizar que siempre disfrutes de la mejor experiencia de streaming.<\/p>\n<p>Con una amplia experiencia en IPTV, nos hemos convertido en un proveedor de confianza para clientes de todo el mundo. Puedes disfrutar de LexonStream en todos tus dispositivos favoritos., <strong>Televisores inteligentes, computadoras port\u00e1tiles, tabletas, tel\u00e9fonos inteligentes, Firestick y m\u00e1s<\/strong>.<\/p>\n<p>Para aquellos que buscan expandirse, tambi\u00e9n ofrecemos <strong>oportunidades de revendedor<\/strong>, Te damos la oportunidad de crear tu propio negocio y generar ingresos desde casa. Con precios accesibles tanto para espectadores como para revendedores, nunca ha habido un mejor momento para unirte a la comunidad de LexonStream.<\/p>\n\n\t\t<\/div>\n\t<\/div>\n<\/div><\/div><\/div><\/div><\/div>","protected":false},"excerpt":{"rendered":"Thank you for choosing LexonStream! We provide premium IPTV services available worldwide, with instant activation and easy setup so you can start watching right away. Our support team is here to ensure you always get the smoothest streaming experience. With extensive experience in IPTV, we\u2019ve grown into a trusted provider for customers around the globe. You can enjoy LexonStream on all your favorite devices, Smart TVs, laptops, tablets, smartphones, Firestick, and more. For those looking to expand, we also offer reseller opportunities, giving you the chance to build your own business and earn from home. With affordable pricing for both viewers and resellers, there\u2019s never been a better time to join the LexonStream community.","protected":false},"author":1,"featured_media":0,"parent":0,"menu_order":0,"comment_status":"closed","ping_status":"closed","template":"","meta":{"footnotes":""},"class_list":["post-10824","page","type-page","status-publish","hentry"],"yoast_head":"<!-- This site is optimized with the Yoast SEO plugin v26.7 - https:\/\/yoast.com\/wordpress\/plugins\/seo\/ -->\n<title>About Us - LexonStream<\/title>\n<meta name=\"robots\" content=\"index, follow, max-snippet:-1, max-image-preview:large, max-video-preview:-1\" \/>\n<link rel=\"canonical\" href=\"https:\/\/lexonstream.com\/es\/sobre-nosotros\/\" \/>\n<meta property=\"og:locale\" content=\"es_ES\" \/>\n<meta property=\"og:type\" content=\"article\" \/>\n<meta property=\"og:title\" content=\"About Us - LexonStream\" \/>\n<meta property=\"og:url\" content=\"https:\/\/lexonstream.com\/es\/sobre-nosotros\/\" \/>\n<meta property=\"og:site_name\" content=\"LexonStream\" \/>\n<meta property=\"article:modified_time\" content=\"2025-10-01T10:01:51+00:00\" \/>\n<meta name=\"twitter:card\" content=\"summary_large_image\" \/>\n<meta name=\"twitter:label1\" content=\"Tiempo de lectura\" \/>\n\t<meta name=\"twitter:data1\" content=\"1 minuto\" \/>\n<script type=\"application\/ld+json\" class=\"yoast-schema-graph\">{\"@context\":\"https:\/\/schema.org\",\"@graph\":[{\"@type\":[\"WebPage\",\"AboutPage\"],\"@id\":\"https:\/\/lexonstream.com\/about-us\/\",\"url\":\"https:\/\/lexonstream.com\/about-us\/\",\"name\":\"About Us - LexonStream\",\"isPartOf\":{\"@id\":\"https:\/\/lexonstream.com\/#website\"},\"datePublished\":\"2025-09-09T16:13:29+00:00\",\"dateModified\":\"2025-10-01T10:01:51+00:00\",\"breadcrumb\":{\"@id\":\"https:\/\/lexonstream.com\/about-us\/#breadcrumb\"},\"inLanguage\":\"es\",\"potentialAction\":[{\"@type\":\"ReadAction\",\"target\":[\"https:\/\/lexonstream.com\/about-us\/\"]}]},{\"@type\":\"BreadcrumbList\",\"@id\":\"https:\/\/lexonstream.com\/about-us\/#breadcrumb\",\"itemListElement\":[{\"@type\":\"ListItem\",\"position\":1,\"name\":\"Home\",\"item\":\"https:\/\/lexonstream.com\/\"},{\"@type\":\"ListItem\",\"position\":2,\"name\":\"About Us\"}]},{\"@type\":\"WebSite\",\"@id\":\"https:\/\/lexonstream.com\/#website\",\"url\":\"https:\/\/lexonstream.com\/\",\"name\":\"LexonStream\",\"description\":\"Premium IPTV Subscription Worldwide\",\"publisher\":{\"@id\":\"https:\/\/lexonstream.com\/#organization\"},\"potentialAction\":[{\"@type\":\"SearchAction\",\"target\":{\"@type\":\"EntryPoint\",\"urlTemplate\":\"https:\/\/lexonstream.com\/?s={search_term_string}\"},\"query-input\":{\"@type\":\"PropertyValueSpecification\",\"valueRequired\":true,\"valueName\":\"search_term_string\"}}],\"inLanguage\":\"es\"},{\"@type\":\"Organization\",\"@id\":\"https:\/\/lexonstream.com\/#organization\",\"name\":\"LexonStream\",\"url\":\"https:\/\/lexonstream.com\/\",\"logo\":{\"@type\":\"ImageObject\",\"inLanguage\":\"es\",\"@id\":\"https:\/\/lexonstream.com\/#\/schema\/logo\/image\/\",\"url\":\"https:\/\/lexonstream.com\/wp-content\/uploads\/2025\/09\/LexonStream-Logo-Black-1.png\",\"contentUrl\":\"https:\/\/lexonstream.com\/wp-content\/uploads\/2025\/09\/LexonStream-Logo-Black-1.png\",\"width\":1000,\"height\":390,\"caption\":\"LexonStream\"},\"image\":{\"@id\":\"https:\/\/lexonstream.com\/#\/schema\/logo\/image\/\"}}]}<\/script>\n<!-- \/ Yoast SEO plugin. -->","yoast_head_json":{"title":"Acerca de nosotros - LexonStream","robots":{"index":"index","follow":"follow","max-snippet":"max-snippet:-1","max-image-preview":"max-image-preview:large","max-video-preview":"max-video-preview:-1"},"canonical":"https:\/\/lexonstream.com\/es\/sobre-nosotros\/","og_locale":"es_ES","og_type":"article","og_title":"About Us - LexonStream","og_url":"https:\/\/lexonstream.com\/es\/sobre-nosotros\/","og_site_name":"LexonStream","article_modified_time":"2025-10-01T10:01:51+00:00","twitter_card":"summary_large_image","twitter_misc":{"Tiempo de lectura":"1 minuto"},"schema":{"@context":"https:\/\/schema.org","@graph":[{"@type":["WebPage","AboutPage"],"@id":"https:\/\/lexonstream.com\/about-us\/","url":"https:\/\/lexonstream.com\/about-us\/","name":"Acerca de nosotros - LexonStream","isPartOf":{"@id":"https:\/\/lexonstream.com\/#website"},"datePublished":"2025-09-09T16:13:29+00:00","dateModified":"2025-10-01T10:01:51+00:00","breadcrumb":{"@id":"https:\/\/lexonstream.com\/about-us\/#breadcrumb"},"inLanguage":"es","potentialAction":[{"@type":"ReadAction","target":["https:\/\/lexonstream.com\/about-us\/"]}]},{"@type":"BreadcrumbList","@id":"https:\/\/lexonstream.com\/about-us\/#breadcrumb","itemListElement":[{"@type":"ListItem","position":1,"name":"Home","item":"https:\/\/lexonstream.com\/"},{"@type":"ListItem","position":2,"name":"About Us"}]},{"@type":"WebSite","@id":"https:\/\/lexonstream.com\/#website","url":"https:\/\/lexonstream.com\/","name":"LexonStream","description":"Suscripci\u00f3n a IPTV Premium en todo el mundo","publisher":{"@id":"https:\/\/lexonstream.com\/#organization"},"potentialAction":[{"@type":"SearchAction","target":{"@type":"EntryPoint","urlTemplate":"https:\/\/lexonstream.com\/?s={search_term_string}"},"query-input":{"@type":"PropertyValueSpecification","valueRequired":true,"valueName":"search_term_string"}}],"inLanguage":"es"},{"@type":"Organization","@id":"https:\/\/lexonstream.com\/#organization","name":"LexonStream","url":"https:\/\/lexonstream.com\/","logo":{"@type":"ImageObject","inLanguage":"es","@id":"https:\/\/lexonstream.com\/#\/schema\/logo\/image\/","url":"https:\/\/lexonstream.com\/wp-content\/uploads\/2025\/09\/LexonStream-Logo-Black-1.png","contentUrl":"https:\/\/lexonstream.com\/wp-content\/uploads\/2025\/09\/LexonStream-Logo-Black-1.png","width":1000,"height":390,"caption":"LexonStream"},"image":{"@id":"https:\/\/lexonstream.com\/#\/schema\/logo\/image\/"}}]}},"_links":{"self":[{"href":"https:\/\/lexonstream.com\/es\/wp-json\/wp\/v2\/pages\/10824","targetHints":{"allow":["GET"]}}],"collection":[{"href":"https:\/\/lexonstream.com\/es\/wp-json\/wp\/v2\/pages"}],"about":[{"href":"https:\/\/lexonstream.com\/es\/wp-json\/wp\/v2\/types\/page"}],"author":[{"embeddable":true,"href":"https:\/\/lexonstream.com\/es\/wp-json\/wp\/v2\/users\/1"}],"replies":[{"embeddable":true,"href":"https:\/\/lexonstream.com\/es\/wp-json\/wp\/v2\/comments?post=10824"}],"version-history":[{"count":1,"href":"https:\/\/lexonstream.com\/es\/wp-json\/wp\/v2\/pages\/10824\/revisions"}],"predecessor-version":[{"id":11359,"href":"https:\/\/lexonstream.com\/es\/wp-json\/wp\/v2\/pages\/10824\/revisions\/11359"}],"wp:attachment":[{"href":"https:\/\/lexonstream.com\/es\/wp-json\/wp\/v2\/media?parent=10824"}],"curies":[{"name":"wp","href":"https:\/\/api.w.org\/{rel}","templated":true}]}}