{"id":10911,"date":"2025-09-10T14:32:18","date_gmt":"2025-09-10T13:32:18","guid":{"rendered":"https:\/\/lexonstream.com\/?page_id=10911"},"modified":"2025-10-01T11:17:32","modified_gmt":"2025-10-01T10:17:32","slug":"ruckerstattungsrichtlinie","status":"publish","type":"page","link":"https:\/\/lexonstream.com\/de\/ruckerstattungsrichtlinie\/","title":{"rendered":"R\u00fcckerstattungsrichtlinie"},"content":{"rendered":"<div class=\"wpb-content-wrapper\"><section class=\"vc_section\"><div class=\"vc_row wpb_row vc_row-fluid\"><div class=\"wpb_column vc_column_container vc_col-sm-12\"><div class=\"vc_column-inner\"><div class=\"wpb_wrapper\">\n\t<div class=\"wpb_text_column wpb_content_element\" >\n\t\t<div class=\"wpb_wrapper\">\n\t\t\t<p data-start=\"131\" data-end=\"321\">Vielen Dank f\u00fcr Ihre Wahl. <strong data-start=\"154\" data-end=\"169\">LexonStream<\/strong>. Wir sch\u00e4tzen Ihr Vertrauen und sind bestrebt, Ihnen ein reibungsloses und zuverl\u00e4ssiges IPTV-Erlebnis zu bieten. Bitte lesen Sie unsere R\u00fcckerstattungsrichtlinien sorgf\u00e4ltig durch, bevor Sie einen Kauf t\u00e4tigen.<\/p>\n<hr data-start=\"323\" data-end=\"326\" \/>\n<h2 data-start=\"328\" data-end=\"363\">R\u00fcckerstattungs- und \u00c4nderungsrichtlinie<\/h2>\n<ul>\n<li data-start=\"366\" data-end=\"461\">Sobald Ihr Abonnement abgeschlossen ist <strong data-start=\"398\" data-end=\"411\">aktiviert<\/strong>, R\u00fcckerstattungen oder \u00c4nderungen sind <strong data-start=\"442\" data-end=\"458\">nicht m\u00f6glich<\/strong>.<\/li>\n<li>LexonStream bietet einen <strong data-start=\"298\" data-end=\"320\">24-st\u00fcndige kostenlose Testphase<\/strong> So k\u00f6nnen Sie unseren Service vor dem Kauf testen. Aus diesem Grund bieten wir nach Aktivierung eines Abonnements keine R\u00fcckerstattungen an.<\/li>\n<li data-start=\"464\" data-end=\"588\">Die Verantwortung von LexonStream beschr\u00e4nkt sich auf die Aktivierung Ihres Abonnements f\u00fcr die zum Zeitpunkt des Kaufs gew\u00e4hlte Laufzeit.<\/li>\n<li data-start=\"591\" data-end=\"713\">Nach der Aktivierung senden wir Ihnen eine <strong data-start=\"623\" data-end=\"645\">Best\u00e4tigungs-E-Mail <\/strong>an Ihre registrierte E-Mail-Adresse.<\/li>\n<\/ul>\n<hr data-start=\"715\" data-end=\"718\" \/>\n<h2 data-start=\"720\" data-end=\"743\">Aktivierungsprozess<\/h2>\n<ul data-start=\"744\" data-end=\"935\">\n<li data-start=\"744\" data-end=\"846\">\n<p data-start=\"746\" data-end=\"846\">Wir streben an, Ihr IPTV-Abonnement innerhalb von <strong data-start=\"807\" data-end=\"819\">24 Stunden<\/strong> bis zum Erhalt Ihrer Bestellung.<\/p>\n<\/li>\n<li data-start=\"847\" data-end=\"935\">\n<p data-start=\"849\" data-end=\"935\">Um eine reibungslose Aktivierung zu gew\u00e4hrleisten, geben Sie bitte Ihre <strong data-start=\"898\" data-end=\"913\">Ger\u00e4tetyp<\/strong> in den Bestellhinweisen.<\/p>\n<\/li>\n<\/ul>\n<hr data-start=\"937\" data-end=\"940\" \/>\n<h2 data-start=\"942\" data-end=\"965\">Ger\u00e4teinformationen<\/h2>\n<ul data-start=\"966\" data-end=\"1163\">\n<li data-start=\"966\" data-end=\"1061\">\n<p data-start=\"968\" data-end=\"1061\">Wenn keine Ger\u00e4tedetails angegeben werden, stellen wir eine Benachrichtigung aus. <strong data-start=\"1020\" data-end=\"1036\">M3U-Playlist<\/strong> als Standardformat.<\/p>\n<\/li>\n<li data-start=\"1062\" data-end=\"1163\">\n<p data-start=\"1064\" data-end=\"1163\">Sobald ein Format geliefert wurde, k\u00f6nnen wir es nicht mehr \u00e4ndern oder einen Ersatz in einem anderen Format bereitstellen.<\/p>\n<\/li>\n<\/ul>\n<hr data-start=\"1165\" data-end=\"1168\" \/>\n<h2 data-start=\"1170\" data-end=\"1205\">Haftungsausschluss f\u00fcr Inhalte und Dienstleistungen<\/h2>\n<p data-start=\"1206\" data-end=\"1220\">Bitte beachten Sie:<\/p>\n<ul data-start=\"1222\" data-end=\"1401\">\n<li data-start=\"1222\" data-end=\"1307\">\n<p data-start=\"1224\" data-end=\"1307\">LexonStream hostet oder kontrolliert die \u00fcber IPTV-Dienste verf\u00fcgbaren Inhalte nicht.<\/p>\n<\/li>\n<li data-start=\"1308\" data-end=\"1401\">\n<p data-start=\"1310\" data-end=\"1401\">Wir \u00fcbernehmen keine Verantwortung f\u00fcr die Qualit\u00e4t, Verf\u00fcgbarkeit oder Rechtm\u00e4\u00dfigkeit von Inhalten Dritter.<\/p>\n<\/li>\n<\/ul>\n<hr data-start=\"1403\" data-end=\"1406\" \/>\n<h2 data-start=\"1408\" data-end=\"1432\">Kontaktinformationen<\/h2>\n<p data-start=\"1433\" data-end=\"1505\">Sollten Sie Fragen zu dieser R\u00fcckerstattungsrichtlinie haben, kontaktieren Sie uns bitte:<\/p>\n<p data-start=\"1507\" data-end=\"1595\"><a class=\"decorated-link cursor-pointer\" rel=\"noopener\" data-start=\"1512\" data-end=\"1535\">support@lexonstream.com<\/a><br data-start=\"1537\" data-end=\"1540\" \/><a class=\"decorated-link cursor-pointer\" href=\"https:\/\/lexonstream.com\/de\/kontakte\/\" target=\"_new\" rel=\"noopener\" data-start=\"1543\" data-end=\"1593\">www.lexonstream.com<\/a><\/p>\n\n\t\t<\/div>\n\t<\/div>\n<\/div><\/div><\/div><\/div><\/section>\n<\/div>","protected":false},"excerpt":{"rendered":"Thank you for choosing LexonStream. We value your trust and strive to provide a smooth and reliable IPTV experience. Please review our refund policy carefully before making a purchase. Refund and Modification Policy Once your subscription has been activated, refunds or modifications are not possible. LexonStream provides a 24-hour free trial so you can test our service before making a purchase. For this reason, refunds are not offered after a subscription has been activated. LexonStream\u2019s responsibility is limited to activating your subscription for the duration selected at the time of purchase. Upon activation, we will send a confirmation email to your registered email address. Activation Process We aim to activate and deliver your IPTV subscription within 24 hours of receiving your order. To ensure smooth activation, please provide your device [...]","protected":false},"author":1,"featured_media":0,"parent":0,"menu_order":0,"comment_status":"closed","ping_status":"closed","template":"","meta":{"footnotes":""},"class_list":["post-10911","page","type-page","status-publish","hentry"],"yoast_head":"<!-- This site is optimized with the Yoast SEO plugin v26.7 - https:\/\/yoast.com\/wordpress\/plugins\/seo\/ -->\n<title>Refund Policy - LexonStream<\/title>\n<meta name=\"robots\" content=\"noindex, follow\" \/>\n<meta property=\"og:locale\" content=\"de_DE\" \/>\n<meta property=\"og:type\" content=\"article\" \/>\n<meta property=\"og:title\" content=\"Refund Policy - LexonStream\" \/>\n<meta property=\"og:url\" content=\"https:\/\/lexonstream.com\/de\/ruckerstattungsrichtlinie\/\" \/>\n<meta property=\"og:site_name\" content=\"LexonStream\" \/>\n<meta property=\"article:modified_time\" content=\"2025-10-01T10:17:32+00:00\" \/>\n<meta name=\"twitter:card\" content=\"summary_large_image\" \/>\n<meta name=\"twitter:label1\" content=\"Gesch\u00e4tzte Lesezeit\" \/>\n\t<meta name=\"twitter:data1\" content=\"1\u00a0Minute\" \/>\n<script type=\"application\/ld+json\" class=\"yoast-schema-graph\">{\"@context\":\"https:\/\/schema.org\",\"@graph\":[{\"@type\":\"WebPage\",\"@id\":\"https:\/\/lexonstream.com\/refund-policy\/\",\"url\":\"https:\/\/lexonstream.com\/refund-policy\/\",\"name\":\"Refund Policy - LexonStream\",\"isPartOf\":{\"@id\":\"https:\/\/lexonstream.com\/#website\"},\"datePublished\":\"2025-09-10T13:32:18+00:00\",\"dateModified\":\"2025-10-01T10:17:32+00:00\",\"breadcrumb\":{\"@id\":\"https:\/\/lexonstream.com\/refund-policy\/#breadcrumb\"},\"inLanguage\":\"de\",\"potentialAction\":[{\"@type\":\"ReadAction\",\"target\":[\"https:\/\/lexonstream.com\/refund-policy\/\"]}]},{\"@type\":\"BreadcrumbList\",\"@id\":\"https:\/\/lexonstream.com\/refund-policy\/#breadcrumb\",\"itemListElement\":[{\"@type\":\"ListItem\",\"position\":1,\"name\":\"Home\",\"item\":\"https:\/\/lexonstream.com\/\"},{\"@type\":\"ListItem\",\"position\":2,\"name\":\"Refund Policy\"}]},{\"@type\":\"WebSite\",\"@id\":\"https:\/\/lexonstream.com\/#website\",\"url\":\"https:\/\/lexonstream.com\/\",\"name\":\"LexonStream\",\"description\":\"Premium IPTV Subscription Worldwide\",\"publisher\":{\"@id\":\"https:\/\/lexonstream.com\/#organization\"},\"potentialAction\":[{\"@type\":\"SearchAction\",\"target\":{\"@type\":\"EntryPoint\",\"urlTemplate\":\"https:\/\/lexonstream.com\/?s={search_term_string}\"},\"query-input\":{\"@type\":\"PropertyValueSpecification\",\"valueRequired\":true,\"valueName\":\"search_term_string\"}}],\"inLanguage\":\"de\"},{\"@type\":\"Organization\",\"@id\":\"https:\/\/lexonstream.com\/#organization\",\"name\":\"LexonStream\",\"url\":\"https:\/\/lexonstream.com\/\",\"logo\":{\"@type\":\"ImageObject\",\"inLanguage\":\"de\",\"@id\":\"https:\/\/lexonstream.com\/#\/schema\/logo\/image\/\",\"url\":\"https:\/\/lexonstream.com\/wp-content\/uploads\/2025\/09\/LexonStream-Logo-Black-1.png\",\"contentUrl\":\"https:\/\/lexonstream.com\/wp-content\/uploads\/2025\/09\/LexonStream-Logo-Black-1.png\",\"width\":1000,\"height\":390,\"caption\":\"LexonStream\"},\"image\":{\"@id\":\"https:\/\/lexonstream.com\/#\/schema\/logo\/image\/\"}}]}<\/script>\n<!-- \/ Yoast SEO plugin. -->","yoast_head_json":{"title":"R\u00fcckerstattungsrichtlinie - LexonStream","robots":{"index":"noindex","follow":"follow"},"og_locale":"de_DE","og_type":"article","og_title":"Refund Policy - LexonStream","og_url":"https:\/\/lexonstream.com\/de\/ruckerstattungsrichtlinie\/","og_site_name":"LexonStream","article_modified_time":"2025-10-01T10:17:32+00:00","twitter_card":"summary_large_image","twitter_misc":{"Gesch\u00e4tzte Lesezeit":"1\u00a0Minute"},"schema":{"@context":"https:\/\/schema.org","@graph":[{"@type":"WebPage","@id":"https:\/\/lexonstream.com\/refund-policy\/","url":"https:\/\/lexonstream.com\/refund-policy\/","name":"R\u00fcckerstattungsrichtlinie - LexonStream","isPartOf":{"@id":"https:\/\/lexonstream.com\/#website"},"datePublished":"2025-09-10T13:32:18+00:00","dateModified":"2025-10-01T10:17:32+00:00","breadcrumb":{"@id":"https:\/\/lexonstream.com\/refund-policy\/#breadcrumb"},"inLanguage":"de","potentialAction":[{"@type":"ReadAction","target":["https:\/\/lexonstream.com\/refund-policy\/"]}]},{"@type":"BreadcrumbList","@id":"https:\/\/lexonstream.com\/refund-policy\/#breadcrumb","itemListElement":[{"@type":"ListItem","position":1,"name":"Home","item":"https:\/\/lexonstream.com\/"},{"@type":"ListItem","position":2,"name":"Refund Policy"}]},{"@type":"WebSite","@id":"https:\/\/lexonstream.com\/#website","url":"https:\/\/lexonstream.com\/","name":"LexonStream","description":"Premium-IPTV-Abonnement weltweit","publisher":{"@id":"https:\/\/lexonstream.com\/#organization"},"potentialAction":[{"@type":"SearchAction","target":{"@type":"EntryPoint","urlTemplate":"https:\/\/lexonstream.com\/?s={search_term_string}"},"query-input":{"@type":"PropertyValueSpecification","valueRequired":true,"valueName":"search_term_string"}}],"inLanguage":"de"},{"@type":"Organization","@id":"https:\/\/lexonstream.com\/#organization","name":"LexonStream","url":"https:\/\/lexonstream.com\/","logo":{"@type":"ImageObject","inLanguage":"de","@id":"https:\/\/lexonstream.com\/#\/schema\/logo\/image\/","url":"https:\/\/lexonstream.com\/wp-content\/uploads\/2025\/09\/LexonStream-Logo-Black-1.png","contentUrl":"https:\/\/lexonstream.com\/wp-content\/uploads\/2025\/09\/LexonStream-Logo-Black-1.png","width":1000,"height":390,"caption":"LexonStream"},"image":{"@id":"https:\/\/lexonstream.com\/#\/schema\/logo\/image\/"}}]}},"_links":{"self":[{"href":"https:\/\/lexonstream.com\/de\/wp-json\/wp\/v2\/pages\/10911","targetHints":{"allow":["GET"]}}],"collection":[{"href":"https:\/\/lexonstream.com\/de\/wp-json\/wp\/v2\/pages"}],"about":[{"href":"https:\/\/lexonstream.com\/de\/wp-json\/wp\/v2\/types\/page"}],"author":[{"embeddable":true,"href":"https:\/\/lexonstream.com\/de\/wp-json\/wp\/v2\/users\/1"}],"replies":[{"embeddable":true,"href":"https:\/\/lexonstream.com\/de\/wp-json\/wp\/v2\/comments?post=10911"}],"version-history":[{"count":1,"href":"https:\/\/lexonstream.com\/de\/wp-json\/wp\/v2\/pages\/10911\/revisions"}],"predecessor-version":[{"id":11403,"href":"https:\/\/lexonstream.com\/de\/wp-json\/wp\/v2\/pages\/10911\/revisions\/11403"}],"wp:attachment":[{"href":"https:\/\/lexonstream.com\/de\/wp-json\/wp\/v2\/media?parent=10911"}],"curies":[{"name":"wp","href":"https:\/\/api.w.org\/{rel}","templated":true}]}}