{"id":10890,"date":"2025-09-10T13:46:56","date_gmt":"2025-09-10T12:46:56","guid":{"rendered":"https:\/\/lexonstream.com\/?page_id=10890"},"modified":"2025-10-01T11:09:41","modified_gmt":"2025-10-01T10:09:41","slug":"dmca-richtlinie","status":"publish","type":"page","link":"https:\/\/lexonstream.com\/de\/dmca-richtlinie\/","title":{"rendered":"DMCA-Richtlinie"},"content":{"rendered":"<div class=\"wpb-content-wrapper\"><section class=\"vc_section\"><div class=\"vc_row wpb_row vc_row-fluid\"><div class=\"wpb_column vc_column_container vc_col-sm-12\"><div class=\"vc_column-inner\"><div class=\"wpb_wrapper\">\n\t<div class=\"wpb_text_column wpb_content_element\" >\n\t\t<div class=\"wpb_wrapper\">\n\t\t\t<p data-start=\"152\" data-end=\"411\">LexonStream ist eine Technologieplattform, die Nutzern Zugriff auf IPTV-Dienste unabh\u00e4ngiger Drittanbieter erm\u00f6glicht. Wir hosten, speichern oder \u00fcbertragen keine Inhalte auf unseren Servern. Alle Medien bleiben Eigentum ihrer jeweiligen Rechteinhaber.<\/p>\n<p data-start=\"413\" data-end=\"653\">LexonStream respektiert geistige Eigentumsrechte und verpflichtet sich zur Einhaltung des Digital Millennium Copyright Act (DMCA). Diese Richtlinie erl\u00e4utert unsere Vorgehensweise bei der Meldung und Bearbeitung von Urheberrechtsverletzungen.<\/p>\n<p data-start=\"655\" data-end=\"958\">LexonStream hat keine Kontrolle \u00fcber die Inhalte, die Verf\u00fcgbarkeit, die Datenschutzrichtlinien oder die Praktiken von Drittanbietern und \u00fcbernimmt daf\u00fcr keine Verantwortung. Urheberrechtliche Fragen zu Inhalten, die \u00fcber externe Quellen bezogen werden, sind an die jeweiligen Rechteinhaber oder Dienstanbieter zu richten.<\/p>\n<hr data-start=\"784\" data-end=\"787\" \/>\n<h2 data-start=\"789\" data-end=\"826\">Digital Millennium Copyright Act<\/h2>\n<p data-start=\"828\" data-end=\"1056\">Der <strong data-start=\"832\" data-end=\"840\">DMCA<\/strong>, Das 1998 erlassene Gesetz befasst sich mit den Herausforderungen des Urheberrechts im digitalen Zeitalter, insbesondere in Online-Umgebungen. Es enth\u00e4lt wichtige Bestimmungen, um die Rechte von Urhebern, Technologieunternehmen und Verbrauchern in Einklang zu bringen.<\/p>\n<p data-start=\"1058\" data-end=\"1093\">Zu den wichtigsten Elementen des DMCA geh\u00f6ren:<\/p>\n<ul data-start=\"1094\" data-end=\"1545\">\n<li data-start=\"1094\" data-end=\"1258\">\n<p data-start=\"1096\" data-end=\"1258\"><strong data-start=\"1096\" data-end=\"1122\">Safe-Harbor-Bestimmungen<\/strong> \u2013 Dienstanbieter k\u00f6nnen von der Haftung f\u00fcr nutzergenerierte Inhalte befreit sein, sofern sie ein Melde- und Entfernungsverfahren einrichten.<\/p>\n<\/li>\n<li data-start=\"1259\" data-end=\"1393\">\n<p data-start=\"1261\" data-end=\"1393\"><strong data-start=\"1261\" data-end=\"1285\">Schutzbestimmungen zur fairen Nutzung<\/strong> \u2013 Gew\u00e4hrleistet die rechtm\u00e4\u00dfige Nutzung urheberrechtlich gesch\u00fctzten Materials f\u00fcr Bildungs-, Kommentierungs-, Kritik- und Nachrichtenzwecke.<\/p>\n<\/li>\n<li data-start=\"1394\" data-end=\"1545\">\n<p data-start=\"1396\" data-end=\"1545\"><strong data-start=\"1396\" data-end=\"1419\">Benachrichtigung und Entfernung<\/strong> \u2013 Urheberrechtsinhaber k\u00f6nnen L\u00f6schungsantr\u00e4ge stellen, um nicht autorisierte Inhalte schnell und ohne langwierige Gerichtsverfahren entfernen zu lassen.<\/p>\n<\/li>\n<\/ul>\n<p data-start=\"1547\" data-end=\"1653\">Der DMCA beeinflusst auch globale Urheberrechtsstandards und hilft Urhebern, ihre Werke \u00fcber Grenzen hinweg zu sch\u00fctzen.<\/p>\n<hr data-start=\"1655\" data-end=\"1658\" \/>\n<h2 data-start=\"1660\" data-end=\"1695\">LexonStream-Service-Haftungsausschluss<\/h2>\n<ol data-start=\"1697\" data-end=\"2377\">\n<li data-start=\"1697\" data-end=\"1847\">\n<p data-start=\"1700\" data-end=\"1847\"><strong data-start=\"1700\" data-end=\"1727\">Nur autorisierte Inhalte<\/strong> LexonStream vermarktet autorisierte IPTV-Dienste. Wir agieren als Distributor und erheben keinen Anspruch auf die Eigentumsrechte an den Inhalten.<\/p>\n<\/li>\n<li data-start=\"1848\" data-end=\"2004\">\n<p data-start=\"1851\" data-end=\"2004\"><strong data-start=\"1851\" data-end=\"1872\">Kein direktes Hosting<\/strong> LexonStream hostet, speichert oder sendet keine Medienstreams oder Dateien. Alle Inhalte bleiben Eigentum ihrer jeweiligen Inhaber.<\/p>\n<\/li>\n<li data-start=\"2005\" data-end=\"2180\">\n<p data-start=\"2008\" data-end=\"2180\"><strong data-start=\"2008\" data-end=\"2028\">Externe Quellen<\/strong> \u2013 \u00dcber LexonStream abgerufene Inhalte k\u00f6nnen von externen Anbietern stammen. Jegliche Urheberrechtsfragen sollten direkt mit diesen Anbietern gekl\u00e4rt werden.<\/p>\n<\/li>\n<li data-start=\"2181\" data-end=\"2377\">\n<p data-start=\"2184\" data-end=\"2377\"><strong data-start=\"2184\" data-end=\"2230\">Keine Verbindung zu Markenrechten Dritter<\/strong> \u2013 Logos, Dienstleistungsmarken oder Markennamen, die in den Inhalten erscheinen, geh\u00f6ren ihren jeweiligen Eigent\u00fcmern. LexonStream erhebt keinen Anspruch auf Zugeh\u00f6rigkeit.<\/p>\n<\/li>\n<\/ol>\n<hr data-start=\"2379\" data-end=\"2382\" \/>\n<h2 data-start=\"2384\" data-end=\"2406\">Eigentumsrechte an Inhalten<\/h2>\n<p data-start=\"2408\" data-end=\"2602\"><strong data-start=\"2408\" data-end=\"2440\">2.1 Urheberrechtshinweis<\/strong><br data-start=\"2440\" data-end=\"2443\" \/>Alle \u00fcber LexonStream zug\u00e4nglichen Materialien sind Eigentum ihrer jeweiligen Urheberrechtsinhaber. LexonStream erhebt keinen Anspruch auf Eigentumsrechte an Inhalten Dritter.<\/p>\n<hr data-start=\"2604\" data-end=\"2607\" \/>\n<h2 data-start=\"2609\" data-end=\"2649\">Verantwortung f\u00fcr externe Inhalte<\/h2>\n<p data-start=\"2651\" data-end=\"2850\"><strong data-start=\"2651\" data-end=\"2688\">3.1 Inhalte aus externen Quellen<\/strong><br data-start=\"2688\" data-end=\"2691\" \/>LexonStream \u00fcbernimmt keine Verantwortung f\u00fcr Inhalte externer Websites oder Dienste. Anspr\u00fcche wegen Urheberrechtsverletzungen sind an den jeweiligen Anbieter zu richten.<\/p>\n<p data-start=\"2852\" data-end=\"3033\"><strong data-start=\"2852\" data-end=\"2880\">3.2 Begrenzte Intervention<\/strong><br data-start=\"2880\" data-end=\"2883\" \/>LexonStream kontrolliert oder entfernt keine extern gehosteten Inhalte. Externe Inhaltsanbieter bleiben unabh\u00e4ngig und sind f\u00fcr ihre Inhalte verantwortlich.<\/p>\n<hr data-start=\"3035\" data-end=\"3038\" \/>\n<h2 data-start=\"3040\" data-end=\"3067\">Keine Direkt\u00fcbertragung<\/h2>\n<p data-start=\"3069\" data-end=\"3231\"><strong data-start=\"3069\" data-end=\"3097\">5.1 Beschaffung durch Dritte<\/strong><br data-start=\"3097\" data-end=\"3100\" \/>LexonStream sendet oder leitet keine Kan\u00e4le direkt von seinen Servern weiter. Die Inhalte werden von Drittanbietern bereitgestellt.<\/p>\n<hr data-start=\"3233\" data-end=\"3236\" \/>\n<h2 data-start=\"3238\" data-end=\"3281\">Benachrichtigung \u00fcber Urheberrechtsverletzung<\/h2>\n<p data-start=\"3283\" data-end=\"3427\">Wenn Sie der Ansicht sind, dass Ihr urheberrechtlich gesch\u00fctztes Werk in einer Weise verwendet wurde, die eine Urheberrechtsverletzung darstellt, reichen Sie bitte eine Beschwerde ein. <strong data-start=\"3390\" data-end=\"3414\">DMCA-L\u00f6schungsmitteilung<\/strong> einschlie\u00dflich:<\/p>\n<ol data-start=\"3429\" data-end=\"3908\">\n<li data-start=\"3429\" data-end=\"3497\">\n<p data-start=\"3432\" data-end=\"3497\">Identifizierung des urheberrechtlich gesch\u00fctzten Werks, dessen Verletzung behauptet wird.<\/p>\n<\/li>\n<li data-start=\"3498\" data-end=\"3566\">\n<p data-start=\"3501\" data-end=\"3566\">Identifizierung des Materials und dessen Standort auf unserer Website.<\/p>\n<\/li>\n<li data-start=\"3567\" data-end=\"3687\">\n<p data-start=\"3570\" data-end=\"3687\">Eine Erkl\u00e4rung, in der die \u00dcberzeugung zum Ausdruck gebracht wird, dass die beanstandete Nutzung weder vom Urheberrechtsinhaber noch von dessen Vertreter oder dem Gesetz genehmigt ist.<\/p>\n<\/li>\n<li data-start=\"3688\" data-end=\"3796\">\n<p data-start=\"3691\" data-end=\"3796\">Eine eidesstattliche Erkl\u00e4rung, dass Sie befugt sind, im Namen des Urheberrechtsinhabers zu handeln.<\/p>\n<\/li>\n<li data-start=\"3797\" data-end=\"3864\">\n<p data-start=\"3800\" data-end=\"3864\">Ihre Kontaktdaten (Name, Adresse, Telefonnummer, E-Mail-Adresse).<\/p>\n<\/li>\n<li data-start=\"3865\" data-end=\"3908\">\n<p data-start=\"3868\" data-end=\"3908\">Ihre physische oder elektronische Unterschrift.<\/p>\n<\/li>\n<\/ol>\n<p data-start=\"3910\" data-end=\"3977\">Alle Mitteilungen sollten an unsere <strong data-start=\"3944\" data-end=\"3974\">Benannter Urheberrechtsbeauftragter<\/strong>:<\/p>\n<p data-start=\"3979\" data-end=\"4011\"><strong data-start=\"3982\" data-end=\"4009\"><a class=\"decorated-link cursor-pointer\" rel=\"noopener\" data-start=\"3984\" data-end=\"4007\">support@lexonstream.com<\/a><\/strong><\/p>\n<hr data-start=\"4013\" data-end=\"4016\" \/>\n<h2 data-start=\"4018\" data-end=\"4043\">Gegenmeldung<\/h2>\n<p data-start=\"4045\" data-end=\"4174\">Wenn Sie der Meinung sind, dass Ihr Material irrt\u00fcmlich entfernt wurde, k\u00f6nnen Sie eine Beschwerde einreichen. <strong data-start=\"4111\" data-end=\"4135\">Gegenmeldung<\/strong> mit unserem Urheberrechtsbeauftragten, einschlie\u00dflich:<\/p>\n<ul data-start=\"4176\" data-end=\"4505\">\n<li data-start=\"4176\" data-end=\"4228\">\n<p data-start=\"4178\" data-end=\"4228\">Identifizierung des entfernten Materials.<\/p>\n<\/li>\n<li data-start=\"4229\" data-end=\"4282\">\n<p data-start=\"4231\" data-end=\"4282\">Ihr vollst\u00e4ndiger Name, Ihre Adresse, Ihre Telefonnummer und Ihre E-Mail-Adresse.<\/p>\n<\/li>\n<li data-start=\"4283\" data-end=\"4377\">\n<p data-start=\"4285\" data-end=\"4377\">Eine Erkl\u00e4rung, mit der die Zust\u00e4ndigkeit des zust\u00e4ndigen US-Bundesbezirksgerichts anerkannt wird.<\/p>\n<\/li>\n<li data-start=\"4378\" data-end=\"4462\">\n<p data-start=\"4380\" data-end=\"4462\">Eine eidesstattliche Erkl\u00e4rung, dass das Material irrt\u00fcmlich entfernt wurde.<\/p>\n<\/li>\n<li data-start=\"4463\" data-end=\"4505\">\n<p data-start=\"4465\" data-end=\"4505\">Ihre physische oder elektronische Unterschrift.<\/p>\n<\/li>\n<\/ul>\n<p data-start=\"4507\" data-end=\"4665\">Wir leiten Ihre Gegendarstellung an den urspr\u00fcnglichen Anspruchsteller weiter. Sofern dieser nicht innerhalb von 10 Werktagen Klage erhebt, kann das Material wiederhergestellt werden.<\/p>\n<hr data-start=\"4667\" data-end=\"4670\" \/>\n<h2 data-start=\"4672\" data-end=\"4700\">K\u00fcndigung von Konten<\/h2>\n<p data-start=\"4702\" data-end=\"4845\">LexonStream beh\u00e4lt sich das Recht vor, Benutzerkonten zu sperren oder zu k\u00fcndigen, die wiederholt gegen Urheberrechte oder andere geistige Eigentumsrechte versto\u00dfen.<\/p>\n<hr data-start=\"4847\" data-end=\"4850\" \/>\n<h2 data-start=\"4852\" data-end=\"4876\">Haftungsausschluss<\/h2>\n<p data-start=\"4878\" data-end=\"5092\">LexonStream, seine F\u00fchrungskr\u00e4fte, Mitarbeiter und verbundenen Unternehmen \u00fcbernehmen keine Haftung f\u00fcr Sch\u00e4den, Verluste oder Anspr\u00fcche, die aus der Nutzung unserer Plattform oder von Inhalten Dritter entstehen. Die Nutzung unserer Dienste erfolgt auf eigenes Risiko.<\/p>\n<hr data-start=\"5094\" data-end=\"5097\" \/>\n<h2 data-start=\"5099\" data-end=\"5117\">Anwendbares Recht<\/h2>\n<p data-start=\"5119\" data-end=\"5208\">Diese DMCA-Richtlinie unterliegt den geltenden Gesetzen und ist entsprechend auszulegen.<\/p>\n<hr data-start=\"5210\" data-end=\"5213\" \/>\n<h2 data-start=\"5215\" data-end=\"5230\">Kontaktieren Sie uns<\/h2>\n<p data-start=\"5232\" data-end=\"5294\">Bei Fragen oder Bedenken bez\u00fcglich dieser Richtlinie wenden Sie sich bitte an:<\/p>\n<p data-start=\"5296\" data-end=\"5384\"><a class=\"decorated-link cursor-pointer\" href=\"mailto:support@lexonstream.com\" rel=\"noopener\" data-start=\"5301\" data-end=\"5324\"> support@lexonstream.com<\/a><br data-start=\"5326\" data-end=\"5329\" \/><a class=\"decorated-link cursor-pointer\" href=\"https:\/\/lexonstream.com\/de\/kontakte\/\" target=\"_new\" rel=\"noopener\" data-start=\"5332\" data-end=\"5382\"> www.lexonstream.com<\/a><\/p>\n\n\t\t<\/div>\n\t<\/div>\n<\/div><\/div><\/div><\/div><\/section>\n<\/div>","protected":false},"excerpt":{"rendered":"LexonStream is a technology platform that provides users with access to IPTV services offered by independent third-party providers. We do not host, store, or transmit any content on our servers. All media remains the property of its rightful rights holders. LexonStream respects intellectual property rights and is committed to complying with the Digital Millennium Copyright Act (DMCA). This policy explains the procedures we follow for reporting and responding to copyright infringement claims. LexonStream has no control over, and assumes no responsibility for, the content, availability, privacy policies, or practices of any third-party providers. Any copyright issues regarding content delivered through external sources should be directed to the original rights holders or service providers. Digital Millennium Copyright Act The DMCA, enacted in 1998, addresses copyright challenges in the digital era, particularly [...]","protected":false},"author":1,"featured_media":0,"parent":0,"menu_order":0,"comment_status":"closed","ping_status":"closed","template":"","meta":{"footnotes":""},"class_list":["post-10890","page","type-page","status-publish","hentry"],"yoast_head":"<!-- This site is optimized with the Yoast SEO plugin v27.4 - https:\/\/yoast.com\/product\/yoast-seo-wordpress\/ -->\n<title>DMCA Policy - LexonStream<\/title>\n<meta name=\"robots\" content=\"noindex, follow\" \/>\n<meta property=\"og:locale\" content=\"de_DE\" \/>\n<meta property=\"og:type\" content=\"article\" \/>\n<meta property=\"og:title\" content=\"DMCA Policy - LexonStream\" \/>\n<meta property=\"og:url\" content=\"https:\/\/lexonstream.com\/de\/dmca-richtlinie\/\" \/>\n<meta property=\"og:site_name\" content=\"LexonStream\" \/>\n<meta property=\"article:modified_time\" content=\"2025-10-01T10:09:41+00:00\" \/>\n<meta name=\"twitter:card\" content=\"summary_large_image\" \/>\n<meta name=\"twitter:label1\" content=\"Gesch\u00e4tzte Lesezeit\" \/>\n\t<meta name=\"twitter:data1\" content=\"4\u00a0Minuten\" \/>\n<script type=\"application\/ld+json\" class=\"yoast-schema-graph\">{\"@context\":\"https:\\\/\\\/schema.org\",\"@graph\":[{\"@type\":\"WebPage\",\"@id\":\"https:\\\/\\\/lexonstream.com\\\/dmca-policy\\\/\",\"url\":\"https:\\\/\\\/lexonstream.com\\\/dmca-policy\\\/\",\"name\":\"DMCA Policy - LexonStream\",\"isPartOf\":{\"@id\":\"https:\\\/\\\/lexonstream.com\\\/#website\"},\"datePublished\":\"2025-09-10T12:46:56+00:00\",\"dateModified\":\"2025-10-01T10:09:41+00:00\",\"breadcrumb\":{\"@id\":\"https:\\\/\\\/lexonstream.com\\\/dmca-policy\\\/#breadcrumb\"},\"inLanguage\":\"de\",\"potentialAction\":[{\"@type\":\"ReadAction\",\"target\":[\"https:\\\/\\\/lexonstream.com\\\/dmca-policy\\\/\"]}]},{\"@type\":\"BreadcrumbList\",\"@id\":\"https:\\\/\\\/lexonstream.com\\\/dmca-policy\\\/#breadcrumb\",\"itemListElement\":[{\"@type\":\"ListItem\",\"position\":1,\"name\":\"Home\",\"item\":\"https:\\\/\\\/lexonstream.com\\\/\"},{\"@type\":\"ListItem\",\"position\":2,\"name\":\"DMCA Policy\"}]},{\"@type\":\"WebSite\",\"@id\":\"https:\\\/\\\/lexonstream.com\\\/#website\",\"url\":\"https:\\\/\\\/lexonstream.com\\\/\",\"name\":\"LexonStream\",\"description\":\"Premium IPTV Subscription Worldwide\",\"publisher\":{\"@id\":\"https:\\\/\\\/lexonstream.com\\\/#organization\"},\"potentialAction\":[{\"@type\":\"SearchAction\",\"target\":{\"@type\":\"EntryPoint\",\"urlTemplate\":\"https:\\\/\\\/lexonstream.com\\\/?s={search_term_string}\"},\"query-input\":{\"@type\":\"PropertyValueSpecification\",\"valueRequired\":true,\"valueName\":\"search_term_string\"}}],\"inLanguage\":\"de\"},{\"@type\":\"Organization\",\"@id\":\"https:\\\/\\\/lexonstream.com\\\/#organization\",\"name\":\"LexonStream\",\"url\":\"https:\\\/\\\/lexonstream.com\\\/\",\"logo\":{\"@type\":\"ImageObject\",\"inLanguage\":\"de\",\"@id\":\"https:\\\/\\\/lexonstream.com\\\/#\\\/schema\\\/logo\\\/image\\\/\",\"url\":\"https:\\\/\\\/lexonstream.com\\\/wp-content\\\/uploads\\\/2025\\\/09\\\/LexonStream-Logo-Black-1.png\",\"contentUrl\":\"https:\\\/\\\/lexonstream.com\\\/wp-content\\\/uploads\\\/2025\\\/09\\\/LexonStream-Logo-Black-1.png\",\"width\":1000,\"height\":390,\"caption\":\"LexonStream\"},\"image\":{\"@id\":\"https:\\\/\\\/lexonstream.com\\\/#\\\/schema\\\/logo\\\/image\\\/\"}}]}<\/script>\n<!-- \/ Yoast SEO plugin. -->","yoast_head_json":{"title":"DMCA-Richtlinie \u2013 LexonStream","robots":{"index":"noindex","follow":"follow"},"og_locale":"de_DE","og_type":"article","og_title":"DMCA Policy - LexonStream","og_url":"https:\/\/lexonstream.com\/de\/dmca-richtlinie\/","og_site_name":"LexonStream","article_modified_time":"2025-10-01T10:09:41+00:00","twitter_card":"summary_large_image","twitter_misc":{"Gesch\u00e4tzte Lesezeit":"4\u00a0Minuten"},"schema":{"@context":"https:\/\/schema.org","@graph":[{"@type":"WebPage","@id":"https:\/\/lexonstream.com\/dmca-policy\/","url":"https:\/\/lexonstream.com\/dmca-policy\/","name":"DMCA-Richtlinie \u2013 LexonStream","isPartOf":{"@id":"https:\/\/lexonstream.com\/#website"},"datePublished":"2025-09-10T12:46:56+00:00","dateModified":"2025-10-01T10:09:41+00:00","breadcrumb":{"@id":"https:\/\/lexonstream.com\/dmca-policy\/#breadcrumb"},"inLanguage":"de","potentialAction":[{"@type":"ReadAction","target":["https:\/\/lexonstream.com\/dmca-policy\/"]}]},{"@type":"BreadcrumbList","@id":"https:\/\/lexonstream.com\/dmca-policy\/#breadcrumb","itemListElement":[{"@type":"ListItem","position":1,"name":"Home","item":"https:\/\/lexonstream.com\/"},{"@type":"ListItem","position":2,"name":"DMCA Policy"}]},{"@type":"WebSite","@id":"https:\/\/lexonstream.com\/#website","url":"https:\/\/lexonstream.com\/","name":"LexonStream","description":"Premium-IPTV-Abonnement weltweit","publisher":{"@id":"https:\/\/lexonstream.com\/#organization"},"potentialAction":[{"@type":"SearchAction","target":{"@type":"EntryPoint","urlTemplate":"https:\/\/lexonstream.com\/?s={search_term_string}"},"query-input":{"@type":"PropertyValueSpecification","valueRequired":true,"valueName":"search_term_string"}}],"inLanguage":"de"},{"@type":"Organization","@id":"https:\/\/lexonstream.com\/#organization","name":"LexonStream","url":"https:\/\/lexonstream.com\/","logo":{"@type":"ImageObject","inLanguage":"de","@id":"https:\/\/lexonstream.com\/#\/schema\/logo\/image\/","url":"https:\/\/lexonstream.com\/wp-content\/uploads\/2025\/09\/LexonStream-Logo-Black-1.png","contentUrl":"https:\/\/lexonstream.com\/wp-content\/uploads\/2025\/09\/LexonStream-Logo-Black-1.png","width":1000,"height":390,"caption":"LexonStream"},"image":{"@id":"https:\/\/lexonstream.com\/#\/schema\/logo\/image\/"}}]}},"_links":{"self":[{"href":"https:\/\/lexonstream.com\/de\/wp-json\/wp\/v2\/pages\/10890","targetHints":{"allow":["GET"]}}],"collection":[{"href":"https:\/\/lexonstream.com\/de\/wp-json\/wp\/v2\/pages"}],"about":[{"href":"https:\/\/lexonstream.com\/de\/wp-json\/wp\/v2\/types\/page"}],"author":[{"embeddable":true,"href":"https:\/\/lexonstream.com\/de\/wp-json\/wp\/v2\/users\/1"}],"replies":[{"embeddable":true,"href":"https:\/\/lexonstream.com\/de\/wp-json\/wp\/v2\/comments?post=10890"}],"version-history":[{"count":1,"href":"https:\/\/lexonstream.com\/de\/wp-json\/wp\/v2\/pages\/10890\/revisions"}],"predecessor-version":[{"id":11373,"href":"https:\/\/lexonstream.com\/de\/wp-json\/wp\/v2\/pages\/10890\/revisions\/11373"}],"wp:attachment":[{"href":"https:\/\/lexonstream.com\/de\/wp-json\/wp\/v2\/media?parent=10890"}],"curies":[{"name":"wp","href":"https:\/\/api.w.org\/{rel}","templated":true}]}}