{"id":10824,"date":"2025-09-09T17:13:29","date_gmt":"2025-09-09T16:13:29","guid":{"rendered":"https:\/\/lexonstream.com\/?page_id=10824"},"modified":"2025-10-01T11:01:51","modified_gmt":"2025-10-01T10:01:51","slug":"uber-uns","status":"publish","type":"page","link":"https:\/\/lexonstream.com\/de\/uber-uns\/","title":{"rendered":"\u00dcber uns"},"content":{"rendered":"<div class=\"wpb-content-wrapper\"><div class=\"vc_row wpb_row vc_row-fluid\"><div class=\"wpb_column vc_column_container vc_col-sm-12\"><div class=\"vc_column-inner\"><div class=\"wpb_wrapper\">\n\t<div class=\"wpb_text_column wpb_content_element\" >\n\t\t<div class=\"wpb_wrapper\">\n\t\t\t<p>Vielen Dank f\u00fcr Ihre Wahl. <strong>LexonStream<\/strong>Wir bieten Premium-IPTV-Dienste weltweit an, mit <strong>sofortige Aktivierung<\/strong> Und <strong>einfache Einrichtung<\/strong> So k\u00f6nnen Sie sofort loslegen. Unser Support-Team sorgt daf\u00fcr, dass Sie stets ein reibungsloses Streaming-Erlebnis genie\u00dfen.<\/p>\n<p>Dank unserer langj\u00e4hrigen Erfahrung im Bereich IPTV haben wir uns zu einem vertrauensw\u00fcrdigen Anbieter f\u00fcr Kunden weltweit entwickelt. Sie k\u00f6nnen LexonStream auf all Ihren Lieblingsger\u00e4ten genie\u00dfen., <strong>Smart-TVs, Laptops, Tablets, Smartphones, Firestick und mehr<\/strong>.<\/p>\n<p>F\u00fcr diejenigen, die expandieren m\u00f6chten, bieten wir au\u00dferdem an <strong>Wiederverk\u00e4uferm\u00f6glichkeiten<\/strong>, So haben Sie die Chance, Ihr eigenes Unternehmen aufzubauen und von zu Hause aus Geld zu verdienen. Dank g\u00fcnstiger Preise f\u00fcr Zuschauer und Wiederverk\u00e4ufer ist jetzt der perfekte Zeitpunkt, um der LexonStream-Community beizutreten.<\/p>\n\n\t\t<\/div>\n\t<\/div>\n<\/div><\/div><\/div><\/div><\/div>","protected":false},"excerpt":{"rendered":"Thank you for choosing LexonStream! We provide premium IPTV services available worldwide, with instant activation and easy setup so you can start watching right away. Our support team is here to ensure you always get the smoothest streaming experience. With extensive experience in IPTV, we\u2019ve grown into a trusted provider for customers around the globe. You can enjoy LexonStream on all your favorite devices, Smart TVs, laptops, tablets, smartphones, Firestick, and more. For those looking to expand, we also offer reseller opportunities, giving you the chance to build your own business and earn from home. With affordable pricing for both viewers and resellers, there\u2019s never been a better time to join the LexonStream community.","protected":false},"author":1,"featured_media":0,"parent":0,"menu_order":0,"comment_status":"closed","ping_status":"closed","template":"","meta":{"footnotes":""},"class_list":["post-10824","page","type-page","status-publish","hentry"],"yoast_head":"<!-- This site is optimized with the Yoast SEO plugin v26.7 - https:\/\/yoast.com\/wordpress\/plugins\/seo\/ -->\n<title>About Us - LexonStream<\/title>\n<meta name=\"robots\" content=\"index, follow, max-snippet:-1, max-image-preview:large, max-video-preview:-1\" \/>\n<link rel=\"canonical\" href=\"https:\/\/lexonstream.com\/de\/uber-uns\/\" \/>\n<meta property=\"og:locale\" content=\"de_DE\" \/>\n<meta property=\"og:type\" content=\"article\" \/>\n<meta property=\"og:title\" content=\"About Us - LexonStream\" \/>\n<meta property=\"og:url\" content=\"https:\/\/lexonstream.com\/de\/uber-uns\/\" \/>\n<meta property=\"og:site_name\" content=\"LexonStream\" \/>\n<meta property=\"article:modified_time\" content=\"2025-10-01T10:01:51+00:00\" \/>\n<meta name=\"twitter:card\" content=\"summary_large_image\" \/>\n<meta name=\"twitter:label1\" content=\"Gesch\u00e4tzte Lesezeit\" \/>\n\t<meta name=\"twitter:data1\" content=\"1\u00a0Minute\" \/>\n<script type=\"application\/ld+json\" class=\"yoast-schema-graph\">{\"@context\":\"https:\/\/schema.org\",\"@graph\":[{\"@type\":[\"WebPage\",\"AboutPage\"],\"@id\":\"https:\/\/lexonstream.com\/about-us\/\",\"url\":\"https:\/\/lexonstream.com\/about-us\/\",\"name\":\"About Us - LexonStream\",\"isPartOf\":{\"@id\":\"https:\/\/lexonstream.com\/#website\"},\"datePublished\":\"2025-09-09T16:13:29+00:00\",\"dateModified\":\"2025-10-01T10:01:51+00:00\",\"breadcrumb\":{\"@id\":\"https:\/\/lexonstream.com\/about-us\/#breadcrumb\"},\"inLanguage\":\"de\",\"potentialAction\":[{\"@type\":\"ReadAction\",\"target\":[\"https:\/\/lexonstream.com\/about-us\/\"]}]},{\"@type\":\"BreadcrumbList\",\"@id\":\"https:\/\/lexonstream.com\/about-us\/#breadcrumb\",\"itemListElement\":[{\"@type\":\"ListItem\",\"position\":1,\"name\":\"Home\",\"item\":\"https:\/\/lexonstream.com\/\"},{\"@type\":\"ListItem\",\"position\":2,\"name\":\"About Us\"}]},{\"@type\":\"WebSite\",\"@id\":\"https:\/\/lexonstream.com\/#website\",\"url\":\"https:\/\/lexonstream.com\/\",\"name\":\"LexonStream\",\"description\":\"Premium IPTV Subscription Worldwide\",\"publisher\":{\"@id\":\"https:\/\/lexonstream.com\/#organization\"},\"potentialAction\":[{\"@type\":\"SearchAction\",\"target\":{\"@type\":\"EntryPoint\",\"urlTemplate\":\"https:\/\/lexonstream.com\/?s={search_term_string}\"},\"query-input\":{\"@type\":\"PropertyValueSpecification\",\"valueRequired\":true,\"valueName\":\"search_term_string\"}}],\"inLanguage\":\"de\"},{\"@type\":\"Organization\",\"@id\":\"https:\/\/lexonstream.com\/#organization\",\"name\":\"LexonStream\",\"url\":\"https:\/\/lexonstream.com\/\",\"logo\":{\"@type\":\"ImageObject\",\"inLanguage\":\"de\",\"@id\":\"https:\/\/lexonstream.com\/#\/schema\/logo\/image\/\",\"url\":\"https:\/\/lexonstream.com\/wp-content\/uploads\/2025\/09\/LexonStream-Logo-Black-1.png\",\"contentUrl\":\"https:\/\/lexonstream.com\/wp-content\/uploads\/2025\/09\/LexonStream-Logo-Black-1.png\",\"width\":1000,\"height\":390,\"caption\":\"LexonStream\"},\"image\":{\"@id\":\"https:\/\/lexonstream.com\/#\/schema\/logo\/image\/\"}}]}<\/script>\n<!-- \/ Yoast SEO plugin. -->","yoast_head_json":{"title":"\u00dcber uns \u2013 LexonStream","robots":{"index":"index","follow":"follow","max-snippet":"max-snippet:-1","max-image-preview":"max-image-preview:large","max-video-preview":"max-video-preview:-1"},"canonical":"https:\/\/lexonstream.com\/de\/uber-uns\/","og_locale":"de_DE","og_type":"article","og_title":"About Us - LexonStream","og_url":"https:\/\/lexonstream.com\/de\/uber-uns\/","og_site_name":"LexonStream","article_modified_time":"2025-10-01T10:01:51+00:00","twitter_card":"summary_large_image","twitter_misc":{"Gesch\u00e4tzte Lesezeit":"1\u00a0Minute"},"schema":{"@context":"https:\/\/schema.org","@graph":[{"@type":["WebPage","AboutPage"],"@id":"https:\/\/lexonstream.com\/about-us\/","url":"https:\/\/lexonstream.com\/about-us\/","name":"\u00dcber uns \u2013 LexonStream","isPartOf":{"@id":"https:\/\/lexonstream.com\/#website"},"datePublished":"2025-09-09T16:13:29+00:00","dateModified":"2025-10-01T10:01:51+00:00","breadcrumb":{"@id":"https:\/\/lexonstream.com\/about-us\/#breadcrumb"},"inLanguage":"de","potentialAction":[{"@type":"ReadAction","target":["https:\/\/lexonstream.com\/about-us\/"]}]},{"@type":"BreadcrumbList","@id":"https:\/\/lexonstream.com\/about-us\/#breadcrumb","itemListElement":[{"@type":"ListItem","position":1,"name":"Home","item":"https:\/\/lexonstream.com\/"},{"@type":"ListItem","position":2,"name":"About Us"}]},{"@type":"WebSite","@id":"https:\/\/lexonstream.com\/#website","url":"https:\/\/lexonstream.com\/","name":"LexonStream","description":"Premium-IPTV-Abonnement weltweit","publisher":{"@id":"https:\/\/lexonstream.com\/#organization"},"potentialAction":[{"@type":"SearchAction","target":{"@type":"EntryPoint","urlTemplate":"https:\/\/lexonstream.com\/?s={search_term_string}"},"query-input":{"@type":"PropertyValueSpecification","valueRequired":true,"valueName":"search_term_string"}}],"inLanguage":"de"},{"@type":"Organization","@id":"https:\/\/lexonstream.com\/#organization","name":"LexonStream","url":"https:\/\/lexonstream.com\/","logo":{"@type":"ImageObject","inLanguage":"de","@id":"https:\/\/lexonstream.com\/#\/schema\/logo\/image\/","url":"https:\/\/lexonstream.com\/wp-content\/uploads\/2025\/09\/LexonStream-Logo-Black-1.png","contentUrl":"https:\/\/lexonstream.com\/wp-content\/uploads\/2025\/09\/LexonStream-Logo-Black-1.png","width":1000,"height":390,"caption":"LexonStream"},"image":{"@id":"https:\/\/lexonstream.com\/#\/schema\/logo\/image\/"}}]}},"_links":{"self":[{"href":"https:\/\/lexonstream.com\/de\/wp-json\/wp\/v2\/pages\/10824","targetHints":{"allow":["GET"]}}],"collection":[{"href":"https:\/\/lexonstream.com\/de\/wp-json\/wp\/v2\/pages"}],"about":[{"href":"https:\/\/lexonstream.com\/de\/wp-json\/wp\/v2\/types\/page"}],"author":[{"embeddable":true,"href":"https:\/\/lexonstream.com\/de\/wp-json\/wp\/v2\/users\/1"}],"replies":[{"embeddable":true,"href":"https:\/\/lexonstream.com\/de\/wp-json\/wp\/v2\/comments?post=10824"}],"version-history":[{"count":1,"href":"https:\/\/lexonstream.com\/de\/wp-json\/wp\/v2\/pages\/10824\/revisions"}],"predecessor-version":[{"id":11359,"href":"https:\/\/lexonstream.com\/de\/wp-json\/wp\/v2\/pages\/10824\/revisions\/11359"}],"wp:attachment":[{"href":"https:\/\/lexonstream.com\/de\/wp-json\/wp\/v2\/media?parent=10824"}],"curies":[{"name":"wp","href":"https:\/\/api.w.org\/{rel}","templated":true}]}}